{"id":31055,"date":"2026-04-02T20:09:59","date_gmt":"2026-04-02T17:09:59","guid":{"rendered":"http:\/\/new.ceasuri.md\/shop\/uncategorized\/cover-perla-lady-co169-01\/"},"modified":"2026-04-17T13:19:34","modified_gmt":"2026-04-17T10:19:34","slug":"cover-perla-lady-co169-01","status":"publish","type":"product","link":"https:\/\/ceasuri.md\/ru\/shop\/branduri\/cover\/cover-perla-lady-co169-01\/","title":{"rendered":"Ceas COVER PERLA LADY CO169.01"},"content":{"rendered":"<p>Designul neobi\u0219nuit, v\u0103 va cuceri cu senzualitatea sa, iar str\u0103lucirea hipnotizant\u0103 \u00een razele soarelui de prim\u0103var\u0103 &#8211; v\u0103 va face s\u0103 v\u0103 \u00eenv\u00e2rti\u021bi capul.<\/p>\n<p>Ceasurile Cover \u00eendeplinesc toate standardele de calitate elve\u021biene. Este at\u00e2t hidrofug, c\u00e2t \u0219i rezistent la \u0219ocuri.<\/p>\n<p>Ceasurile Cover sunt atractive, elegante \u0219i originale.<\/p>\n<p>Aceste ceasuri v\u0103 vor permite s\u0103 economisi\u021bi ceva bani, oferindu-v\u0103 \u00een acela\u0219i timp performan\u021bele excelente ale unui ceas elve\u021bian autentic.<\/p>","protected":false},"excerpt":{"rendered":"<p>Designul neobi\u0219nuit, v\u0103 va cuceri cu senzualitatea sa, iar str\u0103lucirea hipnotizant\u0103 \u00een razele soarelui de prim\u0103var\u0103 &#8211; v\u0103 va face s\u0103 v\u0103 \u00eenv\u00e2rti\u021bi capul. Ceasurile Cover \u00eendeplinesc toate standardele de calitate elve\u021biene. Este at\u00e2t hidrofug, c\u00e2t \u0219i rezistent la \u0219ocuri. Ceasurile Cover sunt atractive, elegante \u0219i originale. Aceste ceasuri v\u0103 vor permite s\u0103 economisi\u021bi ceva [&hellip;]<\/p>\n","protected":false},"featured_media":31056,"comment_status":"closed","ping_status":"open","template":"","meta":{"_acf_changed":false},"product_brand":[],"product_cat":[25,204],"product_tag":[595,691,692],"class_list":{"0":"post-31055","1":"product","2":"type-product","3":"status-publish","4":"has-post-thumbnail","6":"product_cat-ceasuri-dama","7":"product_cat-cover","8":"product_tag-cronograf","9":"product_tag-691","10":"product_tag-692","11":"pa_brand-cover","12":"pa_braslet-otel-inoxidabil","13":"pa_corpus-40-mm","14":"pa_decor-cristale-swarowski","15":"pa_forma-rotund","16":"pa_garatia-24-luni","17":"pa_korpus-argintiu","18":"pa_kvarc-quartz","19":"pa_material-otel-inoxidabil","20":"pa_mehanizm-quartz","21":"pa_remeshok-argintiu","22":"pa_steklo-cristal-safir","23":"pa_strana-elvetia","24":"pa_voda-5-atm","26":"first","27":"instock","28":"purchasable","29":"product-type-simple"},"acf":[],"_links":{"self":[{"href":"https:\/\/ceasuri.md\/ru\/wp-json\/wp\/v2\/product\/31055","targetHints":{"allow":["GET"]}}],"collection":[{"href":"https:\/\/ceasuri.md\/ru\/wp-json\/wp\/v2\/product"}],"about":[{"href":"https:\/\/ceasuri.md\/ru\/wp-json\/wp\/v2\/types\/product"}],"replies":[{"embeddable":true,"href":"https:\/\/ceasuri.md\/ru\/wp-json\/wp\/v2\/comments?post=31055"}],"wp:featuredmedia":[{"embeddable":true,"href":"https:\/\/ceasuri.md\/ru\/wp-json\/wp\/v2\/media\/31056"}],"wp:attachment":[{"href":"https:\/\/ceasuri.md\/ru\/wp-json\/wp\/v2\/media?parent=31055"}],"wp:term":[{"taxonomy":"product_brand","embeddable":true,"href":"https:\/\/ceasuri.md\/ru\/wp-json\/wp\/v2\/product_brand?post=31055"},{"taxonomy":"product_cat","embeddable":true,"href":"https:\/\/ceasuri.md\/ru\/wp-json\/wp\/v2\/product_cat?post=31055"},{"taxonomy":"product_tag","embeddable":true,"href":"https:\/\/ceasuri.md\/ru\/wp-json\/wp\/v2\/product_tag?post=31055"}],"curies":[{"name":"wp","href":"https:\/\/api.w.org\/{rel}","templated":true}]}}