{"id":31027,"date":"2021-11-30T22:00:00","date_gmt":"2021-11-30T20:00:00","guid":{"rendered":"http:\/\/new.ceasuri.md\/shop\/uncategorized\/cover-lumina-lady-co166-st2lor-sw\/"},"modified":"2026-05-01T14:31:56","modified_gmt":"2026-05-01T11:31:56","slug":"cover-lumina-lady-co166-st2lor-sw","status":"publish","type":"product","link":"https:\/\/ceasuri.md\/ru\/shop\/branduri\/cover\/cover-lumina-lady-co166-st2lor-sw\/","title":{"rendered":"\u0427\u0430\u0441\u044b COVER LUMINA LADY CO166.ST2LOR\/SW"},"content":{"rendered":"<p>Aceste incluziuni colorate \u0219i lucioase de pe carcas\u0103 sunt ca o \u00eempr\u0103\u0219tiere de confetti \u0219i vor da purt\u0103torului un aspect excep\u021bional de str\u0103lucitor \u0219i atractiv.<\/p>\n<p>Ceasurile Cover \u00eendeplinesc toate standardele de calitate elve\u021bian\u0103.<\/p>\n<p>La exterior, ceasurile Cover sunt foarte atractive, elegante \u0219i originale.<\/p>\n<p>Aceste ceasuri v\u0103 vor permite s\u0103 economisi\u021bi ceva bani, oferindu-v\u0103 \u00een acela\u0219i timp performan\u021bele excelente ale unui ceas elve\u021bian autentic.<\/p>","protected":false},"excerpt":{"rendered":"<p>Aceste incluziuni colorate \u0219i lucioase de pe carcas\u0103 sunt ca o \u00eempr\u0103\u0219tiere de confetti \u0219i vor da purt\u0103torului un aspect excep\u021bional de str\u0103lucitor \u0219i atractiv. Ceasurile Cover \u00eendeplinesc toate standardele de calitate elve\u021bian\u0103. La exterior, ceasurile Cover sunt foarte atractive, elegante \u0219i originale. Aceste ceasuri v\u0103 vor permite s\u0103 economisi\u021bi ceva bani, oferindu-v\u0103 \u00een acela\u0219i [&hellip;]<\/p>\n","protected":false},"featured_media":31028,"comment_status":"closed","ping_status":"open","template":"","meta":{"_acf_changed":false},"product_brand":[],"product_cat":[25,204],"product_tag":[595,691,692],"class_list":{"0":"post-31027","1":"product","2":"type-product","3":"status-publish","4":"has-post-thumbnail","6":"product_cat-ceasuri-dama","7":"product_cat-cover","8":"product_tag-cronograf","9":"product_tag-691","10":"product_tag-692","11":"pa_brand-cover","12":"pa_braslet-piele","13":"pa_corpus-36-mm","14":"pa_decor-cristale-swarowski","15":"pa_forma-patrat","16":"pa_garatia-24-luni","17":"pa_korpus-argintiu","18":"pa_kvarc-quartz","19":"pa_material-otel-inoxidabil","20":"pa_mehanizm-quartz","21":"pa_remeshok-maro","22":"pa_steklo-cristal-mineral","23":"pa_strana-elvetia","24":"pa_voda-3-atm","26":"first","27":"instock","28":"purchasable","29":"product-type-simple"},"acf":[],"_links":{"self":[{"href":"https:\/\/ceasuri.md\/ru\/wp-json\/wp\/v2\/product\/31027","targetHints":{"allow":["GET"]}}],"collection":[{"href":"https:\/\/ceasuri.md\/ru\/wp-json\/wp\/v2\/product"}],"about":[{"href":"https:\/\/ceasuri.md\/ru\/wp-json\/wp\/v2\/types\/product"}],"replies":[{"embeddable":true,"href":"https:\/\/ceasuri.md\/ru\/wp-json\/wp\/v2\/comments?post=31027"}],"wp:featuredmedia":[{"embeddable":true,"href":"https:\/\/ceasuri.md\/ru\/wp-json\/wp\/v2\/media\/31028"}],"wp:attachment":[{"href":"https:\/\/ceasuri.md\/ru\/wp-json\/wp\/v2\/media?parent=31027"}],"wp:term":[{"taxonomy":"product_brand","embeddable":true,"href":"https:\/\/ceasuri.md\/ru\/wp-json\/wp\/v2\/product_brand?post=31027"},{"taxonomy":"product_cat","embeddable":true,"href":"https:\/\/ceasuri.md\/ru\/wp-json\/wp\/v2\/product_cat?post=31027"},{"taxonomy":"product_tag","embeddable":true,"href":"https:\/\/ceasuri.md\/ru\/wp-json\/wp\/v2\/product_tag?post=31027"}],"curies":[{"name":"wp","href":"https:\/\/api.w.org\/{rel}","templated":true}]}}