{"id":30961,"date":"2026-04-02T20:09:23","date_gmt":"2026-04-02T17:09:23","guid":{"rendered":"http:\/\/new.ceasuri.md\/shop\/uncategorized\/cover-auria-co159-pl2m\/"},"modified":"2026-04-07T03:15:25","modified_gmt":"2026-04-07T00:15:25","slug":"cover-auria-co159-pl2m","status":"publish","type":"product","link":"https:\/\/ceasuri.md\/ru\/shop\/branduri\/cover\/cover-auria-co159-pl2m\/","title":{"rendered":"Ceas COVER AURIA CO159.PL2M"},"content":{"rendered":"<p>COVER este o garan\u021bie de \u00eenalt\u0103 calitate sus\u021binut\u0103 de renumita marc\u0103 SWISS MADE. Standardele \u00eenalte de calitate ale COVER sunt atinse prin utilizarea abilit\u0103\u021bilor tradi\u021bionale \u0219i a solu\u021biilor inovatoare ale unor ceasornicari elve\u021bieni experimenta\u021bi, precum \u0219i prin utilizarea celor mai moderne \u0219i unice instrumente \u00een fabricarea tuturor modelelor COVER, asigur\u00e2nd cea mai mare precizie \u00een orologerie.<\/p>\n<p>Crearea de ceasuri unice \u0219i captivante se afl\u0103 \u00een centrul activit\u0103\u021bii companiei.<\/p>\n<p>La sediul COVER din ora\u0219ul istoric Solothurn, toate ceasurile COVER sunt realizate manual cu pasiune, permi\u021b\u00e2ndu-v\u0103 s\u0103 sim\u021bi\u021bi \u0219i s\u0103 vede\u021bi la prima vedere calitatea Swiss Made.<\/p>\n<p>COVER s-a impus cu succes \u00een peste 50 de \u021b\u0103ri din \u00eentreaga lume. Este o marc\u0103 interna\u021bional\u0103 cu adev\u0103rat conving\u0103toare.<\/p>","protected":false},"excerpt":{"rendered":"<p>COVER este o garan\u021bie de \u00eenalt\u0103 calitate sus\u021binut\u0103 de renumita marc\u0103 SWISS MADE. Standardele \u00eenalte de calitate ale COVER sunt atinse prin utilizarea abilit\u0103\u021bilor tradi\u021bionale \u0219i a solu\u021biilor inovatoare ale unor ceasornicari elve\u021bieni experimenta\u021bi, precum \u0219i prin utilizarea celor mai moderne \u0219i unice instrumente \u00een fabricarea tuturor modelelor COVER, asigur\u00e2nd cea mai mare precizie \u00een [&hellip;]<\/p>\n","protected":false},"featured_media":30962,"comment_status":"closed","ping_status":"open","template":"","meta":{"_acf_changed":false},"product_brand":[],"product_cat":[25,204],"product_tag":[595,691,692],"class_list":{"0":"post-30961","1":"product","2":"type-product","3":"status-publish","4":"has-post-thumbnail","6":"product_cat-ceasuri-dama","7":"product_cat-cover","8":"product_tag-cronograf","9":"product_tag-691","10":"product_tag-692","11":"pa_brand-cover","12":"pa_braslet-otel-inoxidabil","13":"pa_corpus-28-mm","14":"pa_forma-rotund","15":"pa_garatia-24-luni","16":"pa_korpus-auriu","17":"pa_material-otel-inoxidabil","18":"pa_mehanizm-quartz","19":"pa_remeshok-auriu","20":"pa_steklo-cristal-safir","21":"pa_strana-elvetia","22":"pa_voda-5-atm","24":"first","25":"instock","26":"purchasable","27":"product-type-simple"},"acf":[],"_links":{"self":[{"href":"https:\/\/ceasuri.md\/ru\/wp-json\/wp\/v2\/product\/30961","targetHints":{"allow":["GET"]}}],"collection":[{"href":"https:\/\/ceasuri.md\/ru\/wp-json\/wp\/v2\/product"}],"about":[{"href":"https:\/\/ceasuri.md\/ru\/wp-json\/wp\/v2\/types\/product"}],"replies":[{"embeddable":true,"href":"https:\/\/ceasuri.md\/ru\/wp-json\/wp\/v2\/comments?post=30961"}],"wp:featuredmedia":[{"embeddable":true,"href":"https:\/\/ceasuri.md\/ru\/wp-json\/wp\/v2\/media\/30962"}],"wp:attachment":[{"href":"https:\/\/ceasuri.md\/ru\/wp-json\/wp\/v2\/media?parent=30961"}],"wp:term":[{"taxonomy":"product_brand","embeddable":true,"href":"https:\/\/ceasuri.md\/ru\/wp-json\/wp\/v2\/product_brand?post=30961"},{"taxonomy":"product_cat","embeddable":true,"href":"https:\/\/ceasuri.md\/ru\/wp-json\/wp\/v2\/product_cat?post=30961"},{"taxonomy":"product_tag","embeddable":true,"href":"https:\/\/ceasuri.md\/ru\/wp-json\/wp\/v2\/product_tag?post=30961"}],"curies":[{"name":"wp","href":"https:\/\/api.w.org\/{rel}","templated":true}]}}