{"id":30946,"date":"2026-04-02T20:09:01","date_gmt":"2026-04-02T17:09:01","guid":{"rendered":"http:\/\/new.ceasuri.md\/shop\/uncategorized\/cover-palatino-chronograph-co155-st2lbk\/"},"modified":"2026-04-20T00:15:29","modified_gmt":"2026-04-19T21:15:29","slug":"cover-palatino-chronograph-co155-st2lbk","status":"publish","type":"product","link":"https:\/\/ceasuri.md\/ru\/shop\/branduri\/cover\/cover-palatino-chronograph-co155-st2lbk\/","title":{"rendered":"\u0427\u0430\u0441\u044b COVER PALATINO CHRONOGRAPH CO155.ST2LBK"},"content":{"rendered":"<p>Un ceas cu un design auster \u0219i cu o gam\u0103 larg\u0103 de func\u021bii, perfect pentru cronometrarea zilnic\u0103.<\/p>\n<p>Ceas cronograf cu cronometru.<\/p>\n<p>Ceasurile Cover \u00eendeplinesc toate standardele de calitate elve\u021bian\u0103.<\/p>\n<p>Aceste ceasuri sunt rezistente at\u00e2t la ap\u0103, c\u00e2t \u0219i la \u0219ocuri.<\/p>\n<p>Aspectul ceasului Cover este foarte atractiv, elegant \u0219i original.<\/p>\n<p>Aceste ceasuri v\u0103 vor permite s\u0103 economisi\u021bi ceva bani, oferindu-v\u0103 \u00een acela\u0219i timp performan\u021bele excelente ale unui ceas elve\u021bian autentic.<\/p>","protected":false},"excerpt":{"rendered":"<p>Un ceas cu un design auster \u0219i cu o gam\u0103 larg\u0103 de func\u021bii, perfect pentru cronometrarea zilnic\u0103. Ceas cronograf cu cronometru. Ceasurile Cover \u00eendeplinesc toate standardele de calitate elve\u021bian\u0103. Aceste ceasuri sunt rezistente at\u00e2t la ap\u0103, c\u00e2t \u0219i la \u0219ocuri. Aspectul ceasului Cover este foarte atractiv, elegant \u0219i original. Aceste ceasuri v\u0103 vor permite s\u0103 [&hellip;]<\/p>\n","protected":false},"featured_media":30947,"comment_status":"closed","ping_status":"open","template":"","meta":{"_acf_changed":false},"product_brand":[],"product_cat":[20,204],"product_tag":[595,691,692],"class_list":{"0":"post-30946","1":"product","2":"type-product","3":"status-publish","4":"has-post-thumbnail","6":"product_cat-ceasuri-barbati","7":"product_cat-cover","8":"product_tag-cronograf","9":"product_tag-691","10":"product_tag-692","11":"pa_brand-cover","12":"pa_braslet-piele","13":"pa_corpus-42-mm","14":"pa_forma-rotund","15":"pa_funcii-cronograf","16":"pa_funcii-data","17":"pa_garatia-24-luni","18":"pa_korpus-argintiu","19":"pa_kvarc-quartz","20":"pa_material-otel-inoxidabil","21":"pa_mehanizm-quartz","22":"pa_remeshok-negru","23":"pa_steklo-cristal-safir","24":"pa_strana-elvetia","25":"pa_voda-10-atm","27":"first","28":"instock","29":"purchasable","30":"product-type-simple"},"acf":[],"_links":{"self":[{"href":"https:\/\/ceasuri.md\/ru\/wp-json\/wp\/v2\/product\/30946","targetHints":{"allow":["GET"]}}],"collection":[{"href":"https:\/\/ceasuri.md\/ru\/wp-json\/wp\/v2\/product"}],"about":[{"href":"https:\/\/ceasuri.md\/ru\/wp-json\/wp\/v2\/types\/product"}],"replies":[{"embeddable":true,"href":"https:\/\/ceasuri.md\/ru\/wp-json\/wp\/v2\/comments?post=30946"}],"wp:featuredmedia":[{"embeddable":true,"href":"https:\/\/ceasuri.md\/ru\/wp-json\/wp\/v2\/media\/30947"}],"wp:attachment":[{"href":"https:\/\/ceasuri.md\/ru\/wp-json\/wp\/v2\/media?parent=30946"}],"wp:term":[{"taxonomy":"product_brand","embeddable":true,"href":"https:\/\/ceasuri.md\/ru\/wp-json\/wp\/v2\/product_brand?post=30946"},{"taxonomy":"product_cat","embeddable":true,"href":"https:\/\/ceasuri.md\/ru\/wp-json\/wp\/v2\/product_cat?post=30946"},{"taxonomy":"product_tag","embeddable":true,"href":"https:\/\/ceasuri.md\/ru\/wp-json\/wp\/v2\/product_tag?post=30946"}],"curies":[{"name":"wp","href":"https:\/\/api.w.org\/{rel}","templated":true}]}}