{"id":30902,"date":"2026-04-02T20:09:01","date_gmt":"2026-04-02T17:09:01","guid":{"rendered":"http:\/\/new.ceasuri.md\/shop\/uncategorized\/cover-actos-chronograph-co150-st2lbk\/"},"modified":"2026-04-17T13:18:55","modified_gmt":"2026-04-17T10:18:55","slug":"cover-actos-chronograph-co150-st2lbk","status":"publish","type":"product","link":"https:\/\/ceasuri.md\/ru\/shop\/branduri\/cover\/cover-actos-chronograph-co150-st2lbk\/","title":{"rendered":"Ceas COVER ACTOS CHRONOGRAPH CO150.ST2LBK"},"content":{"rendered":"<p>Un ceas pentru b\u0103rba\u021bi cu un caracter puternic \u0219i un excelent sim\u021b al stilului. Ceas cronograf cu cronometru.<\/p>\n<p>Ceasurile Cover \u00eendeplinesc toate standardele de calitate elve\u021biene.<\/p>\n<p>Aceste ceasuri sunt rezistente at\u00e2t la ap\u0103, c\u00e2t \u0219i la \u0219ocuri.<\/p>\n<p>Aspectul ceasului Cover este foarte atractiv, elegant \u0219i original.<\/p>\n<p>Ceasuri Cover v\u0103 vor permite s\u0103 economisi\u021bi ceva bani, oferindu-v\u0103 \u00een acela\u0219i timp performan\u021bele excelente ale unui ceas elve\u021bian autentic.<\/p>","protected":false},"excerpt":{"rendered":"<p>Un ceas pentru b\u0103rba\u021bi cu un caracter puternic \u0219i un excelent sim\u021b al stilului. Ceas cronograf cu cronometru. Ceasurile Cover \u00eendeplinesc toate standardele de calitate elve\u021biene. Aceste ceasuri sunt rezistente at\u00e2t la ap\u0103, c\u00e2t \u0219i la \u0219ocuri. Aspectul ceasului Cover este foarte atractiv, elegant \u0219i original. Ceasuri Cover v\u0103 vor permite s\u0103 economisi\u021bi ceva bani, [&hellip;]<\/p>\n","protected":false},"featured_media":30903,"comment_status":"closed","ping_status":"open","template":"","meta":{"_acf_changed":false},"product_brand":[],"product_cat":[20,204],"product_tag":[595,691,692],"class_list":{"0":"post-30902","1":"product","2":"type-product","3":"status-publish","4":"has-post-thumbnail","6":"product_cat-ceasuri-barbati","7":"product_cat-cover","8":"product_tag-cronograf","9":"product_tag-691","10":"product_tag-692","11":"pa_brand-cover","12":"pa_braslet-piele","13":"pa_corpus-44-mm","14":"pa_forma-rotund","15":"pa_funcii-cronograf","16":"pa_funcii-data","17":"pa_garatia-24-luni","18":"pa_korpus-argintiu","19":"pa_korpus-negru","20":"pa_kvarc-quartz","21":"pa_material-otel-inoxidabil","22":"pa_mehanizm-quartz","23":"pa_remeshok-negru","24":"pa_steklo-cristal-safir","25":"pa_strana-elvetia","26":"pa_voda-10-atm","28":"first","29":"instock","30":"purchasable","31":"product-type-simple"},"acf":[],"_links":{"self":[{"href":"https:\/\/ceasuri.md\/ru\/wp-json\/wp\/v2\/product\/30902","targetHints":{"allow":["GET"]}}],"collection":[{"href":"https:\/\/ceasuri.md\/ru\/wp-json\/wp\/v2\/product"}],"about":[{"href":"https:\/\/ceasuri.md\/ru\/wp-json\/wp\/v2\/types\/product"}],"replies":[{"embeddable":true,"href":"https:\/\/ceasuri.md\/ru\/wp-json\/wp\/v2\/comments?post=30902"}],"wp:featuredmedia":[{"embeddable":true,"href":"https:\/\/ceasuri.md\/ru\/wp-json\/wp\/v2\/media\/30903"}],"wp:attachment":[{"href":"https:\/\/ceasuri.md\/ru\/wp-json\/wp\/v2\/media?parent=30902"}],"wp:term":[{"taxonomy":"product_brand","embeddable":true,"href":"https:\/\/ceasuri.md\/ru\/wp-json\/wp\/v2\/product_brand?post=30902"},{"taxonomy":"product_cat","embeddable":true,"href":"https:\/\/ceasuri.md\/ru\/wp-json\/wp\/v2\/product_cat?post=30902"},{"taxonomy":"product_tag","embeddable":true,"href":"https:\/\/ceasuri.md\/ru\/wp-json\/wp\/v2\/product_tag?post=30902"}],"curies":[{"name":"wp","href":"https:\/\/api.w.org\/{rel}","templated":true}]}}