{"id":30838,"date":"2026-04-02T20:08:21","date_gmt":"2026-04-02T17:08:21","guid":{"rendered":"http:\/\/new.ceasuri.md\/shop\/uncategorized\/cover-gardien-gent-day-retrograde-co140-11\/"},"modified":"2026-04-07T03:14:37","modified_gmt":"2026-04-07T00:14:37","slug":"cover-gardien-gent-day-retrograde-co140-11","status":"publish","type":"product","link":"https:\/\/ceasuri.md\/ru\/shop\/branduri\/cover\/cover-gardien-gent-day-retrograde-co140-11\/","title":{"rendered":"Ceas COVER GARDIEN GENT DAY RETROGRADE CO140.11"},"content":{"rendered":"<p>Un ceas ascunde nenum\u0103rate secrete care nu pot fi dezv\u0103luite dec\u00e2t de cei care au r\u0103bdarea, sim\u021bul \u0219i sensibilitatea de a vedea \u0219i de a descoperi toat\u0103 munca, gustul \u0219i specialitatea pe care designerii le-au imaginat \u00eentr-un ceas peste medie.<\/p>\n<p>Merit\u0103 s\u0103 v\u0103 uita\u021bi cu aten\u021bie la acest model: o mi\u0219care special\u0103 cu dat\u0103 mare \u0219i secunde mici, cu calendar, m\u0103soar\u0103 neobosit timpul \u00een spatele unui cadran magnific, \u00eentr-o carcas\u0103 cu o form\u0103 str\u0103lucitoare.<\/p>","protected":false},"excerpt":{"rendered":"<p>Un ceas ascunde nenum\u0103rate secrete care nu pot fi dezv\u0103luite dec\u00e2t de cei care au r\u0103bdarea, sim\u021bul \u0219i sensibilitatea de a vedea \u0219i de a descoperi toat\u0103 munca, gustul \u0219i specialitatea pe care designerii le-au imaginat \u00eentr-un ceas peste medie. Merit\u0103 s\u0103 v\u0103 uita\u021bi cu aten\u021bie la acest model: o mi\u0219care special\u0103 cu dat\u0103 mare [&hellip;]<\/p>\n","protected":false},"featured_media":30839,"comment_status":"closed","ping_status":"open","template":"","meta":{"_acf_changed":false},"product_brand":[],"product_cat":[20,204],"product_tag":[595,691,692],"class_list":{"0":"post-30838","1":"product","2":"type-product","3":"status-publish","4":"has-post-thumbnail","6":"product_cat-ceasuri-barbati","7":"product_cat-cover","8":"product_tag-cronograf","9":"product_tag-691","10":"product_tag-692","11":"pa_brand-cover","12":"pa_braslet-piele","13":"pa_corpus-42-mm","14":"pa_forma-rotund","15":"pa_funcii-data","16":"pa_funcii-offset-second-hand","17":"pa_funcii-ziua-saptamanii","18":"pa_garatia-24-luni","19":"pa_korpus-auriu","20":"pa_material-otel-inoxidabil","21":"pa_mehanizm-quartz","22":"pa_remeshok-maro","23":"pa_steklo-cristal-safir","24":"pa_strana-elvetia","25":"pa_voda-5-atm","27":"first","28":"instock","29":"purchasable","30":"product-type-simple"},"acf":[],"_links":{"self":[{"href":"https:\/\/ceasuri.md\/ru\/wp-json\/wp\/v2\/product\/30838","targetHints":{"allow":["GET"]}}],"collection":[{"href":"https:\/\/ceasuri.md\/ru\/wp-json\/wp\/v2\/product"}],"about":[{"href":"https:\/\/ceasuri.md\/ru\/wp-json\/wp\/v2\/types\/product"}],"replies":[{"embeddable":true,"href":"https:\/\/ceasuri.md\/ru\/wp-json\/wp\/v2\/comments?post=30838"}],"wp:featuredmedia":[{"embeddable":true,"href":"https:\/\/ceasuri.md\/ru\/wp-json\/wp\/v2\/media\/30839"}],"wp:attachment":[{"href":"https:\/\/ceasuri.md\/ru\/wp-json\/wp\/v2\/media?parent=30838"}],"wp:term":[{"taxonomy":"product_brand","embeddable":true,"href":"https:\/\/ceasuri.md\/ru\/wp-json\/wp\/v2\/product_brand?post=30838"},{"taxonomy":"product_cat","embeddable":true,"href":"https:\/\/ceasuri.md\/ru\/wp-json\/wp\/v2\/product_cat?post=30838"},{"taxonomy":"product_tag","embeddable":true,"href":"https:\/\/ceasuri.md\/ru\/wp-json\/wp\/v2\/product_tag?post=30838"}],"curies":[{"name":"wp","href":"https:\/\/api.w.org\/{rel}","templated":true}]}}