{"id":30746,"date":"2026-04-02T20:07:40","date_gmt":"2026-04-02T17:07:40","guid":{"rendered":"http:\/\/new.ceasuri.md\/shop\/uncategorized\/cover-langham-diamond-co125-24\/"},"modified":"2026-04-20T00:14:44","modified_gmt":"2026-04-19T21:14:44","slug":"cover-langham-diamond-co125-24","status":"publish","type":"product","link":"https:\/\/ceasuri.md\/ru\/shop\/branduri\/cover\/cover-langham-diamond-co125-24\/","title":{"rendered":"\u0427\u0430\u0441\u044b COVER LANGHAM DIAMOND CO125.24"},"content":{"rendered":"<p>Indr\u0103gostit de diamante. Valoarea intrinsec\u0103 a pietrelor pre\u021bioase de diamant este acum \u00eencorporat\u0103 \u00eentr-o linie clasic\u0103 de ceasuri de dam\u0103 COVER.<\/p>\n<p>Aceast\u0103 nou\u0103 crea\u021bie \u00eembog\u0103\u021be\u0219te calitatea inerent\u0103 Swiss Made a ceasurilor cu valoarea etern\u0103 a diamantelor autentice.<\/p>","protected":false},"excerpt":{"rendered":"<p>Indr\u0103gostit de diamante. Valoarea intrinsec\u0103 a pietrelor pre\u021bioase de diamant este acum \u00eencorporat\u0103 \u00eentr-o linie clasic\u0103 de ceasuri de dam\u0103 COVER. Aceast\u0103 nou\u0103 crea\u021bie \u00eembog\u0103\u021be\u0219te calitatea inerent\u0103 Swiss Made a ceasurilor cu valoarea etern\u0103 a diamantelor autentice.<\/p>","protected":false},"featured_media":30747,"comment_status":"closed","ping_status":"open","template":"","meta":{"_acf_changed":false},"product_brand":[],"product_cat":[25,204],"product_tag":[595,691,692],"class_list":{"0":"post-30746","1":"product","2":"type-product","3":"status-publish","4":"has-post-thumbnail","6":"product_cat-ceasuri-dama","7":"product_cat-cover","8":"product_tag-cronograf","9":"product_tag-691","10":"product_tag-692","11":"pa_brand-cover","12":"pa_braslet-otel-inoxidabil","13":"pa_corpus-25-mm","14":"pa_decor-diamante","15":"pa_forma-rotund","16":"pa_garatia-24-luni","17":"pa_korpus-argintiu","18":"pa_kvarc-quartz","19":"pa_material-otel-inoxidabil","20":"pa_mehanizm-quartz","21":"pa_remeshok-bicolor","22":"pa_steklo-cristal-safir","23":"pa_strana-elvetia","24":"pa_voda-3-atm","26":"first","27":"instock","28":"purchasable","29":"product-type-simple"},"acf":[],"_links":{"self":[{"href":"https:\/\/ceasuri.md\/ru\/wp-json\/wp\/v2\/product\/30746","targetHints":{"allow":["GET"]}}],"collection":[{"href":"https:\/\/ceasuri.md\/ru\/wp-json\/wp\/v2\/product"}],"about":[{"href":"https:\/\/ceasuri.md\/ru\/wp-json\/wp\/v2\/types\/product"}],"replies":[{"embeddable":true,"href":"https:\/\/ceasuri.md\/ru\/wp-json\/wp\/v2\/comments?post=30746"}],"wp:featuredmedia":[{"embeddable":true,"href":"https:\/\/ceasuri.md\/ru\/wp-json\/wp\/v2\/media\/30747"}],"wp:attachment":[{"href":"https:\/\/ceasuri.md\/ru\/wp-json\/wp\/v2\/media?parent=30746"}],"wp:term":[{"taxonomy":"product_brand","embeddable":true,"href":"https:\/\/ceasuri.md\/ru\/wp-json\/wp\/v2\/product_brand?post=30746"},{"taxonomy":"product_cat","embeddable":true,"href":"https:\/\/ceasuri.md\/ru\/wp-json\/wp\/v2\/product_cat?post=30746"},{"taxonomy":"product_tag","embeddable":true,"href":"https:\/\/ceasuri.md\/ru\/wp-json\/wp\/v2\/product_tag?post=30746"}],"curies":[{"name":"wp","href":"https:\/\/api.w.org\/{rel}","templated":true}]}}