{"id":30717,"date":"2026-04-02T20:07:40","date_gmt":"2026-04-02T17:07:40","guid":{"rendered":"http:\/\/new.ceasuri.md\/shop\/uncategorized\/cover-langham-diamond-co124-23\/"},"modified":"2026-04-22T11:14:19","modified_gmt":"2026-04-22T08:14:19","slug":"cover-langham-diamond-co124-23","status":"publish","type":"product","link":"https:\/\/ceasuri.md\/ru\/shop\/branduri\/cover\/cover-langham-diamond-co124-23\/","title":{"rendered":"\u0427\u0430\u0441\u044b COVER LANGHAM DIAMOND CO124.23"},"content":{"rendered":"<p>Indr\u0103gostit de diamante. Valoarea intrinsec\u0103 a pietrelor pre\u021bioase de diamant este acum \u00eencorporat\u0103 \u00eentr-o linie clasic\u0103 de ceasuri pentru b\u0103rba\u021bi COVER.<\/p>\n<p>Aceast\u0103 nou\u0103 crea\u021bie \u00eembog\u0103\u021be\u0219te calitatea inerent\u0103 Swiss Made a ceasurilor cu valoarea etern\u0103 a diamantelor autentice.<\/p>","protected":false},"excerpt":{"rendered":"<p>Indr\u0103gostit de diamante. Valoarea intrinsec\u0103 a pietrelor pre\u021bioase de diamant este acum \u00eencorporat\u0103 \u00eentr-o linie clasic\u0103 de ceasuri pentru b\u0103rba\u021bi COVER. Aceast\u0103 nou\u0103 crea\u021bie \u00eembog\u0103\u021be\u0219te calitatea inerent\u0103 Swiss Made a ceasurilor cu valoarea etern\u0103 a diamantelor autentice.<\/p>","protected":false},"featured_media":30718,"comment_status":"closed","ping_status":"open","template":"","meta":{"_acf_changed":false},"product_brand":[],"product_cat":[20,25,204],"product_tag":[595,691,692],"class_list":{"0":"post-30717","1":"product","2":"type-product","3":"status-publish","4":"has-post-thumbnail","6":"product_cat-ceasuri-barbati","7":"product_cat-ceasuri-dama","8":"product_cat-cover","9":"product_tag-cronograf","10":"product_tag-691","11":"product_tag-692","12":"pa_brand-cover","13":"pa_braslet-otel-inoxidabil","14":"pa_corpus-35-mm","15":"pa_decor-diamante","16":"pa_forma-rotund","17":"pa_garatia-24-luni","18":"pa_korpus-auriu","19":"pa_kvarc-quartz","20":"pa_material-otel-inoxidabil","21":"pa_mehanizm-quartz","22":"pa_remeshok-auriu","23":"pa_steklo-cristal-safir","24":"pa_strana-elvetia","25":"pa_voda-3-atm","27":"first","28":"instock","29":"purchasable","30":"product-type-simple"},"acf":[],"_links":{"self":[{"href":"https:\/\/ceasuri.md\/ru\/wp-json\/wp\/v2\/product\/30717","targetHints":{"allow":["GET"]}}],"collection":[{"href":"https:\/\/ceasuri.md\/ru\/wp-json\/wp\/v2\/product"}],"about":[{"href":"https:\/\/ceasuri.md\/ru\/wp-json\/wp\/v2\/types\/product"}],"replies":[{"embeddable":true,"href":"https:\/\/ceasuri.md\/ru\/wp-json\/wp\/v2\/comments?post=30717"}],"wp:featuredmedia":[{"embeddable":true,"href":"https:\/\/ceasuri.md\/ru\/wp-json\/wp\/v2\/media\/30718"}],"wp:attachment":[{"href":"https:\/\/ceasuri.md\/ru\/wp-json\/wp\/v2\/media?parent=30717"}],"wp:term":[{"taxonomy":"product_brand","embeddable":true,"href":"https:\/\/ceasuri.md\/ru\/wp-json\/wp\/v2\/product_brand?post=30717"},{"taxonomy":"product_cat","embeddable":true,"href":"https:\/\/ceasuri.md\/ru\/wp-json\/wp\/v2\/product_cat?post=30717"},{"taxonomy":"product_tag","embeddable":true,"href":"https:\/\/ceasuri.md\/ru\/wp-json\/wp\/v2\/product_tag?post=30717"}],"curies":[{"name":"wp","href":"https:\/\/api.w.org\/{rel}","templated":true}]}}