{"id":30713,"date":"2026-04-02T20:07:40","date_gmt":"2026-04-02T17:07:40","guid":{"rendered":"http:\/\/new.ceasuri.md\/shop\/uncategorized\/cover-langham-diamond-co124-21\/"},"modified":"2026-04-24T13:10:40","modified_gmt":"2026-04-24T10:10:40","slug":"cover-langham-diamond-co124-21","status":"publish","type":"product","link":"https:\/\/ceasuri.md\/ru\/shop\/branduri\/cover\/cover-langham-diamond-co124-21\/","title":{"rendered":"\u0427\u0430\u0441\u044b COVER LANGHAM DIAMOND CO124.21"},"content":{"rendered":"<p>Indr\u0103gostit de diamante. Valoarea intrinsec\u0103 a pietrelor pre\u021bioase de diamant este acum \u00eencorporat\u0103 \u00eentr-o linie clasic\u0103 de ceasuri pentru b\u0103rba\u021bi COVER.<\/p>\n<p>Aceast\u0103 nou\u0103 crea\u021bie \u00eembog\u0103\u021be\u0219te calitatea inerent\u0103 Swiss Made a ceasurilor cu valoarea etern\u0103 a diamantelor autentice.<\/p>","protected":false},"excerpt":{"rendered":"<p>Indr\u0103gostit de diamante. Valoarea intrinsec\u0103 a pietrelor pre\u021bioase de diamant este acum \u00eencorporat\u0103 \u00eentr-o linie clasic\u0103 de ceasuri pentru b\u0103rba\u021bi COVER. Aceast\u0103 nou\u0103 crea\u021bie \u00eembog\u0103\u021be\u0219te calitatea inerent\u0103 Swiss Made a ceasurilor cu valoarea etern\u0103 a diamantelor autentice.<\/p>","protected":false},"featured_media":30714,"comment_status":"closed","ping_status":"open","template":"","meta":{"_acf_changed":false},"product_brand":[],"product_cat":[20,25,204,697],"product_tag":[595,691,692],"class_list":{"0":"post-30713","1":"product","2":"type-product","3":"status-publish","4":"has-post-thumbnail","6":"product_cat-ceasuri-barbati","7":"product_cat-ceasuri-dama","8":"product_cat-cover","9":"product_cat-697","10":"product_tag-cronograf","11":"product_tag-691","12":"product_tag-692","13":"pa_brand-cover","14":"pa_braslet-otel-inoxidabil","15":"pa_corpus-35-mm","16":"pa_decor-diamante","17":"pa_forma-rotund","18":"pa_garatia-24-luni","19":"pa_korpus-argintiu","20":"pa_kvarc-quartz","21":"pa_material-otel-inoxidabil","22":"pa_mehanizm-quartz","23":"pa_remeshok-bicolor","24":"pa_steklo-cristal-safir","25":"pa_strana-elvetia","26":"pa_voda-3-atm","28":"first","29":"instock","30":"purchasable","31":"product-type-simple"},"acf":[],"_links":{"self":[{"href":"https:\/\/ceasuri.md\/ru\/wp-json\/wp\/v2\/product\/30713","targetHints":{"allow":["GET"]}}],"collection":[{"href":"https:\/\/ceasuri.md\/ru\/wp-json\/wp\/v2\/product"}],"about":[{"href":"https:\/\/ceasuri.md\/ru\/wp-json\/wp\/v2\/types\/product"}],"replies":[{"embeddable":true,"href":"https:\/\/ceasuri.md\/ru\/wp-json\/wp\/v2\/comments?post=30713"}],"wp:featuredmedia":[{"embeddable":true,"href":"https:\/\/ceasuri.md\/ru\/wp-json\/wp\/v2\/media\/30714"}],"wp:attachment":[{"href":"https:\/\/ceasuri.md\/ru\/wp-json\/wp\/v2\/media?parent=30713"}],"wp:term":[{"taxonomy":"product_brand","embeddable":true,"href":"https:\/\/ceasuri.md\/ru\/wp-json\/wp\/v2\/product_brand?post=30713"},{"taxonomy":"product_cat","embeddable":true,"href":"https:\/\/ceasuri.md\/ru\/wp-json\/wp\/v2\/product_cat?post=30713"},{"taxonomy":"product_tag","embeddable":true,"href":"https:\/\/ceasuri.md\/ru\/wp-json\/wp\/v2\/product_tag?post=30713"}],"curies":[{"name":"wp","href":"https:\/\/api.w.org\/{rel}","templated":true}]}}