{"id":30670,"date":"2026-04-02T20:07:11","date_gmt":"2026-04-02T17:07:11","guid":{"rendered":"http:\/\/new.ceasuri.md\/shop\/uncategorized\/casio-sport-chr-100-1\/"},"modified":"2026-04-17T13:08:10","modified_gmt":"2026-04-17T10:08:10","slug":"casio-sport-chr-100-1","status":"publish","type":"product","link":"https:\/\/ceasuri.md\/ru\/shop\/branduri\/casio\/casio-sport-chr-100-1\/","title":{"rendered":"Ceas CASIO SPORT CHR-100-1"},"content":{"rendered":"<p>Casio se g\u00e2nde\u0219te cu aten\u021bie la viitorul ceasurilor de m\u00e2n\u0103.Scopul este un ceas care s\u0103 fie solicitat \u00een diverse domenii de aplicare \u0219i care s\u0103 afi\u0219eze ora cu cea mai mare precizie.<\/p>\n<p>In produc\u021bia de ceasuri, Casio acord\u0103 o aten\u021bie maxim\u0103 fiec\u0103rui detaliu, utiliz\u00e2nd poten\u021bialul ascuns nelimitat al electronicii \u0219i introduc\u00e2nd tehnologii care nu sunt disponibile pentru al\u021bi produc\u0103tori.<\/p>\n<p>In procesul de creare de noi ceasuri, Casio nu se limiteaz\u0103 la g\u00e2ndirea standard, ci ia cele mai \u00eendr\u0103zne\u021be decizii.<\/p>\n<p>Este un ceas care tr\u0103ie\u0219te \u0219i respir\u0103 sport, sportul este peste tot &#8211; de la curea sub\u021bire \u0219i aerodinamic\u0103 la aspectul ergonomic al indicilor \u0219i butoanelor.<\/p>\n<p>Memorie pentru 200 de distan\u021be, con\u021bin\u00e2nd data, m\u0103rimea distan\u021bei, cronometru pentru finisare \u0219i rezultate intermediare.<\/p>\n<p>Cureaua de piept v\u0103 num\u0103r\u0103 ritmul cardiac, iar rezultatul este afi\u0219at pe ecranul ceasului.<\/p>\n<p>Alarm\u0103 de supra\u00eenc\u0103rcare.<\/p>\n<p>Cronometru, ora mondial\u0103. Formatul de timp de 12 \u0219i 24 de ore.<\/p>\n<p>Contor de calorii.<\/p>\n<p>Transmitere de date f\u0103r\u0103 fir.<\/p>","protected":false},"excerpt":{"rendered":"<p>Casio se g\u00e2nde\u0219te cu aten\u021bie la viitorul ceasurilor de m\u00e2n\u0103.Scopul este un ceas care s\u0103 fie solicitat \u00een diverse domenii de aplicare \u0219i care s\u0103 afi\u0219eze ora cu cea mai mare precizie. In produc\u021bia de ceasuri, Casio acord\u0103 o aten\u021bie maxim\u0103 fiec\u0103rui detaliu, utiliz\u00e2nd poten\u021bialul ascuns nelimitat al electronicii \u0219i introduc\u00e2nd tehnologii care nu sunt [&hellip;]<\/p>\n","protected":false},"featured_media":30671,"comment_status":"closed","ping_status":"open","template":"","meta":{"_acf_changed":false},"product_brand":[],"product_cat":[27,20],"product_tag":[],"class_list":{"0":"post-30670","1":"product","2":"type-product","3":"status-publish","4":"has-post-thumbnail","6":"product_cat-casio","7":"product_cat-ceasuri-barbati","8":"pa_brand-casio","9":"pa_braslet-plastic","10":"pa_corpus-48-mm","11":"pa_forma-atipica","12":"pa_funcii-alarma","13":"pa_funcii-calendar","14":"pa_funcii-cronometru","15":"pa_funcii-iluminare","16":"pa_funcii-timp-mondial","17":"pa_garatia-24-luni","18":"pa_korpus-albastru-inchis","19":"pa_korpus-negru","20":"pa_kvarc-quartz","21":"pa_material-plastic","22":"pa_mehanizm-electronic","23":"pa_remeshok-bicolor","24":"pa_steklo-plastic","25":"pa_strana-japonia","26":"pa_voda-5-atm","28":"first","29":"instock","30":"purchasable","31":"product-type-simple"},"acf":[],"_links":{"self":[{"href":"https:\/\/ceasuri.md\/ru\/wp-json\/wp\/v2\/product\/30670","targetHints":{"allow":["GET"]}}],"collection":[{"href":"https:\/\/ceasuri.md\/ru\/wp-json\/wp\/v2\/product"}],"about":[{"href":"https:\/\/ceasuri.md\/ru\/wp-json\/wp\/v2\/types\/product"}],"replies":[{"embeddable":true,"href":"https:\/\/ceasuri.md\/ru\/wp-json\/wp\/v2\/comments?post=30670"}],"wp:featuredmedia":[{"embeddable":true,"href":"https:\/\/ceasuri.md\/ru\/wp-json\/wp\/v2\/media\/30671"}],"wp:attachment":[{"href":"https:\/\/ceasuri.md\/ru\/wp-json\/wp\/v2\/media?parent=30670"}],"wp:term":[{"taxonomy":"product_brand","embeddable":true,"href":"https:\/\/ceasuri.md\/ru\/wp-json\/wp\/v2\/product_brand?post=30670"},{"taxonomy":"product_cat","embeddable":true,"href":"https:\/\/ceasuri.md\/ru\/wp-json\/wp\/v2\/product_cat?post=30670"},{"taxonomy":"product_tag","embeddable":true,"href":"https:\/\/ceasuri.md\/ru\/wp-json\/wp\/v2\/product_tag?post=30670"}],"curies":[{"name":"wp","href":"https:\/\/api.w.org\/{rel}","templated":true}]}}