{"id":30565,"date":"2026-04-02T20:06:03","date_gmt":"2026-04-02T17:06:03","guid":{"rendered":"http:\/\/new.ceasuri.md\/shop\/uncategorized\/casio-baby-g-blx-100-2\/"},"modified":"2026-04-20T00:06:10","modified_gmt":"2026-04-19T21:06:10","slug":"casio-baby-g-blx-100-2","status":"publish","type":"product","link":"https:\/\/ceasuri.md\/ru\/shop\/branduri\/casio\/casio-baby-g-blx-100-2\/","title":{"rendered":"\u0427\u0430\u0441\u044b CASIO BABY-G BLX-100-2"},"content":{"rendered":"<p>Un ceas care nu va l\u0103sa pe nimeni indiferent.<\/p>\n<p>Citirea fazelor lunare \u0219i afi\u0219area grafic\u0103 a mareelor atunci c\u00e2nd se introduc informa\u021bii privind latitudinea \u0219i longitudinea loca\u021biei.<\/p>\n<p>World Time &#8211; afi\u0219eaz\u0103 ora curent\u0103 \u00een 29 de fusuri orare (48 de ora\u0219e).<\/p>\n<p>Pute\u021bi seta 3 alarme independente. Repetare alarm\u0103 &#8211; dup\u0103 declan\u0219area alarmei, alarma se repet\u0103 dup\u0103 c\u00e2teva minute, dac\u0103 aceast\u0103 func\u021bie nu este complet dezactivat\u0103. Func\u021bia Flash Alert &#8211; atunci c\u00e2nd se declan\u0219eaz\u0103 alarma \u0219i alarmele cu temporizator, se activeaz\u0103 lumina de fundal electroluminiscent\u0103.<\/p>\n<p>Cronometru cu repetare automat\u0103 &#8211; cronometru cu num\u0103r\u0103toare invers\u0103, la sf\u00e2r\u0219itul num\u0103r\u0103torii inverse a intervalului de timp setat se emite un semnal sonor \u0219i apoi num\u0103r\u0103toarea invers\u0103 este reluat\u0103. Timp maxim de setare 24 de ore &#8211; pas de m\u0103surare 1\/1 sec.<\/p>\n<p>Timp maxim de m\u0103surare a cronometrului 24 ore, pas de m\u0103surare 1\/100.<\/p>","protected":false},"excerpt":{"rendered":"<p>Un ceas care nu va l\u0103sa pe nimeni indiferent. Citirea fazelor lunare \u0219i afi\u0219area grafic\u0103 a mareelor atunci c\u00e2nd se introduc informa\u021bii privind latitudinea \u0219i longitudinea loca\u021biei. World Time &#8211; afi\u0219eaz\u0103 ora curent\u0103 \u00een 29 de fusuri orare (48 de ora\u0219e). Pute\u021bi seta 3 alarme independente. Repetare alarm\u0103 &#8211; dup\u0103 declan\u0219area alarmei, alarma se repet\u0103 [&hellip;]<\/p>\n","protected":false},"featured_media":30566,"comment_status":"closed","ping_status":"open","template":"","meta":{"_acf_changed":false},"product_brand":[],"product_cat":[27,25],"product_tag":[],"class_list":{"0":"post-30565","1":"product","2":"type-product","3":"status-publish","4":"has-post-thumbnail","6":"product_cat-casio","7":"product_cat-ceasuri-dama","8":"pa_brand-casio","9":"pa_braslet-cauciuc","10":"pa_corpus-42-mm","11":"pa_forma-rotund","12":"pa_funcii-alarma","13":"pa_funcii-calendar","14":"pa_funcii-cronometru","15":"pa_funcii-fazele-lunii","16":"pa_funcii-iluminare","17":"pa_funcii-timp-mondial","18":"pa_garatia-24-luni","19":"pa_korpus-albastru-inchis","20":"pa_kvarc-quartz","21":"pa_material-plastic","22":"pa_mehanizm-electronic","23":"pa_remeshok-albastru-inchis","24":"pa_steklo-cristal-mineral","25":"pa_strana-japonia","26":"pa_voda-20-atm","28":"first","29":"instock","30":"purchasable","31":"product-type-simple"},"acf":[],"_links":{"self":[{"href":"https:\/\/ceasuri.md\/ru\/wp-json\/wp\/v2\/product\/30565","targetHints":{"allow":["GET"]}}],"collection":[{"href":"https:\/\/ceasuri.md\/ru\/wp-json\/wp\/v2\/product"}],"about":[{"href":"https:\/\/ceasuri.md\/ru\/wp-json\/wp\/v2\/types\/product"}],"replies":[{"embeddable":true,"href":"https:\/\/ceasuri.md\/ru\/wp-json\/wp\/v2\/comments?post=30565"}],"wp:featuredmedia":[{"embeddable":true,"href":"https:\/\/ceasuri.md\/ru\/wp-json\/wp\/v2\/media\/30566"}],"wp:attachment":[{"href":"https:\/\/ceasuri.md\/ru\/wp-json\/wp\/v2\/media?parent=30565"}],"wp:term":[{"taxonomy":"product_brand","embeddable":true,"href":"https:\/\/ceasuri.md\/ru\/wp-json\/wp\/v2\/product_brand?post=30565"},{"taxonomy":"product_cat","embeddable":true,"href":"https:\/\/ceasuri.md\/ru\/wp-json\/wp\/v2\/product_cat?post=30565"},{"taxonomy":"product_tag","embeddable":true,"href":"https:\/\/ceasuri.md\/ru\/wp-json\/wp\/v2\/product_tag?post=30565"}],"curies":[{"name":"wp","href":"https:\/\/api.w.org\/{rel}","templated":true}]}}