{"id":30554,"date":"2026-04-02T20:06:03","date_gmt":"2026-04-02T17:06:03","guid":{"rendered":"http:\/\/new.ceasuri.md\/shop\/uncategorized\/casio-baby-g-bgs-100sc-1a\/"},"modified":"2026-04-17T13:08:08","modified_gmt":"2026-04-17T10:08:08","slug":"casio-baby-g-bgs-100sc-1a","status":"publish","type":"product","link":"https:\/\/ceasuri.md\/ru\/shop\/branduri\/casio\/casio-baby-g-bgs-100sc-1a\/","title":{"rendered":"Ceas CASIO BABY-G BGS-100SC-1A"},"content":{"rendered":"<p>Ceasul de m\u00e2n\u0103 Baby-G Step Tracker cu pedometru este conceput pentru femeile care sunt pasionate de fitness, dar c\u0103rora le place s\u0103 r\u0103m\u00e2n\u0103 la mod\u0103 toat\u0103 ziua.<\/p>\n<p>Carcasa rezistent\u0103 la \u0219ocuri v\u0103 protejeaz\u0103 mi\u0219c\u0103rile de \u0219ocuri \u0219i vibra\u021bii.<\/p>\n<p>Retroiluminarea luminoas\u0103 cu dou\u0103 LED-uri lumineaz\u0103 nu numai ecranul LCD, ci \u0219i \u00eentregul cadran. Stratul discret de absorb\u021bie a luminii continu\u0103 s\u0103 str\u0103luceasc\u0103 \u00een \u00eentuneric chiar \u0219i dup\u0103 o scurt\u0103 expunere la lumin\u0103.<\/p>\n<p>Accelerometrul \u00eencepe automat s\u0103 numere pa\u0219ii pe ecran atunci c\u00e2nd \u00eencepe\u021bi s\u0103 alerga\u021bi sau s\u0103 face\u021bi alte activit\u0103\u021bi \u00een timp ce purta\u021bi ceasul. Pedometrul m\u0103soar\u0103 num\u0103rul de pa\u0219i de la 0 la 999999. Afi\u0219are grafic\u0103 a pa\u0219ilor efectua\u021bi \u00een ultimele 5 ore.<\/p>\n<p>Istoric de date zilnice pentru 8 zile, date s\u0103pt\u0103m\u00e2nale pentru 4 s\u0103pt\u0103m\u00e2ni. Setare obiectiv de la 1000 la 50.000. Memento sonor de inactivitate.<\/p>\n<p>Al doilea fus orar. Format de timp de 12 \u0219i 24 de ore.<\/p>\n<p>Cronometru cu dou\u0103 citiri precise: 1\/100 s (\u00eenainte de 1 h) \u0219i 1 s (dup\u0103 1 h) \u0219i timp de m\u0103surare de 24 de ore. <\/p>\n<p>Cronometru cu num\u0103r\u0103toare invers\u0103 de la 1 min la 100 min.<\/p>\n<p>Func\u021bie de mi\u0219care a m\u00e2inii. Func\u021bie de pornire\/oprire a sunetului.<\/p>","protected":false},"excerpt":{"rendered":"<p>Ceasul de m\u00e2n\u0103 Baby-G Step Tracker cu pedometru este conceput pentru femeile care sunt pasionate de fitness, dar c\u0103rora le place s\u0103 r\u0103m\u00e2n\u0103 la mod\u0103 toat\u0103 ziua. Carcasa rezistent\u0103 la \u0219ocuri v\u0103 protejeaz\u0103 mi\u0219c\u0103rile de \u0219ocuri \u0219i vibra\u021bii. Retroiluminarea luminoas\u0103 cu dou\u0103 LED-uri lumineaz\u0103 nu numai ecranul LCD, ci \u0219i \u00eentregul cadran. Stratul discret de [&hellip;]<\/p>\n","protected":false},"featured_media":30555,"comment_status":"closed","ping_status":"open","template":"","meta":{"_acf_changed":false},"product_brand":[],"product_cat":[27,25],"product_tag":[],"class_list":{"0":"post-30554","1":"product","2":"type-product","3":"status-publish","4":"has-post-thumbnail","6":"product_cat-casio","7":"product_cat-ceasuri-dama","8":"pa_brand-casio","9":"pa_braslet-cauciuc","10":"pa_corpus-42-mm","11":"pa_forma-rotund","12":"pa_funcii-accelerometru","13":"pa_funcii-alarma","14":"pa_funcii-calendar","15":"pa_funcii-cronometru","16":"pa_funcii-dual-time","17":"pa_funcii-iluminare","18":"pa_funcii-pedometru","19":"pa_garatia-24-luni","20":"pa_korpus-negru","21":"pa_kvarc-quartz","22":"pa_material-cauciuc","23":"pa_mehanizm-electronic","24":"pa_mehanizm-quartz","25":"pa_remeshok-negru","26":"pa_steklo-cristal-mineral","27":"pa_strana-japonia","28":"pa_voda-10-atm","30":"first","31":"instock","32":"purchasable","33":"product-type-simple"},"acf":[],"_links":{"self":[{"href":"https:\/\/ceasuri.md\/ru\/wp-json\/wp\/v2\/product\/30554","targetHints":{"allow":["GET"]}}],"collection":[{"href":"https:\/\/ceasuri.md\/ru\/wp-json\/wp\/v2\/product"}],"about":[{"href":"https:\/\/ceasuri.md\/ru\/wp-json\/wp\/v2\/types\/product"}],"replies":[{"embeddable":true,"href":"https:\/\/ceasuri.md\/ru\/wp-json\/wp\/v2\/comments?post=30554"}],"wp:featuredmedia":[{"embeddable":true,"href":"https:\/\/ceasuri.md\/ru\/wp-json\/wp\/v2\/media\/30555"}],"wp:attachment":[{"href":"https:\/\/ceasuri.md\/ru\/wp-json\/wp\/v2\/media?parent=30554"}],"wp:term":[{"taxonomy":"product_brand","embeddable":true,"href":"https:\/\/ceasuri.md\/ru\/wp-json\/wp\/v2\/product_brand?post=30554"},{"taxonomy":"product_cat","embeddable":true,"href":"https:\/\/ceasuri.md\/ru\/wp-json\/wp\/v2\/product_cat?post=30554"},{"taxonomy":"product_tag","embeddable":true,"href":"https:\/\/ceasuri.md\/ru\/wp-json\/wp\/v2\/product_tag?post=30554"}],"curies":[{"name":"wp","href":"https:\/\/api.w.org\/{rel}","templated":true}]}}