{"id":30549,"date":"2026-04-02T20:06:03","date_gmt":"2026-04-02T17:06:03","guid":{"rendered":"http:\/\/new.ceasuri.md\/shop\/uncategorized\/casio-baby-g-bgs-100gs-7a\/"},"modified":"2026-04-20T00:06:09","modified_gmt":"2026-04-19T21:06:09","slug":"casio-baby-g-bgs-100gs-7a","status":"publish","type":"product","link":"https:\/\/ceasuri.md\/ru\/shop\/branduri\/casio\/casio-baby-g-bgs-100gs-7a\/","title":{"rendered":"\u0427\u0430\u0441\u044b CASIO BABY-G BGS-100GS-7A"},"content":{"rendered":"<p>Ceasul de m\u00e2n\u0103 Baby-G Step Tracker cu pedometru este conceput pentru femeile care sunt pasionate de fitness, dar c\u0103rora le place s\u0103 r\u0103m\u00e2n\u0103 la mod\u0103 toat\u0103 ziua.<\/p>\n<p>Carcasa anti\u0219oc protejeaz\u0103 mi\u0219carea de \u0219ocuri \u0219i vibra\u021bii.<\/p>\n<p>Retroiluminarea luminoas\u0103 cu LED-uri duble lumineaz\u0103 nu numai afi\u0219ajul LCD, ci \u0219i \u00eentregul cadran.<\/p>\n<p>Pedometrul m\u0103soar\u0103 num\u0103rul de pa\u0219i de la 0 la 999999. Afi\u0219are grafic\u0103 a pa\u0219ilor parcur\u0219i \u00een ultimele 5h.<\/p>\n<p>Istoric al datelor zilnice timp de 8 zile, al datelor s\u0103pt\u0103m\u00e2nale timp de 4 s\u0103pt\u0103m\u00e2ni. Setare \u021bint\u0103 de la 1000 la 50.000. Aten\u021bionare sonor\u0103 de inactivitate.<\/p>\n<p>Inveli\u0219 de neobrit care absoarbe lumina continu\u0103 s\u0103 str\u0103luceasc\u0103 \u00een \u00eentuneric chiar \u0219i dup\u0103 o scurt\u0103 expunere la lumin\u0103.<\/p>\n<p>Al doilea fus orar. Format de 12 \u0219i 24 de ore.<\/p>\n<p>Cronometru cu dou\u0103 citiri de precizie: 1\/100s (\u00eenainte de 1h) \u0219i 1s (dup\u0103 1h) \u0219i un timp de m\u0103surare de 24 de ore.<\/p>\n<p>Cronometru cu num\u0103r\u0103toare invers\u0103 de la 1min la 100min.<\/p>\n<p>Func\u021bie de mi\u0219care a m\u00e2inii. Func\u021bie de activare\/dezactivare a sunetului.<\/p>","protected":false},"excerpt":{"rendered":"<p>Ceasul de m\u00e2n\u0103 Baby-G Step Tracker cu pedometru este conceput pentru femeile care sunt pasionate de fitness, dar c\u0103rora le place s\u0103 r\u0103m\u00e2n\u0103 la mod\u0103 toat\u0103 ziua. Carcasa anti\u0219oc protejeaz\u0103 mi\u0219carea de \u0219ocuri \u0219i vibra\u021bii. Retroiluminarea luminoas\u0103 cu LED-uri duble lumineaz\u0103 nu numai afi\u0219ajul LCD, ci \u0219i \u00eentregul cadran. Pedometrul m\u0103soar\u0103 num\u0103rul de pa\u0219i de [&hellip;]<\/p>\n","protected":false},"featured_media":30550,"comment_status":"closed","ping_status":"open","template":"","meta":{"_acf_changed":false},"product_brand":[],"product_cat":[27,25],"product_tag":[],"class_list":{"0":"post-30549","1":"product","2":"type-product","3":"status-publish","4":"has-post-thumbnail","6":"product_cat-casio","7":"product_cat-ceasuri-dama","8":"pa_brand-casio","9":"pa_braslet-cauciuc","10":"pa_corpus-42-mm","11":"pa_forma-rotund","12":"pa_funcii-accelerometru","13":"pa_funcii-alarma","14":"pa_funcii-calendar","15":"pa_funcii-cronometru","16":"pa_funcii-dual-time","17":"pa_funcii-iluminare","18":"pa_funcii-pedometru","19":"pa_garatia-24-luni","20":"pa_korpus-alb","21":"pa_kvarc-quartz","22":"pa_material-cauciuc","23":"pa_mehanizm-electronic","24":"pa_mehanizm-quartz","25":"pa_remeshok-alb","26":"pa_steklo-cristal-mineral","27":"pa_strana-japonia","28":"pa_voda-10-atm","30":"first","31":"instock","32":"purchasable","33":"product-type-simple"},"acf":[],"_links":{"self":[{"href":"https:\/\/ceasuri.md\/ru\/wp-json\/wp\/v2\/product\/30549","targetHints":{"allow":["GET"]}}],"collection":[{"href":"https:\/\/ceasuri.md\/ru\/wp-json\/wp\/v2\/product"}],"about":[{"href":"https:\/\/ceasuri.md\/ru\/wp-json\/wp\/v2\/types\/product"}],"replies":[{"embeddable":true,"href":"https:\/\/ceasuri.md\/ru\/wp-json\/wp\/v2\/comments?post=30549"}],"wp:featuredmedia":[{"embeddable":true,"href":"https:\/\/ceasuri.md\/ru\/wp-json\/wp\/v2\/media\/30550"}],"wp:attachment":[{"href":"https:\/\/ceasuri.md\/ru\/wp-json\/wp\/v2\/media?parent=30549"}],"wp:term":[{"taxonomy":"product_brand","embeddable":true,"href":"https:\/\/ceasuri.md\/ru\/wp-json\/wp\/v2\/product_brand?post=30549"},{"taxonomy":"product_cat","embeddable":true,"href":"https:\/\/ceasuri.md\/ru\/wp-json\/wp\/v2\/product_cat?post=30549"},{"taxonomy":"product_tag","embeddable":true,"href":"https:\/\/ceasuri.md\/ru\/wp-json\/wp\/v2\/product_tag?post=30549"}],"curies":[{"name":"wp","href":"https:\/\/api.w.org\/{rel}","templated":true}]}}