{"id":30544,"date":"2026-04-02T20:06:03","date_gmt":"2026-04-02T17:06:03","guid":{"rendered":"http:\/\/new.ceasuri.md\/shop\/uncategorized\/casio-baby-g-bgd-560de-2\/"},"modified":"2026-04-20T00:06:08","modified_gmt":"2026-04-19T21:06:08","slug":"casio-baby-g-bgd-560de-2","status":"publish","type":"product","link":"https:\/\/ceasuri.md\/ru\/shop\/branduri\/casio\/casio-baby-g-bgd-560de-2\/","title":{"rendered":"\u0427\u0430\u0441\u044b CASIO BABY-G BGD-560DE-2"},"content":{"rendered":"<p>Ceas cronograf japonez Baby-G pentru femei.<\/p>\n<p>Sticla mineral\u0103 este rezistent\u0103 la zg\u00e2rieturi \u0219i foarte transparent\u0103.<\/p>\n<p>Carcasa ceasului este realizat\u0103 din material polimeric.<\/p>\n<p>Lumina de fundal electroluminescent\u0103 lumineaz\u0103 \u00eentregul cadran, dup\u0103 eliberarea butonului, str\u0103lucirea continu\u0103 pentru o anumit\u0103 perioad\u0103 de timp.<\/p>\n<p>Carcasa rezistent\u0103 la \u0219ocuri protejeaz\u0103 mecanismul de \u0219ocuri \u0219i vibra\u021bii.<\/p>\n<p>Func\u021bia de or\u0103 mondial\u0103, trecerea automat\u0103 la ora de iarn\u0103 \u0219i de var\u0103, posibilitatea de a porni\/opri. Cronometru cu precizie de 1\/100 de secund\u0103 \u0219i m\u0103surare a timpului p\u00e2n\u0103 la 23 ore 59 minute 59,99 secunde. cronometru cu num\u0103r\u0103toare invers\u0103 (interval de timp de 24 ore), calendar automat, afi\u0219aj 12\/24 ore, ceas cu alarm\u0103. Func\u021bie pornire\/oprire sunet buton.<\/p>\n<p>Clasa de rezisten\u021b\u0103 la ap\u0103: 200 de metri, va permite \u00eenotul, scufund\u0103rile \u0219i alte sporturi acvatice.<\/p>\n<p>Curea din polimer cu \u00eenchidere standard.<\/p>","protected":false},"excerpt":{"rendered":"<p>Ceas cronograf japonez Baby-G pentru femei. Sticla mineral\u0103 este rezistent\u0103 la zg\u00e2rieturi \u0219i foarte transparent\u0103. Carcasa ceasului este realizat\u0103 din material polimeric. Lumina de fundal electroluminescent\u0103 lumineaz\u0103 \u00eentregul cadran, dup\u0103 eliberarea butonului, str\u0103lucirea continu\u0103 pentru o anumit\u0103 perioad\u0103 de timp. Carcasa rezistent\u0103 la \u0219ocuri protejeaz\u0103 mecanismul de \u0219ocuri \u0219i vibra\u021bii. Func\u021bia de or\u0103 mondial\u0103, trecerea [&hellip;]<\/p>\n","protected":false},"featured_media":30545,"comment_status":"closed","ping_status":"open","template":"","meta":{"_acf_changed":false},"product_brand":[],"product_cat":[27,25],"product_tag":[],"class_list":{"0":"post-30544","1":"product","2":"type-product","3":"status-publish","4":"has-post-thumbnail","6":"product_cat-casio","7":"product_cat-ceasuri-dama","8":"pa_brand-casio","9":"pa_braslet-cauciuc","10":"pa_corpus-40-mm","11":"pa_forma-octogonala","12":"pa_funcii-alarma","13":"pa_funcii-calendar","14":"pa_funcii-cronometru","15":"pa_funcii-iluminare","16":"pa_funcii-timp-mondial","17":"pa_garatia-24-luni","18":"pa_korpus-albastru-inchis","19":"pa_kvarc-quartz","20":"pa_material-cauciuc","21":"pa_mehanizm-electronic","22":"pa_mehanizm-quartz","23":"pa_remeshok-albastru-inchis","24":"pa_steklo-cristal-mineral","25":"pa_strana-japonia","26":"pa_voda-20-atm","28":"first","29":"instock","30":"purchasable","31":"product-type-simple"},"acf":[],"_links":{"self":[{"href":"https:\/\/ceasuri.md\/ru\/wp-json\/wp\/v2\/product\/30544","targetHints":{"allow":["GET"]}}],"collection":[{"href":"https:\/\/ceasuri.md\/ru\/wp-json\/wp\/v2\/product"}],"about":[{"href":"https:\/\/ceasuri.md\/ru\/wp-json\/wp\/v2\/types\/product"}],"replies":[{"embeddable":true,"href":"https:\/\/ceasuri.md\/ru\/wp-json\/wp\/v2\/comments?post=30544"}],"wp:featuredmedia":[{"embeddable":true,"href":"https:\/\/ceasuri.md\/ru\/wp-json\/wp\/v2\/media\/30545"}],"wp:attachment":[{"href":"https:\/\/ceasuri.md\/ru\/wp-json\/wp\/v2\/media?parent=30544"}],"wp:term":[{"taxonomy":"product_brand","embeddable":true,"href":"https:\/\/ceasuri.md\/ru\/wp-json\/wp\/v2\/product_brand?post=30544"},{"taxonomy":"product_cat","embeddable":true,"href":"https:\/\/ceasuri.md\/ru\/wp-json\/wp\/v2\/product_cat?post=30544"},{"taxonomy":"product_tag","embeddable":true,"href":"https:\/\/ceasuri.md\/ru\/wp-json\/wp\/v2\/product_tag?post=30544"}],"curies":[{"name":"wp","href":"https:\/\/api.w.org\/{rel}","templated":true}]}}