{"id":30534,"date":"2026-04-02T20:06:03","date_gmt":"2026-04-02T17:06:03","guid":{"rendered":"http:\/\/new.ceasuri.md\/shop\/uncategorized\/casio-baby-g-bga-250-1a\/"},"modified":"2026-04-20T00:06:07","modified_gmt":"2026-04-19T21:06:07","slug":"casio-baby-g-bga-250-1a","status":"publish","type":"product","link":"https:\/\/ceasuri.md\/ru\/shop\/branduri\/casio\/casio-baby-g-bga-250-1a\/","title":{"rendered":"\u0427\u0430\u0441\u044b CASIO BABY-G BGA-250-1A"},"content":{"rendered":"<p>Un model din seria &#8222;&#8221;Beach Traveler Series&#8221;&#8221;, cu o tem\u0103 de plaj\u0103 de var\u0103.<\/p>\n<p>Culoarea neagr\u0103 aminte\u0219te de o vedere nocturn\u0103 a unui ora\u0219 de-a lungul unei plaje. Un design care \u00eenvioreaz\u0103 starea de spirit, aduc\u00e2nd \u00een minte amintiri de var\u0103 \u0219i peisaje \u00eendr\u0103gite.<\/p>\n<p>Pentru limita cadranului este folosit un material schelet pentru a reprezenta suprafa\u021ba oceanului.<\/p>\n<p>M\u00e2inile orelor\/minut \u0219i indicii de delimitare sunt proiectate cu motive de c\u00e2rm\u0103 \u0219i ancor\u0103 \u0219i sunt pres\u0103rate cu motive perfecte pentru activit\u0103\u021bile de pe plaj\u0103. Indicii cu bare sunt utiliza\u021bi pentru a crea un finisaj simplu. <\/p>\n<p>De asemenea, este echipat cu un iluminator cu neon, astfel \u00eenc\u00e2t, atunci c\u00e2nd lumina este aprins\u0103, acele orelor \u0219i minutelor str\u0103lucesc \u00een roz \u0219i verde, amintind de o mare fantastic\u0103 de noapte.<\/p>","protected":false},"excerpt":{"rendered":"<p>Un model din seria &#8222;&#8221;Beach Traveler Series&#8221;&#8221;, cu o tem\u0103 de plaj\u0103 de var\u0103. Culoarea neagr\u0103 aminte\u0219te de o vedere nocturn\u0103 a unui ora\u0219 de-a lungul unei plaje. Un design care \u00eenvioreaz\u0103 starea de spirit, aduc\u00e2nd \u00een minte amintiri de var\u0103 \u0219i peisaje \u00eendr\u0103gite. Pentru limita cadranului este folosit un material schelet pentru a reprezenta [&hellip;]<\/p>\n","protected":false},"featured_media":30535,"comment_status":"closed","ping_status":"open","template":"","meta":{"_acf_changed":false},"product_brand":[],"product_cat":[27,25],"product_tag":[],"class_list":{"0":"post-30534","1":"product","2":"type-product","3":"status-publish","4":"has-post-thumbnail","6":"product_cat-casio","7":"product_cat-ceasuri-dama","8":"pa_brand-casio","9":"pa_braslet-plastic","10":"pa_corpus-41-mm","11":"pa_forma-rotund","12":"pa_funcii-alarma","13":"pa_funcii-calendar","14":"pa_funcii-cronometru","15":"pa_funcii-iluminare","16":"pa_funcii-timp-mondial","17":"pa_garatia-24-luni","18":"pa_korpus-negru","19":"pa_kvarc-quartz","20":"pa_material-plastic","21":"pa_mehanizm-electronic","22":"pa_mehanizm-quartz","23":"pa_remeshok-negru","24":"pa_steklo-cristal-mineral","25":"pa_strana-japonia","26":"pa_voda-10-atm","28":"first","29":"instock","30":"purchasable","31":"product-type-simple"},"acf":[],"_links":{"self":[{"href":"https:\/\/ceasuri.md\/ru\/wp-json\/wp\/v2\/product\/30534","targetHints":{"allow":["GET"]}}],"collection":[{"href":"https:\/\/ceasuri.md\/ru\/wp-json\/wp\/v2\/product"}],"about":[{"href":"https:\/\/ceasuri.md\/ru\/wp-json\/wp\/v2\/types\/product"}],"replies":[{"embeddable":true,"href":"https:\/\/ceasuri.md\/ru\/wp-json\/wp\/v2\/comments?post=30534"}],"wp:featuredmedia":[{"embeddable":true,"href":"https:\/\/ceasuri.md\/ru\/wp-json\/wp\/v2\/media\/30535"}],"wp:attachment":[{"href":"https:\/\/ceasuri.md\/ru\/wp-json\/wp\/v2\/media?parent=30534"}],"wp:term":[{"taxonomy":"product_brand","embeddable":true,"href":"https:\/\/ceasuri.md\/ru\/wp-json\/wp\/v2\/product_brand?post=30534"},{"taxonomy":"product_cat","embeddable":true,"href":"https:\/\/ceasuri.md\/ru\/wp-json\/wp\/v2\/product_cat?post=30534"},{"taxonomy":"product_tag","embeddable":true,"href":"https:\/\/ceasuri.md\/ru\/wp-json\/wp\/v2\/product_tag?post=30534"}],"curies":[{"name":"wp","href":"https:\/\/api.w.org\/{rel}","templated":true}]}}