{"id":30531,"date":"2026-04-02T20:06:03","date_gmt":"2026-04-02T17:06:03","guid":{"rendered":"http:\/\/new.ceasuri.md\/shop\/uncategorized\/casio-baby-g-bga-230s-2a\/"},"modified":"2026-04-20T00:06:07","modified_gmt":"2026-04-19T21:06:07","slug":"casio-baby-g-bga-230s-2a","status":"publish","type":"product","link":"https:\/\/ceasuri.md\/ru\/shop\/branduri\/casio\/casio-baby-g-bga-230s-2a\/","title":{"rendered":"\u0427\u0430\u0441\u044b CASIO BABY-G BGA-230S-2A"},"content":{"rendered":"<p>Dac\u0103 c\u0103l\u0103toriile \u0219i sportul nu sunt pentru dvs., nicio problem\u0103, acest ceas va \u00eempodobi \u00eencheietura m\u00e2inii proprietarului s\u0103u \u0219i va deveni un accesoriu elegant pentru fiecare zi!<\/p>\n<p>Carcasa rezistent\u0103 la \u0219ocuri protejeaz\u0103 mi\u0219carea de \u0219ocuri \u0219i vibra\u021bii.<\/p>\n<p>Cadranul este luminat de un LED. Stratul de neobrit care absoarbe lumina continu\u0103 s\u0103 str\u0103luceasc\u0103 \u00een \u00eentuneric chiar \u0219i dup\u0103 o scurt\u0103 perioad\u0103 de timp \u00een lumin\u0103.<\/p>\n<p>Ora mondial\u0103 &#8211; 48 de ora\u0219e (31 de fusuri orare), timp universal coordonat (UTC).<\/p>\n<p>Format de timp de 12 \u0219i 24 de ore.<\/p>\n<p>Cronometru cu o precizie de 1s \u0219i timp de m\u0103surare de 1h.<\/p>\n<p>Cronograf divizat.<\/p>\n<p>Cronometru cu num\u0103r\u0103toare invers\u0103 de la 1min la 1h.<\/p>\n<p>Func\u021bie de activare\/dezactivare a sunetului.<\/p>","protected":false},"excerpt":{"rendered":"<p>Dac\u0103 c\u0103l\u0103toriile \u0219i sportul nu sunt pentru dvs., nicio problem\u0103, acest ceas va \u00eempodobi \u00eencheietura m\u00e2inii proprietarului s\u0103u \u0219i va deveni un accesoriu elegant pentru fiecare zi! Carcasa rezistent\u0103 la \u0219ocuri protejeaz\u0103 mi\u0219carea de \u0219ocuri \u0219i vibra\u021bii. Cadranul este luminat de un LED. Stratul de neobrit care absoarbe lumina continu\u0103 s\u0103 str\u0103luceasc\u0103 \u00een \u00eentuneric chiar [&hellip;]<\/p>\n","protected":false},"featured_media":30532,"comment_status":"closed","ping_status":"open","template":"","meta":{"_acf_changed":false},"product_brand":[],"product_cat":[27,25],"product_tag":[],"class_list":{"0":"post-30531","1":"product","2":"type-product","3":"status-publish","4":"has-post-thumbnail","6":"product_cat-casio","7":"product_cat-ceasuri-dama","8":"pa_brand-casio","9":"pa_braslet-cauciuc","10":"pa_corpus-43-mm","11":"pa_forma-rotund","12":"pa_funcii-alarma","13":"pa_funcii-calendar","14":"pa_funcii-cronometru","15":"pa_funcii-iluminare","16":"pa_funcii-timp-mondial","17":"pa_garatia-24-luni","18":"pa_korpus-albastru-inchis","19":"pa_kvarc-quartz","20":"pa_material-cauciuc","21":"pa_mehanizm-electronic","22":"pa_mehanizm-quartz","23":"pa_remeshok-albastru-inchis","24":"pa_steklo-cristal-mineral","25":"pa_strana-japonia","26":"pa_voda-10-atm","28":"first","29":"instock","30":"purchasable","31":"product-type-simple"},"acf":[],"_links":{"self":[{"href":"https:\/\/ceasuri.md\/ru\/wp-json\/wp\/v2\/product\/30531","targetHints":{"allow":["GET"]}}],"collection":[{"href":"https:\/\/ceasuri.md\/ru\/wp-json\/wp\/v2\/product"}],"about":[{"href":"https:\/\/ceasuri.md\/ru\/wp-json\/wp\/v2\/types\/product"}],"replies":[{"embeddable":true,"href":"https:\/\/ceasuri.md\/ru\/wp-json\/wp\/v2\/comments?post=30531"}],"wp:featuredmedia":[{"embeddable":true,"href":"https:\/\/ceasuri.md\/ru\/wp-json\/wp\/v2\/media\/30532"}],"wp:attachment":[{"href":"https:\/\/ceasuri.md\/ru\/wp-json\/wp\/v2\/media?parent=30531"}],"wp:term":[{"taxonomy":"product_brand","embeddable":true,"href":"https:\/\/ceasuri.md\/ru\/wp-json\/wp\/v2\/product_brand?post=30531"},{"taxonomy":"product_cat","embeddable":true,"href":"https:\/\/ceasuri.md\/ru\/wp-json\/wp\/v2\/product_cat?post=30531"},{"taxonomy":"product_tag","embeddable":true,"href":"https:\/\/ceasuri.md\/ru\/wp-json\/wp\/v2\/product_tag?post=30531"}],"curies":[{"name":"wp","href":"https:\/\/api.w.org\/{rel}","templated":true}]}}