{"id":30524,"date":"2026-04-02T20:06:03","date_gmt":"2026-04-02T17:06:03","guid":{"rendered":"http:\/\/new.ceasuri.md\/shop\/uncategorized\/casio-baby-g-bga-150-1b\/"},"modified":"2026-04-20T00:06:05","modified_gmt":"2026-04-19T21:06:05","slug":"casio-baby-g-bga-150-1b","status":"publish","type":"product","link":"https:\/\/ceasuri.md\/ru\/shop\/branduri\/casio\/casio-baby-g-bga-150-1b\/","title":{"rendered":"\u0427\u0430\u0441\u044b CASIO BABY-G BGA-150-1B"},"content":{"rendered":"<p>Ceasul dumneavoastr\u0103 perfect pentru rezultate excelente.<\/p>\n<p>Carcasa anti\u0219ocuri protejeaz\u0103 mi\u0219carea de \u0219ocuri \u0219i vibra\u021bii.<\/p>\n<p>Cronometru cu precizie de 1\/100sec \u0219i timp de m\u0103surare de 1h.<\/p>\n<p>Cronometru cu num\u0103r\u0103toare invers\u0103 de la 1min la 1h cu repeti\u021bie automat\u0103.<\/p>\n<p>Format de timp de 12 \u0219i 24 de ore.<\/p>","protected":false},"excerpt":{"rendered":"<p>Ceasul dumneavoastr\u0103 perfect pentru rezultate excelente. Carcasa anti\u0219ocuri protejeaz\u0103 mi\u0219carea de \u0219ocuri \u0219i vibra\u021bii. Cronometru cu precizie de 1\/100sec \u0219i timp de m\u0103surare de 1h. Cronometru cu num\u0103r\u0103toare invers\u0103 de la 1min la 1h cu repeti\u021bie automat\u0103. Format de timp de 12 \u0219i 24 de ore.<\/p>","protected":false},"featured_media":30525,"comment_status":"closed","ping_status":"open","template":"","meta":{"_acf_changed":false},"product_brand":[],"product_cat":[27,25],"product_tag":[],"class_list":{"0":"post-30524","1":"product","2":"type-product","3":"status-publish","4":"has-post-thumbnail","6":"product_cat-casio","7":"product_cat-ceasuri-dama","8":"pa_brand-casio","9":"pa_braslet-plastic","10":"pa_corpus-43-mm","11":"pa_forma-rotund","12":"pa_funcii-alarma","13":"pa_funcii-calendar","14":"pa_funcii-cronometru","15":"pa_funcii-dual-time","16":"pa_funcii-iluminare","17":"pa_funcii-timp-mondial","18":"pa_garatia-24-luni","19":"pa_korpus-negru","20":"pa_kvarc-quartz","21":"pa_material-plastic","22":"pa_mehanizm-electronic","23":"pa_mehanizm-quartz","24":"pa_remeshok-negru","25":"pa_steklo-cristal-mineral","26":"pa_strana-japonia","27":"pa_voda-10-atm","29":"first","30":"instock","31":"purchasable","32":"product-type-simple"},"acf":[],"_links":{"self":[{"href":"https:\/\/ceasuri.md\/ru\/wp-json\/wp\/v2\/product\/30524","targetHints":{"allow":["GET"]}}],"collection":[{"href":"https:\/\/ceasuri.md\/ru\/wp-json\/wp\/v2\/product"}],"about":[{"href":"https:\/\/ceasuri.md\/ru\/wp-json\/wp\/v2\/types\/product"}],"replies":[{"embeddable":true,"href":"https:\/\/ceasuri.md\/ru\/wp-json\/wp\/v2\/comments?post=30524"}],"wp:featuredmedia":[{"embeddable":true,"href":"https:\/\/ceasuri.md\/ru\/wp-json\/wp\/v2\/media\/30525"}],"wp:attachment":[{"href":"https:\/\/ceasuri.md\/ru\/wp-json\/wp\/v2\/media?parent=30524"}],"wp:term":[{"taxonomy":"product_brand","embeddable":true,"href":"https:\/\/ceasuri.md\/ru\/wp-json\/wp\/v2\/product_brand?post=30524"},{"taxonomy":"product_cat","embeddable":true,"href":"https:\/\/ceasuri.md\/ru\/wp-json\/wp\/v2\/product_cat?post=30524"},{"taxonomy":"product_tag","embeddable":true,"href":"https:\/\/ceasuri.md\/ru\/wp-json\/wp\/v2\/product_tag?post=30524"}],"curies":[{"name":"wp","href":"https:\/\/api.w.org\/{rel}","templated":true}]}}