{"id":30486,"date":"2026-04-02T20:05:38","date_gmt":"2026-04-02T17:05:38","guid":{"rendered":"http:\/\/new.ceasuri.md\/shop\/uncategorized\/casio-baby-g-ba-110-8a\/"},"modified":"2026-04-20T00:05:58","modified_gmt":"2026-04-19T21:05:58","slug":"casio-baby-g-ba-110-8a","status":"publish","type":"product","link":"https:\/\/ceasuri.md\/ru\/shop\/branduri\/casio\/casio-baby-g-ba-110-8a\/","title":{"rendered":"\u0427\u0430\u0441\u044b CASIO BABY-G BA-110-8A"},"content":{"rendered":"<p>Cu un cadran mare \u0219i protec\u021bii f\u0103r\u0103 lunet\u0103, acest ceas va fi popular printre fetele cu un stil de via\u021b\u0103 activ.<\/p>\n<p>Carcasa anti\u0219oc protejeaz\u0103 mi\u0219carea de \u0219ocuri \u0219i vibra\u021bii.<\/p>\n<p>Cronometru cu precizie de 1\/100s \u0219i timp de m\u0103surare de 24h.<\/p>\n<p>Cronograf divizat.<\/p>\n<p>Cronometru cu num\u0103r\u0103toare invers\u0103 de la 1min la 24h.<\/p>\n<p>Format de 12 ore \u0219i 24 de ore.<\/p>\n<p>Func\u021bie de activare\/dezactivare a sunetului.<\/p>","protected":false},"excerpt":{"rendered":"<p>Cu un cadran mare \u0219i protec\u021bii f\u0103r\u0103 lunet\u0103, acest ceas va fi popular printre fetele cu un stil de via\u021b\u0103 activ. Carcasa anti\u0219oc protejeaz\u0103 mi\u0219carea de \u0219ocuri \u0219i vibra\u021bii. Cronometru cu precizie de 1\/100s \u0219i timp de m\u0103surare de 24h. Cronograf divizat. Cronometru cu num\u0103r\u0103toare invers\u0103 de la 1min la 24h. Format de 12 ore [&hellip;]<\/p>\n","protected":false},"featured_media":30487,"comment_status":"closed","ping_status":"open","template":"","meta":{"_acf_changed":false},"product_brand":[],"product_cat":[27,20,25,697],"product_tag":[],"class_list":{"0":"post-30486","1":"product","2":"type-product","3":"status-publish","4":"has-post-thumbnail","6":"product_cat-casio","7":"product_cat-ceasuri-barbati","8":"product_cat-ceasuri-dama","9":"product_cat-697","10":"pa_brand-casio","11":"pa_braslet-plastic","12":"pa_corpus-43-mm","13":"pa_forma-rotund","14":"pa_funcii-alarma","15":"pa_funcii-calendar","16":"pa_funcii-cronometru","17":"pa_funcii-iluminare","18":"pa_funcii-timp-mondial","19":"pa_garatia-24-luni","20":"pa_korpus-argintiu","21":"pa_kvarc-quartz","22":"pa_material-plastic","23":"pa_mehanizm-electronic","24":"pa_mehanizm-quartz","25":"pa_remeshok-argintiu","26":"pa_steklo-cristal-mineral","27":"pa_strana-japonia","28":"pa_voda-20-atm","30":"first","31":"instock","32":"purchasable","33":"product-type-simple"},"acf":[],"_links":{"self":[{"href":"https:\/\/ceasuri.md\/ru\/wp-json\/wp\/v2\/product\/30486","targetHints":{"allow":["GET"]}}],"collection":[{"href":"https:\/\/ceasuri.md\/ru\/wp-json\/wp\/v2\/product"}],"about":[{"href":"https:\/\/ceasuri.md\/ru\/wp-json\/wp\/v2\/types\/product"}],"replies":[{"embeddable":true,"href":"https:\/\/ceasuri.md\/ru\/wp-json\/wp\/v2\/comments?post=30486"}],"wp:featuredmedia":[{"embeddable":true,"href":"https:\/\/ceasuri.md\/ru\/wp-json\/wp\/v2\/media\/30487"}],"wp:attachment":[{"href":"https:\/\/ceasuri.md\/ru\/wp-json\/wp\/v2\/media?parent=30486"}],"wp:term":[{"taxonomy":"product_brand","embeddable":true,"href":"https:\/\/ceasuri.md\/ru\/wp-json\/wp\/v2\/product_brand?post=30486"},{"taxonomy":"product_cat","embeddable":true,"href":"https:\/\/ceasuri.md\/ru\/wp-json\/wp\/v2\/product_cat?post=30486"},{"taxonomy":"product_tag","embeddable":true,"href":"https:\/\/ceasuri.md\/ru\/wp-json\/wp\/v2\/product_tag?post=30486"}],"curies":[{"name":"wp","href":"https:\/\/api.w.org\/{rel}","templated":true}]}}