{"id":30418,"date":"2026-04-02T20:04:58","date_gmt":"2026-04-02T17:04:58","guid":{"rendered":"http:\/\/new.ceasuri.md\/shop\/uncategorized\/fossil-cecile-am4522\/"},"modified":"2026-04-17T13:24:45","modified_gmt":"2026-04-17T10:24:45","slug":"fossil-cecile-am4522","status":"publish","type":"product","link":"https:\/\/ceasuri.md\/ru\/shop\/branduri\/fossil\/fossil-cecile-am4522\/","title":{"rendered":"Ceas FOSSIL CECILE AM4522"},"content":{"rendered":"<p>Combina\u021bia de elegan\u021b\u0103, feminitate seduc\u0103toare \u0219i func\u021bionalitate &#8211; perfect\u0103 pentru a v\u0103 completa stilul.<\/p>\n<p>Cecile ceas multifunc\u021bional din o\u021bel inoxidabil &#8211; negru.<\/p>\n<p>Format de timp de 12 \u0219i 24 de ore.<\/p>\n<p>Coroan\u0103 protejat\u0103.<\/p>\n<p>Br\u0103\u021bar\u0103 cu \u00eenchidere pliabil\u0103.<\/p>","protected":false},"excerpt":{"rendered":"<p>Combina\u021bia de elegan\u021b\u0103, feminitate seduc\u0103toare \u0219i func\u021bionalitate &#8211; perfect\u0103 pentru a v\u0103 completa stilul. Cecile ceas multifunc\u021bional din o\u021bel inoxidabil &#8211; negru. Format de timp de 12 \u0219i 24 de ore. Coroan\u0103 protejat\u0103. Br\u0103\u021bar\u0103 cu \u00eenchidere pliabil\u0103.<\/p>","protected":false},"featured_media":30419,"comment_status":"closed","ping_status":"open","template":"","meta":{"_acf_changed":false},"product_brand":[],"product_cat":[25,396],"product_tag":[],"class_list":{"0":"post-30418","1":"product","2":"type-product","3":"status-publish","4":"has-post-thumbnail","6":"product_cat-ceasuri-dama","7":"product_cat-fossil","8":"pa_brand-fossil","9":"pa_braslet-otel-inoxidabil","10":"pa_corpus-40mm","11":"pa_decor-cristale-swarowski","12":"pa_forma-rotund","13":"pa_funcii-data","14":"pa_funcii-ziua-saptamanii","15":"pa_garatia-24-luni","16":"pa_korpus-negru","17":"pa_kvarc-quartz","18":"pa_material-otel-inoxidabil-periat","19":"pa_mehanizm-quartz","20":"pa_remeshok-negru","21":"pa_steklo-cristal-mineral","22":"pa_strana-sua","23":"pa_voda-10-atm","25":"first","26":"instock","27":"purchasable","28":"product-type-simple"},"acf":[],"_links":{"self":[{"href":"https:\/\/ceasuri.md\/ru\/wp-json\/wp\/v2\/product\/30418","targetHints":{"allow":["GET"]}}],"collection":[{"href":"https:\/\/ceasuri.md\/ru\/wp-json\/wp\/v2\/product"}],"about":[{"href":"https:\/\/ceasuri.md\/ru\/wp-json\/wp\/v2\/types\/product"}],"replies":[{"embeddable":true,"href":"https:\/\/ceasuri.md\/ru\/wp-json\/wp\/v2\/comments?post=30418"}],"wp:featuredmedia":[{"embeddable":true,"href":"https:\/\/ceasuri.md\/ru\/wp-json\/wp\/v2\/media\/30419"}],"wp:attachment":[{"href":"https:\/\/ceasuri.md\/ru\/wp-json\/wp\/v2\/media?parent=30418"}],"wp:term":[{"taxonomy":"product_brand","embeddable":true,"href":"https:\/\/ceasuri.md\/ru\/wp-json\/wp\/v2\/product_brand?post=30418"},{"taxonomy":"product_cat","embeddable":true,"href":"https:\/\/ceasuri.md\/ru\/wp-json\/wp\/v2\/product_cat?post=30418"},{"taxonomy":"product_tag","embeddable":true,"href":"https:\/\/ceasuri.md\/ru\/wp-json\/wp\/v2\/product_tag?post=30418"}],"curies":[{"name":"wp","href":"https:\/\/api.w.org\/{rel}","templated":true}]}}