{"id":30370,"date":"2026-04-02T20:04:30","date_gmt":"2026-04-02T17:04:30","guid":{"rendered":"http:\/\/new.ceasuri.md\/shop\/uncategorized\/casio-collection-ae-3000w-1a\/"},"modified":"2026-04-15T16:22:17","modified_gmt":"2026-04-15T13:22:17","slug":"casio-collection-ae-3000w-1a","status":"publish","type":"product","link":"https:\/\/ceasuri.md\/ru\/shop\/branduri\/casio\/casio-collection-ae-3000w-1a\/","title":{"rendered":"Ceas CASIO COLLECTION AE-3000W-1A"},"content":{"rendered":"<p>Un ceas b\u0103rb\u0103tesc casual cu un afi\u0219aj mare \u0219i informativ \u0219i func\u021bii avansate de ceas mondial.<\/p>\n<p>Cadranul este iluminat de un LED. Ora mondial\u0103 &#8211; 48 de ora\u0219e (31 de fusuri orare), timp universal coordonat (UTC). Comutare automat\u0103 la ora de iarn\u0103 \u0219i de var\u0103, posibilitatea de a activa\/dezactiva aceast\u0103 func\u021bie. Afi\u0219area simultan\u0103 a orei curente \u00een trei ora\u0219e<\/p>\n<p>.<\/p>\n<p>Afi\u0219ajul rotund convex prezint\u0103 o hart\u0103 a lumii cu zonele orare. Format de 12 \u0219i 24 de ore.<\/p>\n<p>Cronometru cu o precizie de 1\/100sec \u0219i un timp de m\u0103surare de 24h. Cronograf divizat. Cronometru cu num\u0103r\u0103toare invers\u0103 de la 1s la 24h.<\/p>\n<p>Func\u021bie de activare\/dezactivare a sunetului.<\/p>","protected":false},"excerpt":{"rendered":"<p>Un ceas b\u0103rb\u0103tesc casual cu un afi\u0219aj mare \u0219i informativ \u0219i func\u021bii avansate de ceas mondial. Cadranul este iluminat de un LED. Ora mondial\u0103 &#8211; 48 de ora\u0219e (31 de fusuri orare), timp universal coordonat (UTC). Comutare automat\u0103 la ora de iarn\u0103 \u0219i de var\u0103, posibilitatea de a activa\/dezactiva aceast\u0103 func\u021bie. Afi\u0219area simultan\u0103 a orei [&hellip;]<\/p>\n","protected":false},"featured_media":30371,"comment_status":"closed","ping_status":"open","template":"","meta":{"_acf_changed":false},"product_brand":[],"product_cat":[27,20],"product_tag":[],"class_list":{"0":"post-30370","1":"product","2":"type-product","3":"status-publish","4":"has-post-thumbnail","6":"product_cat-casio","7":"product_cat-ceasuri-barbati","8":"pa_brand-casio","9":"pa_braslet-plastic","10":"pa_corpus-55-mm","11":"pa_forma-rotund","12":"pa_funcii-alarma","13":"pa_funcii-calendar","14":"pa_funcii-cronometru","15":"pa_funcii-dual-time","16":"pa_funcii-iluminare","17":"pa_funcii-special-edition","18":"pa_garatia-24-luni","19":"pa_korpus-negru","20":"pa_kvarc-quartz","21":"pa_material-plastic","22":"pa_mehanizm-electronic","23":"pa_remeshok-negru","24":"pa_steklo-plastic","25":"pa_strana-japonia","26":"pa_voda-10-atm","28":"first","29":"instock","30":"purchasable","31":"product-type-simple"},"acf":[],"_links":{"self":[{"href":"https:\/\/ceasuri.md\/ru\/wp-json\/wp\/v2\/product\/30370","targetHints":{"allow":["GET"]}}],"collection":[{"href":"https:\/\/ceasuri.md\/ru\/wp-json\/wp\/v2\/product"}],"about":[{"href":"https:\/\/ceasuri.md\/ru\/wp-json\/wp\/v2\/types\/product"}],"replies":[{"embeddable":true,"href":"https:\/\/ceasuri.md\/ru\/wp-json\/wp\/v2\/comments?post=30370"}],"wp:featuredmedia":[{"embeddable":true,"href":"https:\/\/ceasuri.md\/ru\/wp-json\/wp\/v2\/media\/30371"}],"wp:attachment":[{"href":"https:\/\/ceasuri.md\/ru\/wp-json\/wp\/v2\/media?parent=30370"}],"wp:term":[{"taxonomy":"product_brand","embeddable":true,"href":"https:\/\/ceasuri.md\/ru\/wp-json\/wp\/v2\/product_brand?post=30370"},{"taxonomy":"product_cat","embeddable":true,"href":"https:\/\/ceasuri.md\/ru\/wp-json\/wp\/v2\/product_cat?post=30370"},{"taxonomy":"product_tag","embeddable":true,"href":"https:\/\/ceasuri.md\/ru\/wp-json\/wp\/v2\/product_tag?post=30370"}],"curies":[{"name":"wp","href":"https:\/\/api.w.org\/{rel}","templated":true}]}}