{"id":30357,"date":"2026-04-02T20:04:30","date_gmt":"2026-04-02T17:04:30","guid":{"rendered":"http:\/\/new.ceasuri.md\/shop\/uncategorized\/casio-collection-ae-1200wh-1avef\/"},"modified":"2026-04-20T00:05:39","modified_gmt":"2026-04-19T21:05:39","slug":"casio-collection-ae-1200wh-1avef","status":"publish","type":"product","link":"https:\/\/ceasuri.md\/ru\/shop\/branduri\/casio\/casio-collection-ae-1200wh-1avef\/","title":{"rendered":"\u0427\u0430\u0441\u044b CASIO COLLECTION AE-1200WH-1AVEF"},"content":{"rendered":"<p>Design elegant, multifunc\u021bionalitate \u0219i carcas\u0103 solid\u0103 din plastic &#8211; calitate \u0219i confort maxim.<\/p>\n<p>Cronometru cu o precizie de citire de 1\/100s \u0219i un timp de m\u0103surare de 24h.<\/p>\n<p>Cronometru cu num\u0103r\u0103toare invers\u0103 de la 1c la 24h.<\/p>\n<p>Ora universal\u0103. Format de 12 \u0219i 24 de ore.<\/p>\n<p>Func\u021bie de activare\/dezactivare a sunetului.<\/p>","protected":false},"excerpt":{"rendered":"<p>Design elegant, multifunc\u021bionalitate \u0219i carcas\u0103 solid\u0103 din plastic &#8211; calitate \u0219i confort maxim. Cronometru cu o precizie de citire de 1\/100s \u0219i un timp de m\u0103surare de 24h. Cronometru cu num\u0103r\u0103toare invers\u0103 de la 1c la 24h. Ora universal\u0103. Format de 12 \u0219i 24 de ore. Func\u021bie de activare\/dezactivare a sunetului.<\/p>","protected":false},"featured_media":30358,"comment_status":"closed","ping_status":"open","template":"","meta":{"_acf_changed":false},"product_brand":[],"product_cat":[27,20],"product_tag":[],"class_list":{"0":"post-30357","1":"product","2":"type-product","3":"status-publish","4":"has-post-thumbnail","6":"product_cat-casio","7":"product_cat-ceasuri-barbati","8":"pa_brand-casio","9":"pa_braslet-plastic","10":"pa_corpus-42x45mm","11":"pa_forma-dreptunghiular","12":"pa_forma-octogonala","13":"pa_funcii-alarma","14":"pa_funcii-calendar","15":"pa_funcii-cronometru","16":"pa_funcii-iluminare","17":"pa_funcii-timp-mondial","18":"pa_garatia-24-luni","19":"pa_korpus-negru","20":"pa_kvarc-quartz","21":"pa_material-plastic","22":"pa_mehanizm-electronic","23":"pa_remeshok-negru","24":"pa_steklo-plastic","25":"pa_strana-japonia","26":"pa_voda-10-atm","28":"first","29":"instock","30":"purchasable","31":"product-type-simple"},"acf":[],"_links":{"self":[{"href":"https:\/\/ceasuri.md\/ru\/wp-json\/wp\/v2\/product\/30357","targetHints":{"allow":["GET"]}}],"collection":[{"href":"https:\/\/ceasuri.md\/ru\/wp-json\/wp\/v2\/product"}],"about":[{"href":"https:\/\/ceasuri.md\/ru\/wp-json\/wp\/v2\/types\/product"}],"replies":[{"embeddable":true,"href":"https:\/\/ceasuri.md\/ru\/wp-json\/wp\/v2\/comments?post=30357"}],"wp:featuredmedia":[{"embeddable":true,"href":"https:\/\/ceasuri.md\/ru\/wp-json\/wp\/v2\/media\/30358"}],"wp:attachment":[{"href":"https:\/\/ceasuri.md\/ru\/wp-json\/wp\/v2\/media?parent=30357"}],"wp:term":[{"taxonomy":"product_brand","embeddable":true,"href":"https:\/\/ceasuri.md\/ru\/wp-json\/wp\/v2\/product_brand?post=30357"},{"taxonomy":"product_cat","embeddable":true,"href":"https:\/\/ceasuri.md\/ru\/wp-json\/wp\/v2\/product_cat?post=30357"},{"taxonomy":"product_tag","embeddable":true,"href":"https:\/\/ceasuri.md\/ru\/wp-json\/wp\/v2\/product_tag?post=30357"}],"curies":[{"name":"wp","href":"https:\/\/api.w.org\/{rel}","templated":true}]}}