{"id":30347,"date":"2026-04-02T20:04:30","date_gmt":"2026-04-02T17:04:30","guid":{"rendered":"http:\/\/new.ceasuri.md\/shop\/uncategorized\/casio-collection-ad-s800wh-2a\/"},"modified":"2026-04-20T00:05:37","modified_gmt":"2026-04-19T21:05:37","slug":"casio-collection-ad-s800wh-2a","status":"publish","type":"product","link":"https:\/\/ceasuri.md\/ru\/shop\/branduri\/casio\/casio-collection-ad-s800wh-2a\/","title":{"rendered":"\u0427\u0430\u0441\u044b CASIO COLLECTION AD-S800WH-2A"},"content":{"rendered":"<p>Un ceas multifunc\u021bional \u0219i discret, cu un stil sportiv, care reprezint\u0103 alegerea perfect\u0103 pentru b\u0103rba\u021bii moderni.<\/p>\n<p>Combina\u021bie analogic\u0103-digital\u0103. Cadran LCD iluminat cu LED. Alimentat cu energie solar\u0103, indicator de \u00eenc\u0103rcare a bateriei. Func\u021bie automat\u0103 de economisire a energiei (dezactiveaz\u0103 afi\u0219ajul LCD). Durata de via\u021b\u0103 a bateriei f\u0103r\u0103 re\u00eenc\u0103rcare &#8211; 10 luni, cu func\u021bia de economisire a energiei activat\u0103 &#8211; 23 de luni.<\/p>\n<p>Cronometru cu o precizie de citire de 1\/100s \u0219i un timp de m\u0103surare de 1h. Dou\u0103 cronometre cu num\u0103r\u0103toare invers\u0103 de la 5s la 100min cu num\u0103r reglabil de repet\u0103ri de la 1 la 10. Ora universal\u0103. Format de 12 \u0219i 24 de ore.<\/p>\n<p>\u0218ase limbi de afi\u0219are a zilei s\u0103pt\u0103m\u00e2nii: englez\u0103, portughez\u0103, spaniol\u0103, francez\u0103, german\u0103 \u0219i italian\u0103.<\/p>\n<p>Func\u021bie de activare\/dezactivare a sunetului.<\/p>","protected":false},"excerpt":{"rendered":"<p>Un ceas multifunc\u021bional \u0219i discret, cu un stil sportiv, care reprezint\u0103 alegerea perfect\u0103 pentru b\u0103rba\u021bii moderni. Combina\u021bie analogic\u0103-digital\u0103. Cadran LCD iluminat cu LED. Alimentat cu energie solar\u0103, indicator de \u00eenc\u0103rcare a bateriei. Func\u021bie automat\u0103 de economisire a energiei (dezactiveaz\u0103 afi\u0219ajul LCD). Durata de via\u021b\u0103 a bateriei f\u0103r\u0103 re\u00eenc\u0103rcare &#8211; 10 luni, cu func\u021bia de economisire [&hellip;]<\/p>\n","protected":false},"featured_media":30348,"comment_status":"closed","ping_status":"open","template":"","meta":{"_acf_changed":false},"product_brand":[],"product_cat":[27,20],"product_tag":[],"class_list":{"0":"post-30347","1":"product","2":"type-product","3":"status-publish","4":"has-post-thumbnail","6":"product_cat-casio","7":"product_cat-ceasuri-barbati","8":"pa_brand-casio","9":"pa_braslet-plastic","10":"pa_corpus-54-mm","11":"pa_forma-rotund","12":"pa_funcii-alarma","13":"pa_funcii-calendar","14":"pa_funcii-cronometru","15":"pa_funcii-iluminare","16":"pa_funcii-rezerva-de-energie","17":"pa_funcii-timp-mondial","18":"pa_garatia-24-luni","19":"pa_korpus-albastru-inchis","20":"pa_kvarc-quartz","21":"pa_material-plastic","22":"pa_mehanizm-baterie-solara","23":"pa_remeshok-albastru-inchis","24":"pa_steklo-cristal-mineral","25":"pa_strana-japonia","26":"pa_voda-20-atm","28":"first","29":"instock","30":"purchasable","31":"product-type-simple"},"acf":[],"_links":{"self":[{"href":"https:\/\/ceasuri.md\/ru\/wp-json\/wp\/v2\/product\/30347","targetHints":{"allow":["GET"]}}],"collection":[{"href":"https:\/\/ceasuri.md\/ru\/wp-json\/wp\/v2\/product"}],"about":[{"href":"https:\/\/ceasuri.md\/ru\/wp-json\/wp\/v2\/types\/product"}],"replies":[{"embeddable":true,"href":"https:\/\/ceasuri.md\/ru\/wp-json\/wp\/v2\/comments?post=30347"}],"wp:featuredmedia":[{"embeddable":true,"href":"https:\/\/ceasuri.md\/ru\/wp-json\/wp\/v2\/media\/30348"}],"wp:attachment":[{"href":"https:\/\/ceasuri.md\/ru\/wp-json\/wp\/v2\/media?parent=30347"}],"wp:term":[{"taxonomy":"product_brand","embeddable":true,"href":"https:\/\/ceasuri.md\/ru\/wp-json\/wp\/v2\/product_brand?post=30347"},{"taxonomy":"product_cat","embeddable":true,"href":"https:\/\/ceasuri.md\/ru\/wp-json\/wp\/v2\/product_cat?post=30347"},{"taxonomy":"product_tag","embeddable":true,"href":"https:\/\/ceasuri.md\/ru\/wp-json\/wp\/v2\/product_tag?post=30347"}],"curies":[{"name":"wp","href":"https:\/\/api.w.org\/{rel}","templated":true}]}}