{"id":30297,"date":"2026-04-02T20:03:56","date_gmt":"2026-04-02T17:03:56","guid":{"rendered":"http:\/\/new.ceasuri.md\/shop\/uncategorized\/louis-erard-1931-gmt-big-date-94205aa03\/"},"modified":"2026-04-20T00:30:51","modified_gmt":"2026-04-19T21:30:51","slug":"louis-erard-1931-gmt-big-date-94205aa03","status":"publish","type":"product","link":"https:\/\/ceasuri.md\/ru\/shop\/branduri\/louis-erard\/louis-erard-1931-gmt-big-date-94205aa03\/","title":{"rendered":"\u0427\u0430\u0441\u044b LOUIS ERARD 1931 GMT Big Date 94205AA03"},"content":{"rendered":"<p><a href=\"\/\/ceasuri.md\/wp-content\/uploads\/2021\/08\/le.png\u201d\"><img decoding=\"async\" class=\"\u201ealignnone\" src=\"\/\/ceasuri.md\/wp-content\/uploads\/2021\/08\/le.png\u201d\" alt=\"\u201e\u201d\u201e\" width=\"\u201d1206\u201e\" height=\"\u201d500\u201d\" \/><\/a><\/p>\n<\/p>\n<\/p>\n<\/p>\n<\/p>\n<p>.<\/p>\n<p>Ceas mecanic cu baleiaj automat pentru b\u0103rba\u021bi.<\/p>\n<p>Carcasa din o\u021bel inoxidabil, spatele carcasei din cristal de safir. Diametru: 40 mm, grosimea carcasei: 11 mm.<\/p>\n<p>Cadran skeletonizat lustruit, m\u00e2ini lustruite. Dou\u0103 ferestre mari pentru dat\u0103 \u0219i dou\u0103 fusuri orare.<\/p>\n<p>Curea din piele maro de calitate cu \u00eenchidere fluture.<\/p>\n<p>Cristalul safir protejeaz\u0103 ceasul de zg\u00e2rieturi.<\/p>\n<p>Ceasul Louis Erard este propulsat de mi\u0219carea ETA TT 651 Soprod.<\/p>","protected":false},"excerpt":{"rendered":"<p>. Ceas mecanic cu baleiaj automat pentru b\u0103rba\u021bi. Carcasa din o\u021bel inoxidabil, spatele carcasei din cristal de safir. Diametru: 40 mm, grosimea carcasei: 11 mm. Cadran skeletonizat lustruit, m\u00e2ini lustruite. Dou\u0103 ferestre mari pentru dat\u0103 \u0219i dou\u0103 fusuri orare. Curea din piele maro de calitate cu \u00eenchidere fluture. Cristalul safir protejeaz\u0103 ceasul de zg\u00e2rieturi. Ceasul [&hellip;]<\/p>\n","protected":false},"featured_media":30298,"comment_status":"closed","ping_status":"open","template":"","meta":{"_acf_changed":false},"product_brand":[],"product_cat":[20,106,342],"product_tag":[595,691,693,695,692],"class_list":{"0":"post-30297","1":"product","2":"type-product","3":"status-publish","4":"has-post-thumbnail","6":"product_cat-ceasuri-barbati","7":"product_cat-ceasuri-premium","8":"product_cat-louis-erard","9":"product_tag-cronograf","10":"product_tag-691","11":"product_tag-693","12":"product_tag-695","13":"product_tag-692","14":"pa_brand-louis-erard","15":"pa_braslet-piele","16":"pa_corpus-40-mm","17":"pa_forma-rotund","18":"pa_funcii-data","19":"pa_funcii-dual-time","20":"pa_funcii-schelet","21":"pa_garatia-24-luni","22":"pa_korpus-argintiu","23":"pa_material-otel-inoxidabil","24":"pa_mehanizm-mecanic","25":"pa_mehanizm-mecanism-automatic","26":"pa_remeshok-maro","27":"pa_steklo-cristal-safir","28":"pa_strana-elvetia","29":"pa_voda-5-atm","31":"first","32":"instock","33":"purchasable","34":"product-type-simple"},"acf":[],"_links":{"self":[{"href":"https:\/\/ceasuri.md\/ru\/wp-json\/wp\/v2\/product\/30297","targetHints":{"allow":["GET"]}}],"collection":[{"href":"https:\/\/ceasuri.md\/ru\/wp-json\/wp\/v2\/product"}],"about":[{"href":"https:\/\/ceasuri.md\/ru\/wp-json\/wp\/v2\/types\/product"}],"replies":[{"embeddable":true,"href":"https:\/\/ceasuri.md\/ru\/wp-json\/wp\/v2\/comments?post=30297"}],"wp:featuredmedia":[{"embeddable":true,"href":"https:\/\/ceasuri.md\/ru\/wp-json\/wp\/v2\/media\/30298"}],"wp:attachment":[{"href":"https:\/\/ceasuri.md\/ru\/wp-json\/wp\/v2\/media?parent=30297"}],"wp:term":[{"taxonomy":"product_brand","embeddable":true,"href":"https:\/\/ceasuri.md\/ru\/wp-json\/wp\/v2\/product_brand?post=30297"},{"taxonomy":"product_cat","embeddable":true,"href":"https:\/\/ceasuri.md\/ru\/wp-json\/wp\/v2\/product_cat?post=30297"},{"taxonomy":"product_tag","embeddable":true,"href":"https:\/\/ceasuri.md\/ru\/wp-json\/wp\/v2\/product_tag?post=30297"}],"curies":[{"name":"wp","href":"https:\/\/api.w.org\/{rel}","templated":true}]}}