{"id":30293,"date":"2026-04-02T20:03:56","date_gmt":"2026-04-02T17:03:56","guid":{"rendered":"http:\/\/new.ceasuri.md\/shop\/uncategorized\/roamer-elements-940833-41-14-09\/"},"modified":"2026-04-16T21:06:33","modified_gmt":"2026-04-16T18:06:33","slug":"roamer-elements-940833-41-14-09","status":"publish","type":"product","link":"https:\/\/ceasuri.md\/ru\/shop\/branduri\/roamer\/roamer-elements-940833-41-14-09\/","title":{"rendered":"Ceas ROAMER 940833 41 14 09"},"content":{"rendered":"<p>Mi\u0219c\u0103rile elve\u021biene precise care ac\u021bioneaz\u0103 m\u00e2inile ceasurilor ROAMER sunt realizate cu o grij\u0103 f\u0103r\u0103 compromisuri, \u00een timp ce compozi\u021bia materialelor de lung\u0103 durat\u0103 alese cu mare aten\u021bie la detalii \u0219i formele armonioase exprim\u0103 rafinament \u0219i un caracter atemporal.<\/p>","protected":false},"excerpt":{"rendered":"<p>Mi\u0219c\u0103rile elve\u021biene precise care ac\u021bioneaz\u0103 m\u00e2inile ceasurilor ROAMER sunt realizate cu o grij\u0103 f\u0103r\u0103 compromisuri, \u00een timp ce compozi\u021bia materialelor de lung\u0103 durat\u0103 alese cu mare aten\u021bie la detalii \u0219i formele armonioase exprim\u0103 rafinament \u0219i un caracter atemporal.<\/p>","protected":false},"featured_media":30294,"comment_status":"closed","ping_status":"open","template":"","meta":{"_acf_changed":false},"product_brand":[],"product_cat":[20,316,23],"product_tag":[],"class_list":{"0":"post-30293","1":"product","2":"type-product","3":"status-publish","4":"has-post-thumbnail","6":"product_cat-ceasuri-barbati","7":"product_cat-roamer","8":"product_cat-sale-ceasuri-barbati","9":"pa_brand-roamer","10":"pa_braslet-piele","11":"pa_corpus-34x40mm","12":"pa_forma-patrat","13":"pa_funcii-data","14":"pa_garatia-6-luni","15":"pa_korpus-argintiu","16":"pa_kvarc-quartz","17":"pa_material-otel-inoxidabil","18":"pa_mehanizm-quartz","19":"pa_remeshok-negru","20":"pa_steklo-cristal-safir","21":"pa_strana-elvetia","22":"pa_voda-5-atm","24":"first","25":"instock","26":"sale","27":"purchasable","28":"product-type-simple"},"acf":[],"_links":{"self":[{"href":"https:\/\/ceasuri.md\/ru\/wp-json\/wp\/v2\/product\/30293","targetHints":{"allow":["GET"]}}],"collection":[{"href":"https:\/\/ceasuri.md\/ru\/wp-json\/wp\/v2\/product"}],"about":[{"href":"https:\/\/ceasuri.md\/ru\/wp-json\/wp\/v2\/types\/product"}],"replies":[{"embeddable":true,"href":"https:\/\/ceasuri.md\/ru\/wp-json\/wp\/v2\/comments?post=30293"}],"wp:featuredmedia":[{"embeddable":true,"href":"https:\/\/ceasuri.md\/ru\/wp-json\/wp\/v2\/media\/30294"}],"wp:attachment":[{"href":"https:\/\/ceasuri.md\/ru\/wp-json\/wp\/v2\/media?parent=30293"}],"wp:term":[{"taxonomy":"product_brand","embeddable":true,"href":"https:\/\/ceasuri.md\/ru\/wp-json\/wp\/v2\/product_brand?post=30293"},{"taxonomy":"product_cat","embeddable":true,"href":"https:\/\/ceasuri.md\/ru\/wp-json\/wp\/v2\/product_cat?post=30293"},{"taxonomy":"product_tag","embeddable":true,"href":"https:\/\/ceasuri.md\/ru\/wp-json\/wp\/v2\/product_tag?post=30293"}],"curies":[{"name":"wp","href":"https:\/\/api.w.org\/{rel}","templated":true}]}}