{"id":30289,"date":"2026-04-02T20:03:56","date_gmt":"2026-04-02T17:03:56","guid":{"rendered":"http:\/\/new.ceasuri.md\/shop\/uncategorized\/edox-class-1-spirit-of-norway-94001-3n-ain\/"},"modified":"2026-04-20T00:19:51","modified_gmt":"2026-04-19T21:19:51","slug":"edox-class-1-spirit-of-norway-94001-3n-ain","status":"publish","type":"product","link":"https:\/\/ceasuri.md\/ru\/shop\/branduri\/edox\/edox-class-1-spirit-of-norway-94001-3n-ain\/","title":{"rendered":"\u0427\u0430\u0441\u044b EDOX CLASS 1 SPIRIT OF NORWAY 94001-3N-AIN"},"content":{"rendered":"<p><a><img \/><\/a><\/p>\n<p>Class1 Limited Edition un frumos ceas automat fabricat \u00een Elve\u021bia de Edox.<\/p>\n<p>Cu mult caracter, cadranul argintiu texturat prezint\u0103 o fereastr\u0103 cu dat\u0103 la ora 12, un indicator al rezervei de energie la ora 6 \u0219i o gravur\u0103 &#8222;&#8221;edi\u021bie limitat\u0103&#8221;&#8221; aproape de ora 3.<\/p>\n<p>Ceasul este limitat la doar 100 de piese la nivel mondial. <\/p>\n<p>Cu rezisten\u021ba sa la ap\u0103 de 500 m, curea din cauciuc confortabil\u0103 \u0219i supap\u0103 de evacuare a heliului la ora 10, ceasul este un companion sportiv potrivit.<\/p>\n<p>De asemenea, v\u0103 pute\u021bi a\u0219tepta la un nivel de finisare extraordinar, ca la orice ceas Edox. \u00cen concluzie, un ceas fantastic!<\/p>","protected":false},"excerpt":{"rendered":"<p>Class1 Limited Edition un frumos ceas automat fabricat \u00een Elve\u021bia de Edox. Cu mult caracter, cadranul argintiu texturat prezint\u0103 o fereastr\u0103 cu dat\u0103 la ora 12, un indicator al rezervei de energie la ora 6 \u0219i o gravur\u0103 &#8222;&#8221;edi\u021bie limitat\u0103&#8221;&#8221; aproape de ora 3. Ceasul este limitat la doar 100 de piese la nivel mondial. [&hellip;]<\/p>\n","protected":false},"featured_media":30290,"comment_status":"closed","ping_status":"open","template":"","meta":{"_acf_changed":false},"product_brand":[],"product_cat":[20,106,107,205],"product_tag":[],"class_list":{"0":"post-30289","1":"product","2":"type-product","3":"status-publish","4":"has-post-thumbnail","6":"product_cat-ceasuri-barbati","7":"product_cat-ceasuri-premium","8":"product_cat-edox","9":"product_cat-limited-edition","10":"pa_brand-edox","11":"pa_braslet-cauciuc","12":"pa_corpus-44-mm","13":"pa_forma-rotund","14":"pa_funcii-data","15":"pa_funcii-limited-edition","16":"pa_funcii-rezerva-de-energie","17":"pa_garatia-24-luni","18":"pa_korpus-argintiu","19":"pa_material-ceramica","20":"pa_material-otel-inoxidabil","21":"pa_mehanizm-mecanic","22":"pa_mehanizm-mecanism-automatic","23":"pa_remeshok-negru","24":"pa_steklo-cristal-safir","25":"pa_strana-elvetia","26":"pa_voda-50-atm","28":"first","29":"instock","30":"purchasable","31":"product-type-simple"},"acf":[],"_links":{"self":[{"href":"https:\/\/ceasuri.md\/ru\/wp-json\/wp\/v2\/product\/30289","targetHints":{"allow":["GET"]}}],"collection":[{"href":"https:\/\/ceasuri.md\/ru\/wp-json\/wp\/v2\/product"}],"about":[{"href":"https:\/\/ceasuri.md\/ru\/wp-json\/wp\/v2\/types\/product"}],"replies":[{"embeddable":true,"href":"https:\/\/ceasuri.md\/ru\/wp-json\/wp\/v2\/comments?post=30289"}],"wp:featuredmedia":[{"embeddable":true,"href":"https:\/\/ceasuri.md\/ru\/wp-json\/wp\/v2\/media\/30290"}],"wp:attachment":[{"href":"https:\/\/ceasuri.md\/ru\/wp-json\/wp\/v2\/media?parent=30289"}],"wp:term":[{"taxonomy":"product_brand","embeddable":true,"href":"https:\/\/ceasuri.md\/ru\/wp-json\/wp\/v2\/product_brand?post=30289"},{"taxonomy":"product_cat","embeddable":true,"href":"https:\/\/ceasuri.md\/ru\/wp-json\/wp\/v2\/product_cat?post=30289"},{"taxonomy":"product_tag","embeddable":true,"href":"https:\/\/ceasuri.md\/ru\/wp-json\/wp\/v2\/product_tag?post=30289"}],"curies":[{"name":"wp","href":"https:\/\/api.w.org\/{rel}","templated":true}]}}