{"id":30285,"date":"2021-11-30T17:54:00","date_gmt":"2021-11-30T15:54:00","guid":{"rendered":"http:\/\/new.ceasuri.md\/shop\/uncategorized\/roamer-uranos-939833-49-22-09\/"},"modified":"2026-05-01T14:25:22","modified_gmt":"2026-05-01T11:25:22","slug":"roamer-uranos-939833-49-22-09","status":"publish","type":"product","link":"https:\/\/ceasuri.md\/ru\/shop\/branduri\/roamer\/roamer-uranos-939833-49-22-09\/","title":{"rendered":"\u0427\u0430\u0441\u044b ROAMER URANOS 939833 49 22 09"},"content":{"rendered":"<p>Mi\u0219c\u0103rile elve\u021biene precise care ac\u021bioneaz\u0103 m\u00e2inile ceasurilor ROAMER sunt realizate cu o grij\u0103 f\u0103r\u0103 compromisuri, \u00een timp ce compozi\u021bia materialelor de lung\u0103 durat\u0103 alese cu mare aten\u021bie la detalii \u0219i formele armonioase exprim\u0103 rafinament \u0219i un caracter atemporal.<\/p>","protected":false},"excerpt":{"rendered":"<p>Mi\u0219c\u0103rile elve\u021biene precise care ac\u021bioneaz\u0103 m\u00e2inile ceasurilor ROAMER sunt realizate cu o grij\u0103 f\u0103r\u0103 compromisuri, \u00een timp ce compozi\u021bia materialelor de lung\u0103 durat\u0103 alese cu mare aten\u021bie la detalii \u0219i formele armonioase exprim\u0103 rafinament \u0219i un caracter atemporal.<\/p>","protected":false},"featured_media":30286,"comment_status":"closed","ping_status":"open","template":"","meta":{"_acf_changed":false},"product_brand":[],"product_cat":[20,316,23],"product_tag":[],"class_list":{"0":"post-30285","1":"product","2":"type-product","3":"status-publish","4":"has-post-thumbnail","6":"product_cat-ceasuri-barbati","7":"product_cat-roamer","8":"product_cat-sale-ceasuri-barbati","9":"pa_brand-roamer","10":"pa_braslet-piele","11":"pa_corpus-40x44-mm","12":"pa_forma-rotund","13":"pa_funcii-data","14":"pa_garatia-6-luni","15":"pa_korpus-auriu","16":"pa_kvarc-quartz","17":"pa_material-otel-inoxidabil","18":"pa_mehanizm-quartz","19":"pa_remeshok-maro","20":"pa_steklo-cristal-safir","21":"pa_strana-elvetia","22":"pa_voda-10-atm","24":"first","25":"instock","26":"sale","27":"purchasable","28":"product-type-simple"},"acf":[],"_links":{"self":[{"href":"https:\/\/ceasuri.md\/ru\/wp-json\/wp\/v2\/product\/30285","targetHints":{"allow":["GET"]}}],"collection":[{"href":"https:\/\/ceasuri.md\/ru\/wp-json\/wp\/v2\/product"}],"about":[{"href":"https:\/\/ceasuri.md\/ru\/wp-json\/wp\/v2\/types\/product"}],"replies":[{"embeddable":true,"href":"https:\/\/ceasuri.md\/ru\/wp-json\/wp\/v2\/comments?post=30285"}],"wp:featuredmedia":[{"embeddable":true,"href":"https:\/\/ceasuri.md\/ru\/wp-json\/wp\/v2\/media\/30286"}],"wp:attachment":[{"href":"https:\/\/ceasuri.md\/ru\/wp-json\/wp\/v2\/media?parent=30285"}],"wp:term":[{"taxonomy":"product_brand","embeddable":true,"href":"https:\/\/ceasuri.md\/ru\/wp-json\/wp\/v2\/product_brand?post=30285"},{"taxonomy":"product_cat","embeddable":true,"href":"https:\/\/ceasuri.md\/ru\/wp-json\/wp\/v2\/product_cat?post=30285"},{"taxonomy":"product_tag","embeddable":true,"href":"https:\/\/ceasuri.md\/ru\/wp-json\/wp\/v2\/product_tag?post=30285"}],"curies":[{"name":"wp","href":"https:\/\/api.w.org\/{rel}","templated":true}]}}