{"id":30272,"date":"2022-09-30T22:33:00","date_gmt":"2022-09-30T19:33:00","guid":{"rendered":"http:\/\/new.ceasuri.md\/shop\/uncategorized\/edox-les-bemonts-93001-3-nbn\/"},"modified":"2026-05-01T14:25:19","modified_gmt":"2026-05-01T11:25:19","slug":"edox-les-bemonts-93001-3-nbn","status":"publish","type":"product","link":"https:\/\/ceasuri.md\/ru\/shop\/branduri\/edox\/edox-les-bemonts-93001-3-nbn\/","title":{"rendered":"\u0427\u0430\u0441\u044b EDOX LES BEMONTS 93001-3-NBN"},"content":{"rendered":"<p><a href=\"\/\/ceasuri.md\/wp-content\/uploads\/2021\/07\/les-bemonts.png\u201d\"><img decoding=\"async\" class=\"\u201ealignnone\" src=\"\/\/ceasuri.md\/wp-content\/uploads\/2021\/07\/les-bemonts.png\u201d\" alt=\"\u201e\u201d\" width=\"\u201e1946\u201d\" height=\"\u201e634\u201d\" \/><\/a><\/p>\n<\/p>\n<p>Les B\u00e9monts este o p\u0103dure pitoreasc\u0103 aflat\u0103 la c\u00e2\u021biva metri de fabrica EDOX. Colec\u021bia de ceasuri este caracterizat\u0103 de un design clasic, cu linii curate atemporale.<\/p>\n<p>Modelele din seria Les B\u00e9monts utilizeaz\u0103 mi\u0219c\u0103ri elve\u021biene de \u00eenalt\u0103 calitate, de la cronograf automat la cuar\u021b ultra-sub\u021bire.<br \/>\nPrimul ceas ultra-sub\u021bire Les B\u00e9monts, lansat \u00een 1998, de\u021bine \u00eenc\u0103 recordul (1,4 mm) ca fiind cea mai sub\u021bire mi\u0219care calendaristic\u0103 din lume. Cu o \u00een\u0103l\u021bime a carcasei de numai 6,2 mm, noile modele sunt u\u0219oare \u0219i surprinz\u0103tor de confortabile la \u00eencheietura m\u00e2inii. Ideale pentru stilul business.<\/p>\n<p>Intreaga colec\u021bie, de la schi\u021bele originale p\u00e2n\u0103 la cele construite manual, reflect\u0103 angajamentul Edox fa\u021b\u0103 de me\u0219te\u0219ugul atemporal \u0219i inova\u021bia constant\u0103.<\/p>","protected":false},"excerpt":{"rendered":"<p>Les B\u00e9monts este o p\u0103dure pitoreasc\u0103 aflat\u0103 la c\u00e2\u021biva metri de fabrica EDOX. Colec\u021bia de ceasuri este caracterizat\u0103 de un design clasic, cu linii curate atemporale. Modelele din seria Les B\u00e9monts utilizeaz\u0103 mi\u0219c\u0103ri elve\u021biene de \u00eenalt\u0103 calitate, de la cronograf automat la cuar\u021b ultra-sub\u021bire. Primul ceas ultra-sub\u021bire Les B\u00e9monts, lansat \u00een 1998, de\u021bine \u00eenc\u0103 recordul [&hellip;]<\/p>\n","protected":false},"featured_media":30273,"comment_status":"closed","ping_status":"open","template":"","meta":{"_acf_changed":false},"product_brand":[],"product_cat":[20,106,107],"product_tag":[],"class_list":{"0":"post-30272","1":"product","2":"type-product","3":"status-publish","4":"has-post-thumbnail","6":"product_cat-ceasuri-barbati","7":"product_cat-ceasuri-premium","8":"product_cat-edox","9":"pa_brand-edox","10":"pa_braslet-piele","11":"pa_corpus-40-mm","12":"pa_forma-rotund","13":"pa_funcii-data","14":"pa_funcii-dual-time","15":"pa_garatia-24-luni","16":"pa_korpus-argintiu","17":"pa_material-otel-inoxidabil","18":"pa_mehanizm-mecanic","19":"pa_mehanizm-mecanism-automatic","20":"pa_remeshok-negru","21":"pa_steklo-cristal-safir","22":"pa_strana-elvetia","23":"pa_voda-5-atm","25":"first","26":"instock","27":"purchasable","28":"product-type-simple"},"acf":[],"_links":{"self":[{"href":"https:\/\/ceasuri.md\/ru\/wp-json\/wp\/v2\/product\/30272","targetHints":{"allow":["GET"]}}],"collection":[{"href":"https:\/\/ceasuri.md\/ru\/wp-json\/wp\/v2\/product"}],"about":[{"href":"https:\/\/ceasuri.md\/ru\/wp-json\/wp\/v2\/types\/product"}],"replies":[{"embeddable":true,"href":"https:\/\/ceasuri.md\/ru\/wp-json\/wp\/v2\/comments?post=30272"}],"wp:featuredmedia":[{"embeddable":true,"href":"https:\/\/ceasuri.md\/ru\/wp-json\/wp\/v2\/media\/30273"}],"wp:attachment":[{"href":"https:\/\/ceasuri.md\/ru\/wp-json\/wp\/v2\/media?parent=30272"}],"wp:term":[{"taxonomy":"product_brand","embeddable":true,"href":"https:\/\/ceasuri.md\/ru\/wp-json\/wp\/v2\/product_brand?post=30272"},{"taxonomy":"product_cat","embeddable":true,"href":"https:\/\/ceasuri.md\/ru\/wp-json\/wp\/v2\/product_cat?post=30272"},{"taxonomy":"product_tag","embeddable":true,"href":"https:\/\/ceasuri.md\/ru\/wp-json\/wp\/v2\/product_tag?post=30272"}],"curies":[{"name":"wp","href":"https:\/\/api.w.org\/{rel}","templated":true}]}}