{"id":30206,"date":"2026-04-02T20:03:24","date_gmt":"2026-04-02T17:03:24","guid":{"rendered":"http:\/\/new.ceasuri.md\/shop\/uncategorized\/edox-grand-ocean-88002-357rc-nir\/"},"modified":"2026-04-20T00:19:48","modified_gmt":"2026-04-19T21:19:48","slug":"edox-grand-ocean-88002-357rc-nir","status":"publish","type":"product","link":"https:\/\/ceasuri.md\/ru\/shop\/branduri\/edox\/edox-grand-ocean-88002-357rc-nir\/","title":{"rendered":"\u0427\u0430\u0441\u044b EDOX GRAND OCEAN 88002-357RC-NIR"},"content":{"rendered":"<p><a href=\"https:\/\/ceasuri.md\/wp-content\/uploads\/2021\/10\/grand-ocean.png\"><img loading=\"lazy\" decoding=\"async\" class=\"alignnone size-full wp-image-40070\" src=\"https:\/\/ceasuri.md\/wp-content\/uploads\/2021\/10\/grand-ocean.png\" alt=\"\" width=\"1772\" height=\"538\" \/><\/a><\/p>\n<p>Edox a avut \u00eentotdeauna o leg\u0103tur\u0103 special\u0103 cu lumea naviga\u021biei. <\/p>\n<p>In 2008, Edox a f\u0103cut primul s\u0103u pas \u00een naviga\u021bia de clas\u0103 mondial\u0103 cu un proiect major de cronometrare pentru regatele interna\u021bionale.<\/p>\n<p>Colec\u021bia Grand Ocean \u00eencununeaz\u0103 aceast\u0103 declara\u021bie, propun\u00e2nd de mul\u021bi ani ceasuri care au un aspect de neuitat \u0219i o mare ingeniozitate.<\/p>","protected":false},"excerpt":{"rendered":"<p>Edox a avut \u00eentotdeauna o leg\u0103tur\u0103 special\u0103 cu lumea naviga\u021biei. In 2008, Edox a f\u0103cut primul s\u0103u pas \u00een naviga\u021bia de clas\u0103 mondial\u0103 cu un proiect major de cronometrare pentru regatele interna\u021bionale. Colec\u021bia Grand Ocean \u00eencununeaz\u0103 aceast\u0103 declara\u021bie, propun\u00e2nd de mul\u021bi ani ceasuri care au un aspect de neuitat \u0219i o mare ingeniozitate.<\/p>","protected":false},"featured_media":30207,"comment_status":"closed","ping_status":"open","template":"","meta":{"_acf_changed":false},"product_brand":[],"product_cat":[20,106,107],"product_tag":[],"class_list":{"0":"post-30206","1":"product","2":"type-product","3":"status-publish","4":"has-post-thumbnail","6":"product_cat-ceasuri-barbati","7":"product_cat-ceasuri-premium","8":"product_cat-edox","9":"pa_brand-edox","10":"pa_braslet-cauciuc","11":"pa_corpus-45-mm","12":"pa_forma-rotund","13":"pa_funcii-data","14":"pa_funcii-ziua-saptamanii","15":"pa_garatia-24-luni","16":"pa_korpus-argintiu","17":"pa_material-otel-inoxidabil","18":"pa_mehanizm-mecanic","19":"pa_mehanizm-mecanism-automatic","20":"pa_remeshok-negru","21":"pa_steklo-cristal-safir","22":"pa_strana-elvetia","23":"pa_voda-30-atm","25":"first","26":"instock","27":"purchasable","28":"product-type-simple"},"acf":[],"_links":{"self":[{"href":"https:\/\/ceasuri.md\/ru\/wp-json\/wp\/v2\/product\/30206","targetHints":{"allow":["GET"]}}],"collection":[{"href":"https:\/\/ceasuri.md\/ru\/wp-json\/wp\/v2\/product"}],"about":[{"href":"https:\/\/ceasuri.md\/ru\/wp-json\/wp\/v2\/types\/product"}],"replies":[{"embeddable":true,"href":"https:\/\/ceasuri.md\/ru\/wp-json\/wp\/v2\/comments?post=30206"}],"wp:featuredmedia":[{"embeddable":true,"href":"https:\/\/ceasuri.md\/ru\/wp-json\/wp\/v2\/media\/30207"}],"wp:attachment":[{"href":"https:\/\/ceasuri.md\/ru\/wp-json\/wp\/v2\/media?parent=30206"}],"wp:term":[{"taxonomy":"product_brand","embeddable":true,"href":"https:\/\/ceasuri.md\/ru\/wp-json\/wp\/v2\/product_brand?post=30206"},{"taxonomy":"product_cat","embeddable":true,"href":"https:\/\/ceasuri.md\/ru\/wp-json\/wp\/v2\/product_cat?post=30206"},{"taxonomy":"product_tag","embeddable":true,"href":"https:\/\/ceasuri.md\/ru\/wp-json\/wp\/v2\/product_tag?post=30206"}],"curies":[{"name":"wp","href":"https:\/\/api.w.org\/{rel}","templated":true}]}}