{"id":30196,"date":"2026-04-02T20:03:24","date_gmt":"2026-04-02T17:03:24","guid":{"rendered":"http:\/\/new.ceasuri.md\/shop\/uncategorized\/louis-erard-1931-automatic-retrograde-87221aa01\/"},"modified":"2026-04-20T00:30:50","modified_gmt":"2026-04-19T21:30:50","slug":"louis-erard-1931-automatic-retrograde-87221aa01","status":"publish","type":"product","link":"https:\/\/ceasuri.md\/ru\/shop\/branduri\/louis-erard\/louis-erard-1931-automatic-retrograde-87221aa01\/","title":{"rendered":"\u0427\u0430\u0441\u044b LOUIS ERARD 1931 AUTOMATIC RETROGRADE 87221AA01"},"content":{"rendered":"<p>Ceasul de elit\u0103 Louis Erard Automatic Watch include componente superioare \u0219i cronometrare precis\u0103.<\/p>\n<p>Acest ceas este construit cu o carcas\u0103 din o\u021bel inoxidabil. Un luneta sta\u021bionar\u0103 din o\u021bel inoxidabil, \u0219i o curea din piele maro cu o \u00eenchidere cu cataram\u0103.<\/p>\n<p>O fereastr\u0103 din safir rezistent\u0103 la zg\u00e2rieturi protejeaz\u0103 cadranul alb texturat, care prezint\u0103 indicatoare orare argintii \u0219i m\u00e2ini de ceas complementare. Cadranul include, de asemenea, un indicator al rezervei de energie \u0219i un subcadran pentru zi \u0219i dat\u0103.<\/p>\n<p>Acest ceas unic func\u021bioneaz\u0103 cu o mi\u0219care automat\u0103 elve\u021bian\u0103 care se alimenteaz\u0103 cu mi\u0219carea bra\u021belor. \u00cen plus, este rezistent la ap\u0103 p\u00e2n\u0103 la 50m.<\/p>","protected":false},"excerpt":{"rendered":"<p>Ceasul de elit\u0103 Louis Erard Automatic Watch include componente superioare \u0219i cronometrare precis\u0103. Acest ceas este construit cu o carcas\u0103 din o\u021bel inoxidabil. Un luneta sta\u021bionar\u0103 din o\u021bel inoxidabil, \u0219i o curea din piele maro cu o \u00eenchidere cu cataram\u0103. O fereastr\u0103 din safir rezistent\u0103 la zg\u00e2rieturi protejeaz\u0103 cadranul alb texturat, care prezint\u0103 indicatoare orare [&hellip;]<\/p>\n","protected":false},"featured_media":30197,"comment_status":"closed","ping_status":"open","template":"","meta":{"_acf_changed":false},"product_brand":[],"product_cat":[20,106,342],"product_tag":[595,691,693,695,692],"class_list":{"0":"post-30196","1":"product","2":"type-product","3":"status-publish","4":"has-post-thumbnail","6":"product_cat-ceasuri-barbati","7":"product_cat-ceasuri-premium","8":"product_cat-louis-erard","9":"product_tag-cronograf","10":"product_tag-691","11":"product_tag-693","12":"product_tag-695","13":"product_tag-692","14":"pa_brand-louis-erard","15":"pa_braslet-piele","16":"pa_corpus-44-mm","17":"pa_forma-rotund","18":"pa_funcii-data","19":"pa_funcii-rezerva-de-energie","20":"pa_funcii-ziua-saptamanii","21":"pa_garatia-24-luni","22":"pa_korpus-argintiu","23":"pa_material-otel-inoxidabil","24":"pa_mehanizm-mecanic","25":"pa_mehanizm-mecanism-automatic","26":"pa_remeshok-maro","27":"pa_steklo-cristal-safir","28":"pa_strana-elvetia","29":"pa_voda-5-atm","31":"first","32":"instock","33":"purchasable","34":"product-type-simple"},"acf":[],"_links":{"self":[{"href":"https:\/\/ceasuri.md\/ru\/wp-json\/wp\/v2\/product\/30196","targetHints":{"allow":["GET"]}}],"collection":[{"href":"https:\/\/ceasuri.md\/ru\/wp-json\/wp\/v2\/product"}],"about":[{"href":"https:\/\/ceasuri.md\/ru\/wp-json\/wp\/v2\/types\/product"}],"replies":[{"embeddable":true,"href":"https:\/\/ceasuri.md\/ru\/wp-json\/wp\/v2\/comments?post=30196"}],"wp:featuredmedia":[{"embeddable":true,"href":"https:\/\/ceasuri.md\/ru\/wp-json\/wp\/v2\/media\/30197"}],"wp:attachment":[{"href":"https:\/\/ceasuri.md\/ru\/wp-json\/wp\/v2\/media?parent=30196"}],"wp:term":[{"taxonomy":"product_brand","embeddable":true,"href":"https:\/\/ceasuri.md\/ru\/wp-json\/wp\/v2\/product_brand?post=30196"},{"taxonomy":"product_cat","embeddable":true,"href":"https:\/\/ceasuri.md\/ru\/wp-json\/wp\/v2\/product_cat?post=30196"},{"taxonomy":"product_tag","embeddable":true,"href":"https:\/\/ceasuri.md\/ru\/wp-json\/wp\/v2\/product_tag?post=30196"}],"curies":[{"name":"wp","href":"https:\/\/api.w.org\/{rel}","templated":true}]}}