{"id":30080,"date":"2026-04-02T20:02:25","date_gmt":"2026-04-02T17:02:25","guid":{"rendered":"http:\/\/new.ceasuri.md\/shop\/uncategorized\/edox-les-vauberts-85005-3-air\/"},"modified":"2026-04-20T00:19:44","modified_gmt":"2026-04-19T21:19:44","slug":"edox-les-vauberts-85005-3-air","status":"publish","type":"product","link":"https:\/\/ceasuri.md\/ru\/shop\/branduri\/edox\/edox-les-vauberts-85005-3-air\/","title":{"rendered":"\u0427\u0430\u0441\u044b EDOX LES VAUBERTS 85005-3-AIR"},"content":{"rendered":"<p lang=\"en-US\"><a href=\"https:\/\/ceasuri.md\/wp-content\/uploads\/2021\/10\/les-vaubert.png\"><img loading=\"lazy\" decoding=\"async\" class=\"alignnone size-full wp-image-40071\" src=\"https:\/\/ceasuri.md\/wp-content\/uploads\/2021\/10\/les-vaubert.png\" alt=\"\" width=\"1716\" height=\"522\" \/><\/a><\/p>\n<p lang=\"en-US\">\n<p>Sf\u00e2r\u0219itul secolului al XVI-lea a marcat \u00eenceputul orologeriei \u00een Mun\u021bii Jura. Colec\u021bia Les Vauberts aduce un omagiu acestei epoci.<\/p>\n<p>Les Vauberts este un mic cartier de l\u00e2ng\u0103 Le Gen\u00e8ve, renumit pentru c\u0103 a fost casa primilor fabrican\u021bi de ceasuri \u00een urm\u0103 cu pe<\/p>\n<p>e 400 de ani. Lucr\u00e2nd la c\u00e2mp vara, ace\u0219ti fermieri au devenit ceasornicari iarna \u0219i au fost pionierii industriei orologere moderne.<\/p>\n<p>Designul elegant \u0219i clasic al ceasurilor Les Vauberts este caracterizat de mi\u0219c\u0103ri mecanice fiabile sau exacte mi\u0219c\u0103ri cu cuar\u021b fabricate \u00een Elve\u021bia, prezent\u00e2nd o poveste adev\u0103rat\u0103.<\/p>","protected":false},"excerpt":{"rendered":"<p>Sf\u00e2r\u0219itul secolului al XVI-lea a marcat \u00eenceputul orologeriei \u00een Mun\u021bii Jura. Colec\u021bia Les Vauberts aduce un omagiu acestei epoci. Les Vauberts este un mic cartier de l\u00e2ng\u0103 Le Gen\u00e8ve, renumit pentru c\u0103 a fost casa primilor fabrican\u021bi de ceasuri \u00een urm\u0103 cu pe e 400 de ani. Lucr\u00e2nd la c\u00e2mp vara, ace\u0219ti fermieri au devenit [&hellip;]<\/p>\n","protected":false},"featured_media":30081,"comment_status":"closed","ping_status":"open","template":"","meta":{"_acf_changed":false},"product_brand":[],"product_cat":[20,106,107],"product_tag":[],"class_list":{"0":"post-30080","1":"product","2":"type-product","3":"status-publish","4":"has-post-thumbnail","6":"product_cat-ceasuri-barbati","7":"product_cat-ceasuri-premium","8":"product_cat-edox","9":"pa_brand-edox","10":"pa_braslet-piele","11":"pa_corpus-40-mm","12":"pa_forma-rotund","13":"pa_funcii-semischelet","14":"pa_garatia-24-luni","15":"pa_korpus-argintiu","16":"pa_material-otel-inoxidabil","17":"pa_mehanizm-mecanic","18":"pa_mehanizm-mecanism-automatic","19":"pa_remeshok-maro","20":"pa_steklo-cristal-safir","21":"pa_strana-elvetia","22":"pa_voda-5-atm","24":"first","25":"instock","26":"purchasable","27":"product-type-simple"},"acf":[],"_links":{"self":[{"href":"https:\/\/ceasuri.md\/ru\/wp-json\/wp\/v2\/product\/30080","targetHints":{"allow":["GET"]}}],"collection":[{"href":"https:\/\/ceasuri.md\/ru\/wp-json\/wp\/v2\/product"}],"about":[{"href":"https:\/\/ceasuri.md\/ru\/wp-json\/wp\/v2\/types\/product"}],"replies":[{"embeddable":true,"href":"https:\/\/ceasuri.md\/ru\/wp-json\/wp\/v2\/comments?post=30080"}],"wp:featuredmedia":[{"embeddable":true,"href":"https:\/\/ceasuri.md\/ru\/wp-json\/wp\/v2\/media\/30081"}],"wp:attachment":[{"href":"https:\/\/ceasuri.md\/ru\/wp-json\/wp\/v2\/media?parent=30080"}],"wp:term":[{"taxonomy":"product_brand","embeddable":true,"href":"https:\/\/ceasuri.md\/ru\/wp-json\/wp\/v2\/product_brand?post=30080"},{"taxonomy":"product_cat","embeddable":true,"href":"https:\/\/ceasuri.md\/ru\/wp-json\/wp\/v2\/product_cat?post=30080"},{"taxonomy":"product_tag","embeddable":true,"href":"https:\/\/ceasuri.md\/ru\/wp-json\/wp\/v2\/product_tag?post=30080"}],"curies":[{"name":"wp","href":"https:\/\/api.w.org\/{rel}","templated":true}]}}