{"id":30071,"date":"2026-04-02T20:02:25","date_gmt":"2026-04-02T17:02:25","guid":{"rendered":"http:\/\/new.ceasuri.md\/shop\/uncategorized\/edox-chronorally-s-84301-3bum-bubg\/"},"modified":"2026-04-20T00:19:43","modified_gmt":"2026-04-19T21:19:43","slug":"edox-chronorally-s-84301-3bum-bubg","status":"publish","type":"product","link":"https:\/\/ceasuri.md\/ru\/shop\/branduri\/edox\/edox-chronorally-s-84301-3bum-bubg\/","title":{"rendered":"\u0427\u0430\u0441\u044b EDOX CHRONORALLY-S 84301-3BUM-BUBG"},"content":{"rendered":"<p><a href=\"https:\/\/ceasuri.md\/wp-content\/uploads\/2021\/10\/chronorally.png\">e-full wp-image-40066&#8243; src=&#8221;https:\/\/ceasu<img class=\"alignnone sizri.md\/wp-content\/uploads\/2021\/10\/chronorally.png\" alt=\"\" width=\"1770\" height=\"514\" \/><\/a><\/p>\n<p style=\"margin: 0in;font-size: 9.75pt\">\n<p>Toate echipamentele \u0219i uneltele Chronorally trebuie s\u0103 fie suficient de robuste pentru a rezista celor mai dure condi\u021bii: vitez\u0103, noroi, z\u0103pad\u0103, impact, c\u0103ldur\u0103 etc.<\/p>\n<p>Ceasurile Edox Chronorally au fost proiectate \u0219i dezvoltate pentru a rezista celor mai extreme condi\u021bii.<\/p>\n<p>In toate ceasurile Chronorally sunt prezente materiale tehnice precum curele de cauciuc durabile, carcase solide din o\u021bel inoxidabil \u0219i mi\u0219c\u0103ri \u0219i fiabile.<\/p>","protected":false},"excerpt":{"rendered":"<p>e-full wp-image-40066&#8243; src=&#8221;https:\/\/ceasu Toate echipamentele \u0219i uneltele Chronorally trebuie s\u0103 fie suficient de robuste pentru a rezista celor mai dure condi\u021bii: vitez\u0103, noroi, z\u0103pad\u0103, impact, c\u0103ldur\u0103 etc. Ceasurile Edox Chronorally au fost proiectate \u0219i dezvoltate pentru a rezista celor mai extreme condi\u021bii. In toate ceasurile Chronorally sunt prezente materiale tehnice precum curele de cauciuc durabile, [&hellip;]<\/p>\n","protected":false},"featured_media":30072,"comment_status":"closed","ping_status":"open","template":"","meta":{"_acf_changed":false},"product_brand":[],"product_cat":[20,107],"product_tag":[],"class_list":{"0":"post-30071","1":"product","2":"type-product","3":"status-publish","4":"has-post-thumbnail","6":"product_cat-ceasuri-barbati","7":"product_cat-edox","8":"pa_brand-edox","9":"pa_braslet-otel-inoxidabil","10":"pa_corpus-43-mm","11":"pa_forma-rotund","12":"pa_funcii-data","13":"pa_funcii-ziua-saptamanii","14":"pa_garatia-24-luni","15":"pa_korpus-argintiu","16":"pa_kvarc-quartz","17":"pa_material-otel-inoxidabil","18":"pa_mehanizm-quartz","19":"pa_remeshok-argintiu","20":"pa_steklo-cristal-safir","21":"pa_strana-elvetia","22":"pa_voda-10-atm","24":"first","25":"instock","26":"purchasable","27":"product-type-simple"},"acf":[],"_links":{"self":[{"href":"https:\/\/ceasuri.md\/ru\/wp-json\/wp\/v2\/product\/30071","targetHints":{"allow":["GET"]}}],"collection":[{"href":"https:\/\/ceasuri.md\/ru\/wp-json\/wp\/v2\/product"}],"about":[{"href":"https:\/\/ceasuri.md\/ru\/wp-json\/wp\/v2\/types\/product"}],"replies":[{"embeddable":true,"href":"https:\/\/ceasuri.md\/ru\/wp-json\/wp\/v2\/comments?post=30071"}],"wp:featuredmedia":[{"embeddable":true,"href":"https:\/\/ceasuri.md\/ru\/wp-json\/wp\/v2\/media\/30072"}],"wp:attachment":[{"href":"https:\/\/ceasuri.md\/ru\/wp-json\/wp\/v2\/media?parent=30071"}],"wp:term":[{"taxonomy":"product_brand","embeddable":true,"href":"https:\/\/ceasuri.md\/ru\/wp-json\/wp\/v2\/product_brand?post=30071"},{"taxonomy":"product_cat","embeddable":true,"href":"https:\/\/ceasuri.md\/ru\/wp-json\/wp\/v2\/product_cat?post=30071"},{"taxonomy":"product_tag","embeddable":true,"href":"https:\/\/ceasuri.md\/ru\/wp-json\/wp\/v2\/product_tag?post=30071"}],"curies":[{"name":"wp","href":"https:\/\/api.w.org\/{rel}","templated":true}]}}