{"id":30021,"date":"2026-04-02T20:01:49","date_gmt":"2026-04-02T17:01:49","guid":{"rendered":"http:\/\/new.ceasuri.md\/shop\/uncategorized\/louis-erard-1931-automatic-82205aa13\/"},"modified":"2026-04-20T00:30:50","modified_gmt":"2026-04-19T21:30:50","slug":"louis-erard-1931-automatic-82205aa13","status":"publish","type":"product","link":"https:\/\/ceasuri.md\/ru\/shop\/branduri\/louis-erard\/louis-erard-1931-automatic-82205aa13\/","title":{"rendered":"Ceas LOUIS ERARD 1931 AUTOMATIC 82205AA13"},"content":{"rendered":"<p>Acest accesoriu pentru b\u0103rba\u021bi cu un design contemporan va \u00eentruchipa imaginea dvs. elegant\u0103.<\/p>\n<p>Al doilea fus orar.<\/p>\n<p>Carcas\u0103 din o\u021bel inoxidabil, fund\u0103 din cristal de safir. Cristalul de safir protejeaz\u0103 ceasul de zg\u00e2rieturi.<\/p>\n<p>Cureaua este realizat\u0103 din piele maro de calitate \u0219i are o \u00eenchidere fluture.<\/p>\n<p>Ceasul este echipat cu mi\u0219care ETA 2892.<\/p>\n<p>Ceasul este ambalat \u00eentr-o cutie de marc\u0103.<\/p>","protected":false},"excerpt":{"rendered":"<p>Acest accesoriu pentru b\u0103rba\u021bi cu un design contemporan va \u00eentruchipa imaginea dvs. elegant\u0103. Al doilea fus orar. Carcas\u0103 din o\u021bel inoxidabil, fund\u0103 din cristal de safir. Cristalul de safir protejeaz\u0103 ceasul de zg\u00e2rieturi. Cureaua este realizat\u0103 din piele maro de calitate \u0219i are o \u00eenchidere fluture. Ceasul este echipat cu mi\u0219care ETA 2892. Ceasul este [&hellip;]<\/p>\n","protected":false},"featured_media":30022,"comment_status":"closed","ping_status":"open","template":"","meta":{"_acf_changed":false},"product_brand":[],"product_cat":[20,106,342],"product_tag":[595,691,693,695,692],"class_list":{"0":"post-30021","1":"product","2":"type-product","3":"status-publish","4":"has-post-thumbnail","6":"product_cat-ceasuri-barbati","7":"product_cat-ceasuri-premium","8":"product_cat-louis-erard","9":"product_tag-cronograf","10":"product_tag-691","11":"product_tag-693","12":"product_tag-695","13":"product_tag-692","14":"pa_brand-louis-erard","15":"pa_braslet-piele","16":"pa_corpus-40-mm","17":"pa_forma-rotund","18":"pa_funcii-data","19":"pa_funcii-dual-time","20":"pa_garatia-24-luni","21":"pa_korpus-argintiu","22":"pa_material-otel-inoxidabil","23":"pa_mehanizm-mecanic","24":"pa_mehanizm-mecanism-automatic","25":"pa_remeshok-maro","26":"pa_steklo-cristal-safir","27":"pa_strana-elvetia","28":"pa_voda-5-atm","30":"first","31":"instock","32":"purchasable","33":"product-type-simple"},"acf":[],"_links":{"self":[{"href":"https:\/\/ceasuri.md\/ru\/wp-json\/wp\/v2\/product\/30021","targetHints":{"allow":["GET"]}}],"collection":[{"href":"https:\/\/ceasuri.md\/ru\/wp-json\/wp\/v2\/product"}],"about":[{"href":"https:\/\/ceasuri.md\/ru\/wp-json\/wp\/v2\/types\/product"}],"replies":[{"embeddable":true,"href":"https:\/\/ceasuri.md\/ru\/wp-json\/wp\/v2\/comments?post=30021"}],"wp:featuredmedia":[{"embeddable":true,"href":"https:\/\/ceasuri.md\/ru\/wp-json\/wp\/v2\/media\/30022"}],"wp:attachment":[{"href":"https:\/\/ceasuri.md\/ru\/wp-json\/wp\/v2\/media?parent=30021"}],"wp:term":[{"taxonomy":"product_brand","embeddable":true,"href":"https:\/\/ceasuri.md\/ru\/wp-json\/wp\/v2\/product_brand?post=30021"},{"taxonomy":"product_cat","embeddable":true,"href":"https:\/\/ceasuri.md\/ru\/wp-json\/wp\/v2\/product_cat?post=30021"},{"taxonomy":"product_tag","embeddable":true,"href":"https:\/\/ceasuri.md\/ru\/wp-json\/wp\/v2\/product_tag?post=30021"}],"curies":[{"name":"wp","href":"https:\/\/api.w.org\/{rel}","templated":true}]}}