{"id":29944,"date":"2026-04-02T20:01:21","date_gmt":"2026-04-02T17:01:21","guid":{"rendered":"http:\/\/new.ceasuri.md\/shop\/uncategorized\/edox-co-1-80088-3n-nro\/"},"modified":"2026-04-20T00:19:29","modified_gmt":"2026-04-19T21:19:29","slug":"edox-co-1-80088-3n-nro","status":"publish","type":"product","link":"https:\/\/ceasuri.md\/ru\/shop\/branduri\/edox\/edox-co-1-80088-3n-nro\/","title":{"rendered":"\u0427\u0430\u0441\u044b EDOX CO-1 80088-3N-NRO"},"content":{"rendered":"<p><a href=\"https:\/\/ceasuri.md\/wp-content\/uploads\/2021\/10\/520055.png\"><img loading=\"lazy\" decoding=\"async\" class=\"alignnone size-medium wp-image-40065\" src=\"https:\/\/ceasuri.md\/wp-content\/uploads\/2021\/10\/520055-300x152.png\" alt=\"\" width=\"300\" height=\"152\" \/><\/a><\/p>\n<\/p>\n<p>Edox Class 1 Offshore Professional , produs de Edox watches, o marc\u0103 interna\u021bional\u0103 de ceasuri de lux foarte cunoscut\u0103.<\/p>\n<p>Acest model are o mi\u0219care automat\u0103, carcasa sa este din o\u021bel inoxidabil, av\u00e2nd o curea din cauciuc \u0219i o sticl\u0103 din cristal de safir.<\/p>\n<p>Diametrul carcasei ceasului (f\u0103r\u0103 coroan\u0103) este de 43,0 mm.<\/p>","protected":false},"excerpt":{"rendered":"<p>Edox Class 1 Offshore Professional , produs de Edox watches, o marc\u0103 interna\u021bional\u0103 de ceasuri de lux foarte cunoscut\u0103. Acest model are o mi\u0219care automat\u0103, carcasa sa este din o\u021bel inoxidabil, av\u00e2nd o curea din cauciuc \u0219i o sticl\u0103 din cristal de safir. Diametrul carcasei ceasului (f\u0103r\u0103 coroan\u0103) este de 43,0 mm.<\/p>","protected":false},"featured_media":29945,"comment_status":"closed","ping_status":"open","template":"","meta":{"_acf_changed":false},"product_brand":[],"product_cat":[20,106,107],"product_tag":[],"class_list":{"0":"post-29944","1":"product","2":"type-product","3":"status-publish","4":"has-post-thumbnail","6":"product_cat-ceasuri-barbati","7":"product_cat-ceasuri-premium","8":"product_cat-edox","9":"pa_brand-edox","10":"pa_braslet-cauciuc","11":"pa_corpus-43-mm","12":"pa_forma-rotund","13":"pa_funcii-data","14":"pa_garatia-24-luni","15":"pa_korpus-argintiu","16":"pa_material-otel-inoxidabil","17":"pa_mehanizm-mecanic","18":"pa_mehanizm-mecanism-automatic","19":"pa_remeshok-negru","20":"pa_steklo-cristal-safir","21":"pa_strana-elvetia","22":"pa_voda-30-atm","24":"first","25":"instock","26":"purchasable","27":"product-type-simple"},"acf":[],"_links":{"self":[{"href":"https:\/\/ceasuri.md\/ru\/wp-json\/wp\/v2\/product\/29944","targetHints":{"allow":["GET"]}}],"collection":[{"href":"https:\/\/ceasuri.md\/ru\/wp-json\/wp\/v2\/product"}],"about":[{"href":"https:\/\/ceasuri.md\/ru\/wp-json\/wp\/v2\/types\/product"}],"replies":[{"embeddable":true,"href":"https:\/\/ceasuri.md\/ru\/wp-json\/wp\/v2\/comments?post=29944"}],"wp:featuredmedia":[{"embeddable":true,"href":"https:\/\/ceasuri.md\/ru\/wp-json\/wp\/v2\/media\/29945"}],"wp:attachment":[{"href":"https:\/\/ceasuri.md\/ru\/wp-json\/wp\/v2\/media?parent=29944"}],"wp:term":[{"taxonomy":"product_brand","embeddable":true,"href":"https:\/\/ceasuri.md\/ru\/wp-json\/wp\/v2\/product_brand?post=29944"},{"taxonomy":"product_cat","embeddable":true,"href":"https:\/\/ceasuri.md\/ru\/wp-json\/wp\/v2\/product_cat?post=29944"},{"taxonomy":"product_tag","embeddable":true,"href":"https:\/\/ceasuri.md\/ru\/wp-json\/wp\/v2\/product_tag?post=29944"}],"curies":[{"name":"wp","href":"https:\/\/api.w.org\/{rel}","templated":true}]}}