{"id":29864,"date":"2026-04-02T20:00:22","date_gmt":"2026-04-02T17:00:22","guid":{"rendered":"http:\/\/new.ceasuri.md\/shop\/uncategorized\/edox-class-1-77001-tinr-nir\/"},"modified":"2026-04-20T00:19:26","modified_gmt":"2026-04-19T21:19:26","slug":"edox-class-1-77001-tinr-nir","status":"publish","type":"product","link":"https:\/\/ceasuri.md\/ru\/shop\/branduri\/edox\/edox-class-1-77001-tinr-nir\/","title":{"rendered":"\u0427\u0430\u0441\u044b EDOX CLASS 1 77001-TINR-NIR"},"content":{"rendered":"<p><a href=\"https:\/\/ceasuri.md\/wp-content\/uploads\/2021\/10\/520055.png\"><img loading=\"lazy\" decoding=\"async\" class=\"alignnone size-medium wp-image-40065\" src=\"https:\/\/ceasuri.md\/wp-content\/uploads\/2021\/10\/520055-300x152.png\" alt=\"\" width=\"300\" height=\"152\" \/><\/a><\/p>\n<p>Materialele de prim\u0103 clas\u0103, cele mai moderne \u0219i de ultim\u0103 or\u0103 tehnologii ale companiei sunt utilizate \u00een ceasurile Edox Class 1.<\/p>\n<p>Mai presus de toate, acesta este un ceas unic \u0219i \u00een edi\u021bie limitat\u0103 pentru adev\u0103ra\u021bii fani ai artei mecanice elve\u021biene.<\/p>\n<p>In fiecare zi, num\u0103rul 1 &#8211; singurul marker digital &#8211; v\u0103 va aminti acest lucru.<\/p>\n<p>Fii primul \u00een toate, str\u0103duie\u0219te-te pentru asta, iar ceasurile Edox sunt asistentul t\u0103u de \u00eencredere.<\/p>","protected":false},"excerpt":{"rendered":"<p>Materialele de prim\u0103 clas\u0103, cele mai moderne \u0219i de ultim\u0103 or\u0103 tehnologii ale companiei sunt utilizate \u00een ceasurile Edox Class 1. Mai presus de toate, acesta este un ceas unic \u0219i \u00een edi\u021bie limitat\u0103 pentru adev\u0103ra\u021bii fani ai artei mecanice elve\u021biene. In fiecare zi, num\u0103rul 1 &#8211; singurul marker digital &#8211; v\u0103 va aminti acest [&hellip;]<\/p>\n","protected":false},"featured_media":29865,"comment_status":"closed","ping_status":"open","template":"","meta":{"_acf_changed":false},"product_brand":[],"product_cat":[20,106,107],"product_tag":[],"class_list":{"0":"post-29864","1":"product","2":"type-product","3":"status-publish","4":"has-post-thumbnail","6":"product_cat-ceasuri-barbati","7":"product_cat-ceasuri-premium","8":"product_cat-edox","9":"pa_brand-edox","10":"pa_braslet-cauciuc","11":"pa_corpus-45-mm","12":"pa_forma-rotund","13":"pa_funcii-data","14":"pa_funcii-offset-second-hand","15":"pa_garatia-24-luni","16":"pa_korpus-argintiu","17":"pa_material-ceramica","18":"pa_material-otel-inoxidabil","19":"pa_mehanizm-mecanic","20":"pa_mehanizm-mecanism-automatic","21":"pa_remeshok-negru","22":"pa_steklo-cristal-safir","23":"pa_strana-elvetia","24":"pa_voda-50-atm","26":"first","27":"instock","28":"purchasable","29":"product-type-simple"},"acf":[],"_links":{"self":[{"href":"https:\/\/ceasuri.md\/ru\/wp-json\/wp\/v2\/product\/29864","targetHints":{"allow":["GET"]}}],"collection":[{"href":"https:\/\/ceasuri.md\/ru\/wp-json\/wp\/v2\/product"}],"about":[{"href":"https:\/\/ceasuri.md\/ru\/wp-json\/wp\/v2\/types\/product"}],"replies":[{"embeddable":true,"href":"https:\/\/ceasuri.md\/ru\/wp-json\/wp\/v2\/comments?post=29864"}],"wp:featuredmedia":[{"embeddable":true,"href":"https:\/\/ceasuri.md\/ru\/wp-json\/wp\/v2\/media\/29865"}],"wp:attachment":[{"href":"https:\/\/ceasuri.md\/ru\/wp-json\/wp\/v2\/media?parent=29864"}],"wp:term":[{"taxonomy":"product_brand","embeddable":true,"href":"https:\/\/ceasuri.md\/ru\/wp-json\/wp\/v2\/product_brand?post=29864"},{"taxonomy":"product_cat","embeddable":true,"href":"https:\/\/ceasuri.md\/ru\/wp-json\/wp\/v2\/product_cat?post=29864"},{"taxonomy":"product_tag","embeddable":true,"href":"https:\/\/ceasuri.md\/ru\/wp-json\/wp\/v2\/product_tag?post=29864"}],"curies":[{"name":"wp","href":"https:\/\/api.w.org\/{rel}","templated":true}]}}