{"id":29829,"date":"2026-04-02T20:00:22","date_gmt":"2026-04-02T17:00:22","guid":{"rendered":"http:\/\/new.ceasuri.md\/shop\/uncategorized\/roamer-r-line-711974-49-65-07\/"},"modified":"2026-04-20T00:39:17","modified_gmt":"2026-04-19T21:39:17","slug":"roamer-r-line-711974-49-65-07","status":"publish","type":"product","link":"https:\/\/ceasuri.md\/ru\/shop\/branduri\/roamer\/roamer-r-line-711974-49-65-07\/","title":{"rendered":"\u0427\u0430\u0441\u044b ROAMER R-LINE 711974 49 65 07"},"content":{"rendered":"<p>Mi\u0219c\u0103rile elve\u021biene precise care ac\u021bioneaz\u0103 m\u00e2inile ceasurilor ROAMER sunt realizate cu o grij\u0103 f\u0103r\u0103 compromisuri, \u00een timp ce compozi\u021bia materialelor de lung\u0103 durat\u0103 alese cu mare aten\u021bie la detalii \u0219i formele armonioase exprim\u0103 rafinament \u0219i un caracter atemporal.<\/p>","protected":false},"excerpt":{"rendered":"<p>Mi\u0219c\u0103rile elve\u021biene precise care ac\u021bioneaz\u0103 m\u00e2inile ceasurilor ROAMER sunt realizate cu o grij\u0103 f\u0103r\u0103 compromisuri, \u00een timp ce compozi\u021bia materialelor de lung\u0103 durat\u0103 alese cu mare aten\u021bie la detalii \u0219i formele armonioase exprim\u0103 rafinament \u0219i un caracter atemporal.<\/p>","protected":false},"featured_media":29830,"comment_status":"closed","ping_status":"open","template":"","meta":{"_acf_changed":false},"product_brand":[],"product_cat":[20,316,23],"product_tag":[],"class_list":{"0":"post-29829","1":"product","2":"type-product","3":"status-publish","4":"has-post-thumbnail","6":"product_cat-ceasuri-barbati","7":"product_cat-roamer","8":"product_cat-sale-ceasuri-barbati","9":"pa_brand-roamer","10":"pa_braslet-cauciuc","11":"pa_corpus-46-mm","12":"pa_forma-rotund","13":"pa_funcii-cronograf","14":"pa_funcii-data","15":"pa_garatia-6-luni","16":"pa_korpus-auriu","17":"pa_kvarc-quartz","18":"pa_material-otel-inoxidabil","19":"pa_mehanizm-quartz","20":"pa_remeshok-negru","21":"pa_steklo-cristal-mineral","22":"pa_strana-elvetia","23":"pa_voda-10-atm","25":"first","26":"instock","27":"sale","28":"purchasable","29":"product-type-simple"},"acf":[],"_links":{"self":[{"href":"https:\/\/ceasuri.md\/ru\/wp-json\/wp\/v2\/product\/29829","targetHints":{"allow":["GET"]}}],"collection":[{"href":"https:\/\/ceasuri.md\/ru\/wp-json\/wp\/v2\/product"}],"about":[{"href":"https:\/\/ceasuri.md\/ru\/wp-json\/wp\/v2\/types\/product"}],"replies":[{"embeddable":true,"href":"https:\/\/ceasuri.md\/ru\/wp-json\/wp\/v2\/comments?post=29829"}],"wp:featuredmedia":[{"embeddable":true,"href":"https:\/\/ceasuri.md\/ru\/wp-json\/wp\/v2\/media\/29830"}],"wp:attachment":[{"href":"https:\/\/ceasuri.md\/ru\/wp-json\/wp\/v2\/media?parent=29829"}],"wp:term":[{"taxonomy":"product_brand","embeddable":true,"href":"https:\/\/ceasuri.md\/ru\/wp-json\/wp\/v2\/product_brand?post=29829"},{"taxonomy":"product_cat","embeddable":true,"href":"https:\/\/ceasuri.md\/ru\/wp-json\/wp\/v2\/product_cat?post=29829"},{"taxonomy":"product_tag","embeddable":true,"href":"https:\/\/ceasuri.md\/ru\/wp-json\/wp\/v2\/product_tag?post=29829"}],"curies":[{"name":"wp","href":"https:\/\/api.w.org\/{rel}","templated":true}]}}