{"id":29813,"date":"2026-04-02T20:00:22","date_gmt":"2026-04-02T17:00:22","guid":{"rendered":"http:\/\/new.ceasuri.md\/shop\/uncategorized\/claude-bernard-aquarider-70164-3b-buin\/"},"modified":"2026-04-07T03:09:10","modified_gmt":"2026-04-07T00:09:10","slug":"claude-bernard-aquarider-70164-3b-buin","status":"publish","type":"product","link":"https:\/\/ceasuri.md\/ru\/shop\/branduri\/claude-bernard\/claude-bernard-aquarider-70164-3b-buin\/","title":{"rendered":"Ceas CLAUDE BERNARD AQUARIDER 70164-3B-BUIN"},"content":{"rendered":"<p>Stilul clasic al colec\u021biei de baz\u0103 Claude Bernard este capabil s\u0103 satisfac\u0103 cel mai exigent client.<\/p>\n<p>Modelele pentru b\u0103rba\u021bi atrag prin rigoarea solid\u0103 \u0219i bog\u0103\u021bia finisajelor. Ceasurile pentru femei se disting prin originalitatea culorilor.<\/p>\n<p>Fanii stilului de via\u021b\u0103 activ aleg variantele cu protec\u021bie \u00eent\u0103rit\u0103 \u00eempotriva apei, sub cristalul de safir care ascunde o mul\u021bime de func\u021bii utile.<\/p>","protected":false},"excerpt":{"rendered":"<p>Stilul clasic al colec\u021biei de baz\u0103 Claude Bernard este capabil s\u0103 satisfac\u0103 cel mai exigent client. Modelele pentru b\u0103rba\u021bi atrag prin rigoarea solid\u0103 \u0219i bog\u0103\u021bia finisajelor. Ceasurile pentru femei se disting prin originalitatea culorilor. Fanii stilului de via\u021b\u0103 activ aleg variantele cu protec\u021bie \u00eent\u0103rit\u0103 \u00eempotriva apei, sub cristalul de safir care ascunde o mul\u021bime de [&hellip;]<\/p>\n","protected":false},"featured_media":29814,"comment_status":"closed","ping_status":"open","template":"","meta":{"_acf_changed":false},"product_brand":[],"product_cat":[20,19],"product_tag":[],"class_list":{"0":"post-29813","1":"product","2":"type-product","3":"status-publish","4":"has-post-thumbnail","6":"product_cat-ceasuri-barbati","7":"product_cat-claude-bernard","8":"pa_brand-claude-bernard","9":"pa_braslet-cauciuc","10":"pa_corpus-44-mm","11":"pa_forma-rotund","12":"pa_funcii-data","13":"pa_funcii-iluminare-fluorescenta","14":"pa_garatia-24-luni","15":"pa_korpus-argintiu","16":"pa_material-otel-inoxidabil","17":"pa_mehanizm-quartz","18":"pa_remeshok-negru","19":"pa_steklo-cristal-safir","20":"pa_strana-elvetia","21":"pa_voda-10-atm","23":"first","24":"instock","25":"purchasable","26":"product-type-simple"},"acf":[],"yoast_head":"<!-- This site is optimized with the Yoast SEO plugin v27.3 - https:\/\/yoast.com\/product\/yoast-seo-wordpress\/ -->\n<title>CLAUDE BERNARD AQUARIDER 70164-3B-BUIN - Cronograf<\/title>\n<meta name=\"robots\" content=\"index, follow, max-snippet:-1, max-image-preview:large, max-video-preview:-1\" \/>\n<link rel=\"canonical\" href=\"https:\/\/ceasuri.md\/ru\/shop\/branduri\/claude-bernard\/claude-bernard-aquarider-70164-3b-buin\/\" \/>\n<meta property=\"og:locale\" content=\"ru_RU\" \/>\n<meta property=\"og:type\" content=\"article\" \/>\n<meta property=\"og:title\" content=\"CLAUDE BERNARD AQUARIDER 70164-3B-BUIN - Cronograf\" \/>\n<meta property=\"og:description\" content=\"Stilul clasic al colec\u021biei de baz\u0103 Claude Bernard este capabil s\u0103 satisfac\u0103 cel mai exigent client. Modelele pentru b\u0103rba\u021bi atrag prin rigoarea solid\u0103 \u0219i bog\u0103\u021bia finisajelor. Ceasurile pentru femei se disting prin originalitatea culorilor. Fanii stilului de via\u021b\u0103 activ aleg variantele cu protec\u021bie \u00eent\u0103rit\u0103 \u00eempotriva apei, sub cristalul de safir care ascunde o mul\u021bime de [&hellip;]\" \/>\n<meta property=\"og:url\" content=\"https:\/\/ceasuri.md\/ru\/shop\/branduri\/claude-bernard\/claude-bernard-aquarider-70164-3b-buin\/\" \/>\n<meta property=\"og:site_name\" content=\"Cronograf\" \/>\n<meta property=\"article:modified_time\" content=\"2026-04-07T00:09:10+00:00\" \/>\n<meta property=\"og:image\" content=\"https:\/\/ceasuri.md\/wp-content\/uploads\/142k.jpg\" \/>\n\t<meta property=\"og:image:width\" content=\"600\" \/>\n\t<meta property=\"og:image:height\" content=\"800\" \/>\n\t<meta property=\"og:image:type\" content=\"image\/jpeg\" \/>\n<meta name=\"twitter:card\" content=\"summary_large_image\" \/>\n<script type=\"application\/ld+json\" class=\"yoast-schema-graph\">{\"@context\":\"https:\\\/\\\/schema.org\",\"@graph\":[{\"@type\":\"WebPage\",\"@id\":\"https:\\\/\\\/ceasuri.md\\\/shop\\\/branduri\\\/claude-bernard\\\/claude-bernard-aquarider-70164-3b-buin\\\/\",\"url\":\"https:\\\/\\\/ceasuri.md\\\/shop\\\/branduri\\\/claude-bernard\\\/claude-bernard-aquarider-70164-3b-buin\\\/\",\"name\":\"CLAUDE BERNARD AQUARIDER 70164-3B-BUIN - Cronograf\",\"isPartOf\":{\"@id\":\"https:\\\/\\\/ceasuri.md\\\/ru\\\/#website\"},\"primaryImageOfPage\":{\"@id\":\"https:\\\/\\\/ceasuri.md\\\/shop\\\/branduri\\\/claude-bernard\\\/claude-bernard-aquarider-70164-3b-buin\\\/#primaryimage\"},\"image\":{\"@id\":\"https:\\\/\\\/ceasuri.md\\\/shop\\\/branduri\\\/claude-bernard\\\/claude-bernard-aquarider-70164-3b-buin\\\/#primaryimage\"},\"thumbnailUrl\":\"https:\\\/\\\/ceasuri.md\\\/wp-content\\\/uploads\\\/142k.jpg\",\"datePublished\":\"2026-04-02T17:00:22+00:00\",\"dateModified\":\"2026-04-07T00:09:10+00:00\",\"breadcrumb\":{\"@id\":\"https:\\\/\\\/ceasuri.md\\\/shop\\\/branduri\\\/claude-bernard\\\/claude-bernard-aquarider-70164-3b-buin\\\/#breadcrumb\"},\"inLanguage\":\"ru-RU\",\"potentialAction\":[{\"@type\":\"ReadAction\",\"target\":[\"https:\\\/\\\/ceasuri.md\\\/shop\\\/branduri\\\/claude-bernard\\\/claude-bernard-aquarider-70164-3b-buin\\\/\"]}]},{\"@type\":\"ImageObject\",\"inLanguage\":\"ru-RU\",\"@id\":\"https:\\\/\\\/ceasuri.md\\\/shop\\\/branduri\\\/claude-bernard\\\/claude-bernard-aquarider-70164-3b-buin\\\/#primaryimage\",\"url\":\"https:\\\/\\\/ceasuri.md\\\/wp-content\\\/uploads\\\/142k.jpg\",\"contentUrl\":\"https:\\\/\\\/ceasuri.md\\\/wp-content\\\/uploads\\\/142k.jpg\",\"width\":600,\"height\":800},{\"@type\":\"BreadcrumbList\",\"@id\":\"https:\\\/\\\/ceasuri.md\\\/shop\\\/branduri\\\/claude-bernard\\\/claude-bernard-aquarider-70164-3b-buin\\\/#breadcrumb\",\"itemListElement\":[{\"@type\":\"ListItem\",\"position\":1,\"name\":\"Home\",\"item\":\"https:\\\/\\\/ceasuri.md\\\/\"},{\"@type\":\"ListItem\",\"position\":2,\"name\":\"Magazin\",\"item\":\"https:\\\/\\\/ceasuri.md\\\/shop\\\/\"},{\"@type\":\"ListItem\",\"position\":3,\"name\":\"Ceas CLAUDE BERNARD AQUARIDER 70164-3B-BUIN\"}]},{\"@type\":\"WebSite\",\"@id\":\"https:\\\/\\\/ceasuri.md\\\/ru\\\/#website\",\"url\":\"https:\\\/\\\/ceasuri.md\\\/ru\\\/\",\"name\":\"Cronograf\",\"description\":\"\",\"publisher\":{\"@id\":\"https:\\\/\\\/ceasuri.md\\\/ru\\\/#organization\"},\"potentialAction\":[{\"@type\":\"SearchAction\",\"target\":{\"@type\":\"EntryPoint\",\"urlTemplate\":\"https:\\\/\\\/ceasuri.md\\\/ru\\\/?s={search_term_string}\"},\"query-input\":{\"@type\":\"PropertyValueSpecification\",\"valueRequired\":true,\"valueName\":\"search_term_string\"}}],\"inLanguage\":\"ru-RU\"},{\"@type\":\"Organization\",\"@id\":\"https:\\\/\\\/ceasuri.md\\\/ru\\\/#organization\",\"name\":\"Cronograf\",\"url\":\"https:\\\/\\\/ceasuri.md\\\/ru\\\/\",\"logo\":{\"@type\":\"ImageObject\",\"inLanguage\":\"ru-RU\",\"@id\":\"https:\\\/\\\/ceasuri.md\\\/ru\\\/#\\\/schema\\\/logo\\\/image\\\/\",\"url\":\"https:\\\/\\\/ceasuri.md\\\/wp-content\\\/uploads\\\/2025\\\/12\\\/Logo.svg\",\"contentUrl\":\"https:\\\/\\\/ceasuri.md\\\/wp-content\\\/uploads\\\/2025\\\/12\\\/Logo.svg\",\"width\":3338,\"height\":811,\"caption\":\"Cronograf\"},\"image\":{\"@id\":\"https:\\\/\\\/ceasuri.md\\\/ru\\\/#\\\/schema\\\/logo\\\/image\\\/\"}}]}<\/script>\n<!-- \/ Yoast SEO plugin. -->","yoast_head_json":{"title":"CLAUDE BERNARD AQUARIDER 70164-3B-BUIN - Cronograf","robots":{"index":"index","follow":"follow","max-snippet":"max-snippet:-1","max-image-preview":"max-image-preview:large","max-video-preview":"max-video-preview:-1"},"canonical":"https:\/\/ceasuri.md\/ru\/shop\/branduri\/claude-bernard\/claude-bernard-aquarider-70164-3b-buin\/","og_locale":"ru_RU","og_type":"article","og_title":"CLAUDE BERNARD AQUARIDER 70164-3B-BUIN - Cronograf","og_description":"Stilul clasic al colec\u021biei de baz\u0103 Claude Bernard este capabil s\u0103 satisfac\u0103 cel mai exigent client. Modelele pentru b\u0103rba\u021bi atrag prin rigoarea solid\u0103 \u0219i bog\u0103\u021bia finisajelor. Ceasurile pentru femei se disting prin originalitatea culorilor. Fanii stilului de via\u021b\u0103 activ aleg variantele cu protec\u021bie \u00eent\u0103rit\u0103 \u00eempotriva apei, sub cristalul de safir care ascunde o mul\u021bime de [&hellip;]","og_url":"https:\/\/ceasuri.md\/ru\/shop\/branduri\/claude-bernard\/claude-bernard-aquarider-70164-3b-buin\/","og_site_name":"Cronograf","article_modified_time":"2026-04-07T00:09:10+00:00","og_image":[{"width":600,"height":800,"url":"https:\/\/ceasuri.md\/wp-content\/uploads\/142k.jpg","type":"image\/jpeg"}],"twitter_card":"summary_large_image","schema":{"@context":"https:\/\/schema.org","@graph":[{"@type":"WebPage","@id":"https:\/\/ceasuri.md\/shop\/branduri\/claude-bernard\/claude-bernard-aquarider-70164-3b-buin\/","url":"https:\/\/ceasuri.md\/shop\/branduri\/claude-bernard\/claude-bernard-aquarider-70164-3b-buin\/","name":"CLAUDE BERNARD AQUARIDER 70164-3B-BUIN - Cronograf","isPartOf":{"@id":"https:\/\/ceasuri.md\/ru\/#website"},"primaryImageOfPage":{"@id":"https:\/\/ceasuri.md\/shop\/branduri\/claude-bernard\/claude-bernard-aquarider-70164-3b-buin\/#primaryimage"},"image":{"@id":"https:\/\/ceasuri.md\/shop\/branduri\/claude-bernard\/claude-bernard-aquarider-70164-3b-buin\/#primaryimage"},"thumbnailUrl":"https:\/\/ceasuri.md\/wp-content\/uploads\/142k.jpg","datePublished":"2026-04-02T17:00:22+00:00","dateModified":"2026-04-07T00:09:10+00:00","breadcrumb":{"@id":"https:\/\/ceasuri.md\/shop\/branduri\/claude-bernard\/claude-bernard-aquarider-70164-3b-buin\/#breadcrumb"},"inLanguage":"ru-RU","potentialAction":[{"@type":"ReadAction","target":["https:\/\/ceasuri.md\/shop\/branduri\/claude-bernard\/claude-bernard-aquarider-70164-3b-buin\/"]}]},{"@type":"ImageObject","inLanguage":"ru-RU","@id":"https:\/\/ceasuri.md\/shop\/branduri\/claude-bernard\/claude-bernard-aquarider-70164-3b-buin\/#primaryimage","url":"https:\/\/ceasuri.md\/wp-content\/uploads\/142k.jpg","contentUrl":"https:\/\/ceasuri.md\/wp-content\/uploads\/142k.jpg","width":600,"height":800},{"@type":"BreadcrumbList","@id":"https:\/\/ceasuri.md\/shop\/branduri\/claude-bernard\/claude-bernard-aquarider-70164-3b-buin\/#breadcrumb","itemListElement":[{"@type":"ListItem","position":1,"name":"Home","item":"https:\/\/ceasuri.md\/"},{"@type":"ListItem","position":2,"name":"Magazin","item":"https:\/\/ceasuri.md\/shop\/"},{"@type":"ListItem","position":3,"name":"Ceas CLAUDE BERNARD AQUARIDER 70164-3B-BUIN"}]},{"@type":"WebSite","@id":"https:\/\/ceasuri.md\/ru\/#website","url":"https:\/\/ceasuri.md\/ru\/","name":"Cronograf","description":"","publisher":{"@id":"https:\/\/ceasuri.md\/ru\/#organization"},"potentialAction":[{"@type":"SearchAction","target":{"@type":"EntryPoint","urlTemplate":"https:\/\/ceasuri.md\/ru\/?s={search_term_string}"},"query-input":{"@type":"PropertyValueSpecification","valueRequired":true,"valueName":"search_term_string"}}],"inLanguage":"ru-RU"},{"@type":"Organization","@id":"https:\/\/ceasuri.md\/ru\/#organization","name":"Cronograf","url":"https:\/\/ceasuri.md\/ru\/","logo":{"@type":"ImageObject","inLanguage":"ru-RU","@id":"https:\/\/ceasuri.md\/ru\/#\/schema\/logo\/image\/","url":"https:\/\/ceasuri.md\/wp-content\/uploads\/2025\/12\/Logo.svg","contentUrl":"https:\/\/ceasuri.md\/wp-content\/uploads\/2025\/12\/Logo.svg","width":3338,"height":811,"caption":"Cronograf"},"image":{"@id":"https:\/\/ceasuri.md\/ru\/#\/schema\/logo\/image\/"}}]}},"_links":{"self":[{"href":"https:\/\/ceasuri.md\/ru\/wp-json\/wp\/v2\/product\/29813","targetHints":{"allow":["GET"]}}],"collection":[{"href":"https:\/\/ceasuri.md\/ru\/wp-json\/wp\/v2\/product"}],"about":[{"href":"https:\/\/ceasuri.md\/ru\/wp-json\/wp\/v2\/types\/product"}],"replies":[{"embeddable":true,"href":"https:\/\/ceasuri.md\/ru\/wp-json\/wp\/v2\/comments?post=29813"}],"wp:featuredmedia":[{"embeddable":true,"href":"https:\/\/ceasuri.md\/ru\/wp-json\/wp\/v2\/media\/29814"}],"wp:attachment":[{"href":"https:\/\/ceasuri.md\/ru\/wp-json\/wp\/v2\/media?parent=29813"}],"wp:term":[{"taxonomy":"product_brand","embeddable":true,"href":"https:\/\/ceasuri.md\/ru\/wp-json\/wp\/v2\/product_brand?post=29813"},{"taxonomy":"product_cat","embeddable":true,"href":"https:\/\/ceasuri.md\/ru\/wp-json\/wp\/v2\/product_cat?post=29813"},{"taxonomy":"product_tag","embeddable":true,"href":"https:\/\/ceasuri.md\/ru\/wp-json\/wp\/v2\/product_tag?post=29813"}],"curies":[{"name":"wp","href":"https:\/\/api.w.org\/{rel}","templated":true}]}}