{"id":29809,"date":"2026-04-02T20:00:22","date_gmt":"2026-04-02T17:00:22","guid":{"rendered":"http:\/\/new.ceasuri.md\/shop\/uncategorized\/edox-class-1-70159-357-aid\/"},"modified":"2026-04-16T20:57:26","modified_gmt":"2026-04-16T17:57:26","slug":"edox-class-1-70159-357-aid","status":"publish","type":"product","link":"https:\/\/ceasuri.md\/ru\/shop\/branduri\/edox\/edox-class-1-70159-357-aid\/","title":{"rendered":"Ceas EDOX 70159-357-AID Class 1"},"content":{"rendered":"<p><a href=\"\/\/ceasuri.md\/wp-content\/uploads\/2021\/10\/520055.png\u201d\"><img decoding=\"async\" class=\"\u201ealignnone\" src=\"\/\/ceasuri.md\/wp-content\/uploads\/2021\/10\/520055-300x152.png\u201d\" alt=\"\u201e\u201d\" width=\"\u201e300\u201d\" height=\"\u201e152\u201d\" \/><\/a><\/p>\n<p>Ceasul Edox este un reprezentant exemplar al clasei \u00abmedium-luxury\u00bb, combin\u00e2nd un set de componente de ceas de lux cu un cost moderat.<\/p>\n<p>Consistent elegante \u0219i func\u021bionale, colec\u021biile brandului sunt \u00eenc\u00e2nt\u0103tor de diverse.<\/p>\n<p>Arsenalul Edox include ceasuri din aliaje de titan, ceramic\u0103 \u0219i fibr\u0103 de carbon forjat\u0103.<\/p>","protected":false},"excerpt":{"rendered":"<p>Ceasul Edox este un reprezentant exemplar al clasei \u00abmedium-luxury\u00bb, combin\u00e2nd un set de componente de ceas de lux cu un cost moderat. Consistent elegante \u0219i func\u021bionale, colec\u021biile brandului sunt \u00eenc\u00e2nt\u0103tor de diverse. Arsenalul Edox include ceasuri din aliaje de titan, ceramic\u0103 \u0219i fibr\u0103 de carbon forjat\u0103.<\/p>","protected":false},"featured_media":29810,"comment_status":"closed","ping_status":"open","template":"","meta":{"_acf_changed":false},"product_brand":[],"product_cat":[20,107],"product_tag":[],"class_list":{"0":"post-29809","1":"product","2":"type-product","3":"status-publish","4":"has-post-thumbnail","6":"product_cat-ceasuri-barbati","7":"product_cat-edox","8":"pa_brand-edox","9":"pa_braslet-otel-inoxidabil","10":"pa_corpus-42-mm","11":"pa_forma-rotund","12":"pa_funcii-data","13":"pa_funcii-iluminare","14":"pa_garatia-24-luni","15":"pa_korpus-argintiu","16":"pa_kvarc-quartz","17":"pa_material-otel-inoxidabil","18":"pa_mehanizm-quartz","19":"pa_remeshok-bicolor","20":"pa_steklo-cristal-safir","21":"pa_strana-elvetia","22":"pa_voda-20-atm","24":"first","25":"instock","26":"purchasable","27":"product-type-simple"},"acf":[],"_links":{"self":[{"href":"https:\/\/ceasuri.md\/ru\/wp-json\/wp\/v2\/product\/29809","targetHints":{"allow":["GET"]}}],"collection":[{"href":"https:\/\/ceasuri.md\/ru\/wp-json\/wp\/v2\/product"}],"about":[{"href":"https:\/\/ceasuri.md\/ru\/wp-json\/wp\/v2\/types\/product"}],"replies":[{"embeddable":true,"href":"https:\/\/ceasuri.md\/ru\/wp-json\/wp\/v2\/comments?post=29809"}],"wp:featuredmedia":[{"embeddable":true,"href":"https:\/\/ceasuri.md\/ru\/wp-json\/wp\/v2\/media\/29810"}],"wp:attachment":[{"href":"https:\/\/ceasuri.md\/ru\/wp-json\/wp\/v2\/media?parent=29809"}],"wp:term":[{"taxonomy":"product_brand","embeddable":true,"href":"https:\/\/ceasuri.md\/ru\/wp-json\/wp\/v2\/product_brand?post=29809"},{"taxonomy":"product_cat","embeddable":true,"href":"https:\/\/ceasuri.md\/ru\/wp-json\/wp\/v2\/product_cat?post=29809"},{"taxonomy":"product_tag","embeddable":true,"href":"https:\/\/ceasuri.md\/ru\/wp-json\/wp\/v2\/product_tag?post=29809"}],"curies":[{"name":"wp","href":"https:\/\/api.w.org\/{rel}","templated":true}]}}