{"id":29791,"date":"2026-04-02T19:59:54","date_gmt":"2026-04-02T16:59:54","guid":{"rendered":"http:\/\/new.ceasuri.md\/shop\/uncategorized\/louis-erard-la-carree-69505an02\/"},"modified":"2026-04-20T00:30:48","modified_gmt":"2026-04-19T21:30:48","slug":"louis-erard-la-carree-69505an02","status":"publish","type":"product","link":"https:\/\/ceasuri.md\/ru\/shop\/branduri\/louis-erard\/louis-erard-la-carree-69505an02\/","title":{"rendered":"\u0427\u0430\u0441\u044b LOUIS ERARD LA CARREE 69505AN02"},"content":{"rendered":"<p>Ceas mecanic La Carree cu carcas\u0103 p\u0103trat\u0103 din o\u021bel inoxidabil 316L &#8211; echipat cu o mi\u0219care automat\u0103 elve\u021bian\u0103 ETA 2824-2.<\/p>\n<p>Caseback-ul din o\u021bel inoxidabil gravat este fixat cu 4 \u0219uruburi.<\/p>\n<p>Cadranul negru, protejat de un cristal de safir cu strat antireflex, prezint\u0103 o scar\u0103 de minute \u00een perimetru \u0219i cifre romane pentru ore.<\/p>\n<p>Intre orele 4 \u0219i 5 exist\u0103 o fereastr\u0103 pentru dat\u0103.<\/p>\n<p>Ceasul este prev\u0103zut cu o coroan\u0103 Louis Erard gravat\u0103 pentru o reglare u\u0219oar\u0103.<\/p>\n<p>Ceasul este livrat cu o curea neagr\u0103 din piele de crocodil cu \u00eenchidere pliabil\u0103 \u0219i este rezistent la ap\u0103 p\u00e2n\u0103 la 50 de metri.<\/p>","protected":false},"excerpt":{"rendered":"<p>Ceas mecanic La Carree cu carcas\u0103 p\u0103trat\u0103 din o\u021bel inoxidabil 316L &#8211; echipat cu o mi\u0219care automat\u0103 elve\u021bian\u0103 ETA 2824-2. Caseback-ul din o\u021bel inoxidabil gravat este fixat cu 4 \u0219uruburi. Cadranul negru, protejat de un cristal de safir cu strat antireflex, prezint\u0103 o scar\u0103 de minute \u00een perimetru \u0219i cifre romane pentru ore. Intre orele [&hellip;]<\/p>\n","protected":false},"featured_media":29792,"comment_status":"closed","ping_status":"open","template":"","meta":{"_acf_changed":false},"product_brand":[],"product_cat":[20,106,342],"product_tag":[595,691,693,695,692],"class_list":{"0":"post-29791","1":"product","2":"type-product","3":"status-publish","4":"has-post-thumbnail","6":"product_cat-ceasuri-barbati","7":"product_cat-ceasuri-premium","8":"product_cat-louis-erard","9":"product_tag-cronograf","10":"product_tag-691","11":"product_tag-693","12":"product_tag-695","13":"product_tag-692","14":"pa_brand-louis-erard","15":"pa_braslet-piele","16":"pa_corpus-39-mm","17":"pa_forma-patrat","18":"pa_funcii-data","19":"pa_garatia-24-luni","20":"pa_korpus-negru","21":"pa_material-otel-inoxidabil","22":"pa_mehanizm-mecanic","23":"pa_mehanizm-mecanism-automatic","24":"pa_remeshok-negru","25":"pa_steklo-cristal-safir","26":"pa_strana-elvetia","27":"pa_voda-5-atm","29":"first","30":"instock","31":"purchasable","32":"product-type-simple"},"acf":[],"_links":{"self":[{"href":"https:\/\/ceasuri.md\/ru\/wp-json\/wp\/v2\/product\/29791","targetHints":{"allow":["GET"]}}],"collection":[{"href":"https:\/\/ceasuri.md\/ru\/wp-json\/wp\/v2\/product"}],"about":[{"href":"https:\/\/ceasuri.md\/ru\/wp-json\/wp\/v2\/types\/product"}],"replies":[{"embeddable":true,"href":"https:\/\/ceasuri.md\/ru\/wp-json\/wp\/v2\/comments?post=29791"}],"wp:featuredmedia":[{"embeddable":true,"href":"https:\/\/ceasuri.md\/ru\/wp-json\/wp\/v2\/media\/29792"}],"wp:attachment":[{"href":"https:\/\/ceasuri.md\/ru\/wp-json\/wp\/v2\/media?parent=29791"}],"wp:term":[{"taxonomy":"product_brand","embeddable":true,"href":"https:\/\/ceasuri.md\/ru\/wp-json\/wp\/v2\/product_brand?post=29791"},{"taxonomy":"product_cat","embeddable":true,"href":"https:\/\/ceasuri.md\/ru\/wp-json\/wp\/v2\/product_cat?post=29791"},{"taxonomy":"product_tag","embeddable":true,"href":"https:\/\/ceasuri.md\/ru\/wp-json\/wp\/v2\/product_tag?post=29791"}],"curies":[{"name":"wp","href":"https:\/\/api.w.org\/{rel}","templated":true}]}}