{"id":29749,"date":"2026-04-02T19:59:32","date_gmt":"2026-04-02T16:59:32","guid":{"rendered":"http:\/\/new.ceasuri.md\/shop\/uncategorized\/edox-rally-timer-64008-3-nin\/"},"modified":"2026-04-20T00:19:21","modified_gmt":"2026-04-19T21:19:21","slug":"edox-rally-timer-64008-3-nin","status":"publish","type":"product","link":"https:\/\/ceasuri.md\/ru\/shop\/branduri\/edox\/edox-rally-timer-64008-3-nin\/","title":{"rendered":"\u0427\u0430\u0441\u044b EDOX RALLY TIMER  64008-3-NIN"},"content":{"rendered":"<p>Ceasul Edox este un reprezentant exemplar al clasei de \u00abmedium-luxury\u00bb, combin\u00e2nd un set de componente de ceas de lux cu un cost moderat.<\/p>\n<p>Consecvent elegante \u0219i func\u021bionale, colec\u021biile brandului \u00eenc\u00e2nt\u0103 prin diversitatea lor.<\/p>\n<p>Arsenalul Edox include ceasuri realizate din aliaje de titan, ceramic\u0103 \u0219i carbon forjat.<\/p>","protected":false},"excerpt":{"rendered":"<p>Ceasul Edox este un reprezentant exemplar al clasei de \u00abmedium-luxury\u00bb, combin\u00e2nd un set de componente de ceas de lux cu un cost moderat. Consecvent elegante \u0219i func\u021bionale, colec\u021biile brandului \u00eenc\u00e2nt\u0103 prin diversitatea lor. Arsenalul Edox include ceasuri realizate din aliaje de titan, ceramic\u0103 \u0219i carbon forjat.<\/p>","protected":false},"featured_media":29750,"comment_status":"closed","ping_status":"open","template":"","meta":{"_acf_changed":false},"product_brand":[],"product_cat":[20,106,107],"product_tag":[],"class_list":{"0":"post-29749","1":"product","2":"type-product","3":"status-publish","4":"has-post-thumbnail","6":"product_cat-ceasuri-barbati","7":"product_cat-ceasuri-premium","8":"product_cat-edox","9":"pa_brand-edox","10":"pa_braslet-cauciuc","11":"pa_corpus-42-mm","12":"pa_forma-rotund","13":"pa_funcii-data","14":"pa_funcii-offset-second-hand","15":"pa_garatia-24-luni","16":"pa_korpus-argintiu","17":"pa_kvarc-quartz","18":"pa_material-otel-inoxidabil","19":"pa_mehanizm-quartz","20":"pa_remeshok-negru","21":"pa_steklo-cristal-safir","22":"pa_strana-elvetia","23":"pa_voda-10-atm","25":"first","26":"instock","27":"purchasable","28":"product-type-simple"},"acf":[],"_links":{"self":[{"href":"https:\/\/ceasuri.md\/ru\/wp-json\/wp\/v2\/product\/29749","targetHints":{"allow":["GET"]}}],"collection":[{"href":"https:\/\/ceasuri.md\/ru\/wp-json\/wp\/v2\/product"}],"about":[{"href":"https:\/\/ceasuri.md\/ru\/wp-json\/wp\/v2\/types\/product"}],"replies":[{"embeddable":true,"href":"https:\/\/ceasuri.md\/ru\/wp-json\/wp\/v2\/comments?post=29749"}],"wp:featuredmedia":[{"embeddable":true,"href":"https:\/\/ceasuri.md\/ru\/wp-json\/wp\/v2\/media\/29750"}],"wp:attachment":[{"href":"https:\/\/ceasuri.md\/ru\/wp-json\/wp\/v2\/media?parent=29749"}],"wp:term":[{"taxonomy":"product_brand","embeddable":true,"href":"https:\/\/ceasuri.md\/ru\/wp-json\/wp\/v2\/product_brand?post=29749"},{"taxonomy":"product_cat","embeddable":true,"href":"https:\/\/ceasuri.md\/ru\/wp-json\/wp\/v2\/product_cat?post=29749"},{"taxonomy":"product_tag","embeddable":true,"href":"https:\/\/ceasuri.md\/ru\/wp-json\/wp\/v2\/product_tag?post=29749"}],"curies":[{"name":"wp","href":"https:\/\/api.w.org\/{rel}","templated":true}]}}