{"id":29700,"date":"2026-04-02T19:59:02","date_gmt":"2026-04-02T16:59:02","guid":{"rendered":"http:\/\/new.ceasuri.md\/shop\/uncategorized\/edox-les-vauberts-62003-3-nin\/"},"modified":"2026-04-20T00:19:21","modified_gmt":"2026-04-19T21:19:21","slug":"edox-les-vauberts-62003-3-nin","status":"publish","type":"product","link":"https:\/\/ceasuri.md\/ru\/shop\/branduri\/edox\/edox-les-vauberts-62003-3-nin\/","title":{"rendered":"Ceas EDOX LES VAUBERTS 62003-3-NIN"},"content":{"rendered":"<p>Le Vaubert este un mic cartier de l\u00e2ng\u0103 Le Gen\u00e8ve, renumit pentru c\u0103 a fost casa primilor fabrican\u021bi de ceasuri \u00een urm\u0103 cu peste 400 de ani. Lucr\u00e2nd la c\u00e2mp vara, ace\u0219ti fermieri au devenit ceasornicari iarna \u0219i au fost pionierii industriei orologere moderne.<\/p>\n<p>Designul elegant \u0219i clasic al ceasurilor Les Vauberts este caracterizat de mi\u0219c\u0103ri mecanice fiabile sau  cu cuar\u021b fabricate \u00een Elve\u021bia. Prezentarea unei pove\u0219ti adev\u0103rate.<\/p>\n<p>Sf\u00e2r\u0219itul secolului al XVI-lea a marcat \u00eenceputul fabric\u0103rii ceasurilor \u00een Mun\u021bii Jura. Colec\u021bia Les Vauberts aduce un omagiu acestei epoci prin prezentarea unei ferme istorice pe spatele carcasei, care reflect\u0103 stilul cl\u0103dirilor \u00een care predecesorii no\u0219tri fabricau ceasuri \u00een timpul lunilor grele de iarn\u0103.<\/p>","protected":false},"excerpt":{"rendered":"<p>Le Vaubert este un mic cartier de l\u00e2ng\u0103 Le Gen\u00e8ve, renumit pentru c\u0103 a fost casa primilor fabrican\u021bi de ceasuri \u00een urm\u0103 cu peste 400 de ani. Lucr\u00e2nd la c\u00e2mp vara, ace\u0219ti fermieri au devenit ceasornicari iarna \u0219i au fost pionierii industriei orologere moderne. Designul elegant \u0219i clasic al ceasurilor Les Vauberts este caracterizat de [&hellip;]<\/p>\n","protected":false},"featured_media":29701,"comment_status":"closed","ping_status":"open","template":"","meta":{"_acf_changed":false},"product_brand":[],"product_cat":[20,107],"product_tag":[],"class_list":{"0":"post-29700","1":"product","2":"type-product","3":"status-publish","4":"has-post-thumbnail","6":"product_cat-ceasuri-barbati","7":"product_cat-edox","8":"pa_brand-edox","9":"pa_braslet-piele","10":"pa_corpus-41-mm","11":"pa_forma-rotund","12":"pa_funcii-data","13":"pa_funcii-gmt","14":"pa_garatia-24-luni","15":"pa_korpus-argintiu","16":"pa_kvarc-quartz","17":"pa_material-otel-inoxidabil","18":"pa_mehanizm-quartz","19":"pa_remeshok-negru","20":"pa_steklo-cristal-safir","21":"pa_strana-elvetia","22":"pa_voda-5-atm","24":"first","25":"instock","26":"purchasable","27":"product-type-simple"},"acf":[],"_links":{"self":[{"href":"https:\/\/ceasuri.md\/ru\/wp-json\/wp\/v2\/product\/29700","targetHints":{"allow":["GET"]}}],"collection":[{"href":"https:\/\/ceasuri.md\/ru\/wp-json\/wp\/v2\/product"}],"about":[{"href":"https:\/\/ceasuri.md\/ru\/wp-json\/wp\/v2\/types\/product"}],"replies":[{"embeddable":true,"href":"https:\/\/ceasuri.md\/ru\/wp-json\/wp\/v2\/comments?post=29700"}],"wp:featuredmedia":[{"embeddable":true,"href":"https:\/\/ceasuri.md\/ru\/wp-json\/wp\/v2\/media\/29701"}],"wp:attachment":[{"href":"https:\/\/ceasuri.md\/ru\/wp-json\/wp\/v2\/media?parent=29700"}],"wp:term":[{"taxonomy":"product_brand","embeddable":true,"href":"https:\/\/ceasuri.md\/ru\/wp-json\/wp\/v2\/product_brand?post=29700"},{"taxonomy":"product_cat","embeddable":true,"href":"https:\/\/ceasuri.md\/ru\/wp-json\/wp\/v2\/product_cat?post=29700"},{"taxonomy":"product_tag","embeddable":true,"href":"https:\/\/ceasuri.md\/ru\/wp-json\/wp\/v2\/product_tag?post=29700"}],"curies":[{"name":"wp","href":"https:\/\/api.w.org\/{rel}","templated":true}]}}