{"id":29668,"date":"2026-04-02T19:59:02","date_gmt":"2026-04-02T16:59:02","guid":{"rendered":"http:\/\/new.ceasuri.md\/shop\/uncategorized\/edox-grand-ocean-56002-3c-nin\/"},"modified":"2026-04-20T00:19:19","modified_gmt":"2026-04-19T21:19:19","slug":"edox-grand-ocean-56002-3c-nin","status":"publish","type":"product","link":"https:\/\/ceasuri.md\/ru\/shop\/branduri\/edox\/edox-grand-ocean-56002-3c-nin\/","title":{"rendered":"Ceas EDOX GRAND OCEAN 56002-3C-NIN"},"content":{"rendered":"<p><a><img \/><\/a><\/p>\n<p>Ceas pentru b\u0103rba\u021bi EDOX Grand Ocean. Design combinat cu calitate \u0219i manoper\u0103 durabil\u0103 care \u00eel face un accesoriu ideal pentru petrecerea timpului liber \u0219i purtarea zilnic\u0103. Este o alegere excelent\u0103 dac\u0103 sunte\u021bi \u00een c\u0103utarea unui ceas de \u00eencredere la un pre\u021b rezonabil.<\/p>\n<p>O caracteristic\u0103 distinctiv\u0103 a ceasului este cadranul negru, completat cu indici distinctivi \u0219i m\u00e2ini care au aspectul acelor busolei de naviga\u021bie. \u00cen pozi\u021bia orei 6 g\u0103sim afi\u0219ajul datei. Cadranul este protejat de un cristal de safir, astfel \u00eenc\u00e2t nu poate fi zg\u00e2riat.<\/p>\n<p>Carcasa din o\u021bel inoxidabil de \u00eenalt\u0103 calitate este completat\u0103 de o curea din piele neagr\u0103. Rezisten\u021ba la ap\u0103 a acestui model este de 100 m, astfel \u00eenc\u00e2t ceasul poate face fa\u021b\u0103 \u00eenotului ocazional la suprafa\u021b\u0103 \u0219i du\u0219urilor. Sigiliul coroanei duble asigur\u0103, de asemenea, o bun\u0103 rezisten\u021b\u0103 la ap\u0103. Diametrul carcasei este de 41 mm, astfel \u00eenc\u00e2t se va potrivi majorit\u0103\u021bii \u00eencheieturilor b\u0103rba\u021bilor.<\/p>","protected":false},"excerpt":{"rendered":"<p>Ceas pentru b\u0103rba\u021bi EDOX Grand Ocean. Design combinat cu calitate \u0219i manoper\u0103 durabil\u0103 care \u00eel face un accesoriu ideal pentru petrecerea timpului liber \u0219i purtarea zilnic\u0103. Este o alegere excelent\u0103 dac\u0103 sunte\u021bi \u00een c\u0103utarea unui ceas de \u00eencredere la un pre\u021b rezonabil. O caracteristic\u0103 distinctiv\u0103 a ceasului este cadranul negru, completat cu indici distinctivi \u0219i [&hellip;]<\/p>\n","protected":false},"featured_media":29669,"comment_status":"closed","ping_status":"open","template":"","meta":{"_acf_changed":false},"product_brand":[],"product_cat":[20,106,107],"product_tag":[],"class_list":{"0":"post-29668","1":"product","2":"type-product","3":"status-publish","4":"has-post-thumbnail","6":"product_cat-ceasuri-barbati","7":"product_cat-ceasuri-premium","8":"product_cat-edox","9":"pa_brand-edox","10":"pa_braslet-piele","11":"pa_corpus-41-mm","12":"pa_forma-rotund","13":"pa_funcii-data","14":"pa_garatia-24-luni","15":"pa_korpus-argintiu","16":"pa_kvarc-quartz","17":"pa_material-otel-inoxidabil","18":"pa_mehanizm-quartz","19":"pa_remeshok-negru","20":"pa_steklo-cristal-safir","21":"pa_strana-elvetia","22":"pa_voda-10-atm","24":"first","25":"instock","26":"purchasable","27":"product-type-simple"},"acf":[],"_links":{"self":[{"href":"https:\/\/ceasuri.md\/ru\/wp-json\/wp\/v2\/product\/29668","targetHints":{"allow":["GET"]}}],"collection":[{"href":"https:\/\/ceasuri.md\/ru\/wp-json\/wp\/v2\/product"}],"about":[{"href":"https:\/\/ceasuri.md\/ru\/wp-json\/wp\/v2\/types\/product"}],"replies":[{"embeddable":true,"href":"https:\/\/ceasuri.md\/ru\/wp-json\/wp\/v2\/comments?post=29668"}],"wp:featuredmedia":[{"embeddable":true,"href":"https:\/\/ceasuri.md\/ru\/wp-json\/wp\/v2\/media\/29669"}],"wp:attachment":[{"href":"https:\/\/ceasuri.md\/ru\/wp-json\/wp\/v2\/media?parent=29668"}],"wp:term":[{"taxonomy":"product_brand","embeddable":true,"href":"https:\/\/ceasuri.md\/ru\/wp-json\/wp\/v2\/product_brand?post=29668"},{"taxonomy":"product_cat","embeddable":true,"href":"https:\/\/ceasuri.md\/ru\/wp-json\/wp\/v2\/product_cat?post=29668"},{"taxonomy":"product_tag","embeddable":true,"href":"https:\/\/ceasuri.md\/ru\/wp-json\/wp\/v2\/product_tag?post=29668"}],"curies":[{"name":"wp","href":"https:\/\/api.w.org\/{rel}","templated":true}]}}