{"id":29532,"date":"2026-04-02T19:58:09","date_gmt":"2026-04-02T16:58:09","guid":{"rendered":"http:\/\/new.ceasuri.md\/shop\/uncategorized\/roamer-slim-line-511973-48-83-50\/"},"modified":"2026-04-20T00:39:14","modified_gmt":"2026-04-19T21:39:14","slug":"roamer-slim-line-511973-48-83-50","status":"publish","type":"product","link":"https:\/\/ceasuri.md\/ru\/shop\/branduri\/roamer\/roamer-slim-line-511973-48-83-50\/","title":{"rendered":"\u0427\u0430\u0441\u044b ROAMER SLIM-LINE 511973 48 83 50"},"content":{"rendered":"<p>Mi\u0219c\u0103rile elve\u021biene precise care ac\u021bioneaz\u0103 m\u00e2inile ceasurilor ROAMER sunt realizate cu o grij\u0103 f\u0103r\u0103 compromisuri, \u00een timp ce compozi\u021bia materialelor de lung\u0103 durat\u0103 alese cu mare aten\u021bie la detalii \u0219i formele armonioase exprim\u0103 rafinament \u0219i un caracter atemporal.<\/p>","protected":false},"excerpt":{"rendered":"<p>Mi\u0219c\u0103rile elve\u021biene precise care ac\u021bioneaz\u0103 m\u00e2inile ceasurilor ROAMER sunt realizate cu o grij\u0103 f\u0103r\u0103 compromisuri, \u00een timp ce compozi\u021bia materialelor de lung\u0103 durat\u0103 alese cu mare aten\u021bie la detalii \u0219i formele armonioase exprim\u0103 rafinament \u0219i un caracter atemporal.<\/p>","protected":false},"featured_media":29533,"comment_status":"closed","ping_status":"open","template":"","meta":{"_acf_changed":false},"product_brand":[],"product_cat":[25,316,26],"product_tag":[],"class_list":{"0":"post-29532","1":"product","2":"type-product","3":"status-publish","4":"has-post-thumbnail","6":"product_cat-ceasuri-dama","7":"product_cat-roamer","8":"product_cat-sale-ceas-de-dama","9":"pa_brand-roamer","10":"pa_braslet-otel-inoxidabil","11":"pa_corpus-28x38-mm","12":"pa_forma-dreptunghiular","13":"pa_funcii-data","14":"pa_garatia-6-luni","15":"pa_korpus-auriu","16":"pa_kvarc-quartz","17":"pa_material-otel-inoxidabil","18":"pa_mehanizm-quartz","19":"pa_remeshok-auriu","20":"pa_steklo-cristal-safir","21":"pa_strana-elvetia","22":"pa_voda-5-atm","24":"first","25":"instock","26":"sale","27":"purchasable","28":"product-type-simple"},"acf":[],"_links":{"self":[{"href":"https:\/\/ceasuri.md\/ru\/wp-json\/wp\/v2\/product\/29532","targetHints":{"allow":["GET"]}}],"collection":[{"href":"https:\/\/ceasuri.md\/ru\/wp-json\/wp\/v2\/product"}],"about":[{"href":"https:\/\/ceasuri.md\/ru\/wp-json\/wp\/v2\/types\/product"}],"replies":[{"embeddable":true,"href":"https:\/\/ceasuri.md\/ru\/wp-json\/wp\/v2\/comments?post=29532"}],"wp:featuredmedia":[{"embeddable":true,"href":"https:\/\/ceasuri.md\/ru\/wp-json\/wp\/v2\/media\/29533"}],"wp:attachment":[{"href":"https:\/\/ceasuri.md\/ru\/wp-json\/wp\/v2\/media?parent=29532"}],"wp:term":[{"taxonomy":"product_brand","embeddable":true,"href":"https:\/\/ceasuri.md\/ru\/wp-json\/wp\/v2\/product_brand?post=29532"},{"taxonomy":"product_cat","embeddable":true,"href":"https:\/\/ceasuri.md\/ru\/wp-json\/wp\/v2\/product_cat?post=29532"},{"taxonomy":"product_tag","embeddable":true,"href":"https:\/\/ceasuri.md\/ru\/wp-json\/wp\/v2\/product_tag?post=29532"}],"curies":[{"name":"wp","href":"https:\/\/api.w.org\/{rel}","templated":true}]}}