{"id":29419,"date":"2026-04-02T19:56:57","date_gmt":"2026-04-02T16:56:57","guid":{"rendered":"http:\/\/new.ceasuri.md\/shop\/uncategorized\/louis-erard-1931-squelette-41207aa01\/"},"modified":"2026-04-20T00:30:46","modified_gmt":"2026-04-19T21:30:46","slug":"louis-erard-1931-squelette-41207aa01","status":"publish","type":"product","link":"https:\/\/ceasuri.md\/ru\/shop\/branduri\/louis-erard\/louis-erard-1931-squelette-41207aa01\/","title":{"rendered":"\u0427\u0430\u0441\u044b LOUIS ERARD 1931 SQUELETTE 41207AA01"},"content":{"rendered":"<p>Louis Erard este un produc\u0103tor elve\u021bian de lux care a devenit parte a lumii cronometrelor \u00een 1931. Cu toate acestea, la \u00eenceputul anilor 1990, compania a \u00eencetat s\u0103 existe pentru o vreme &#8211; produc\u021bia a fost reluat\u0103 \u00een 2003 datorit\u0103 investitorilor condu\u0219i de Alain Spinedi.<\/p>\n<p>Scopul companiei a fost de a populariza ceasurile mecanice de calitate, iar timpul a demonstrat c\u0103 acesta a fost atins \u00een 2010, s-a dep\u0103\u0219it pragul de 100.000 de ceasuri Louis Erard v\u00e2ndute.<\/p>","protected":false},"excerpt":{"rendered":"<p>Louis Erard este un produc\u0103tor elve\u021bian de lux care a devenit parte a lumii cronometrelor \u00een 1931. Cu toate acestea, la \u00eenceputul anilor 1990, compania a \u00eencetat s\u0103 existe pentru o vreme &#8211; produc\u021bia a fost reluat\u0103 \u00een 2003 datorit\u0103 investitorilor condu\u0219i de Alain Spinedi. Scopul companiei a fost de a populariza ceasurile mecanice de [&hellip;]<\/p>\n","protected":false},"featured_media":29420,"comment_status":"closed","ping_status":"open","template":"","meta":{"_acf_changed":false},"product_brand":[],"product_cat":[20,106,342],"product_tag":[595,691,693,695,692],"class_list":{"0":"post-29419","1":"product","2":"type-product","3":"status-publish","4":"has-post-thumbnail","6":"product_cat-ceasuri-barbati","7":"product_cat-ceasuri-premium","8":"product_cat-louis-erard","9":"product_tag-cronograf","10":"product_tag-691","11":"product_tag-693","12":"product_tag-695","13":"product_tag-692","14":"pa_brand-louis-erard","15":"pa_braslet-piele","16":"pa_corpus-40-mm","17":"pa_forma-rotund","18":"pa_funcii-schelet","19":"pa_garatia-24-luni","20":"pa_korpus-argintiu","21":"pa_material-otel-inoxidabil","22":"pa_mehanizm-bobinaj-manual","23":"pa_mehanizm-mecanic","24":"pa_remeshok-negru","25":"pa_steklo-cristal-safir","26":"pa_strana-elvetia","27":"pa_voda-5-atm","29":"first","30":"instock","31":"purchasable","32":"product-type-simple"},"acf":[],"_links":{"self":[{"href":"https:\/\/ceasuri.md\/ru\/wp-json\/wp\/v2\/product\/29419","targetHints":{"allow":["GET"]}}],"collection":[{"href":"https:\/\/ceasuri.md\/ru\/wp-json\/wp\/v2\/product"}],"about":[{"href":"https:\/\/ceasuri.md\/ru\/wp-json\/wp\/v2\/types\/product"}],"replies":[{"embeddable":true,"href":"https:\/\/ceasuri.md\/ru\/wp-json\/wp\/v2\/comments?post=29419"}],"wp:featuredmedia":[{"embeddable":true,"href":"https:\/\/ceasuri.md\/ru\/wp-json\/wp\/v2\/media\/29420"}],"wp:attachment":[{"href":"https:\/\/ceasuri.md\/ru\/wp-json\/wp\/v2\/media?parent=29419"}],"wp:term":[{"taxonomy":"product_brand","embeddable":true,"href":"https:\/\/ceasuri.md\/ru\/wp-json\/wp\/v2\/product_brand?post=29419"},{"taxonomy":"product_cat","embeddable":true,"href":"https:\/\/ceasuri.md\/ru\/wp-json\/wp\/v2\/product_cat?post=29419"},{"taxonomy":"product_tag","embeddable":true,"href":"https:\/\/ceasuri.md\/ru\/wp-json\/wp\/v2\/product_tag?post=29419"}],"curies":[{"name":"wp","href":"https:\/\/api.w.org\/{rel}","templated":true}]}}