{"id":29371,"date":"2022-09-30T22:33:00","date_gmt":"2022-09-30T19:33:00","guid":{"rendered":"http:\/\/new.ceasuri.md\/shop\/uncategorized\/edox-chronorally-36001-3-nin\/"},"modified":"2026-05-01T14:18:21","modified_gmt":"2026-05-01T11:18:21","slug":"edox-chronorally-36001-3-nin","status":"publish","type":"product","link":"https:\/\/ceasuri.md\/ru\/shop\/branduri\/edox\/edox-chronorally-36001-3-nin\/","title":{"rendered":"\u0427\u0430\u0441\u044b EDOX CHRONORALLY 36001-3-NIN"},"content":{"rendered":"<p><a><img \/><\/a><\/p>\n<p>Edox WRC Chronorally un ceas foarte special.<\/p>\n<p>Ceasornicarii Edox au modificat mi\u0219carea Soprod Calibre 16 TwinMotion special pentru pilo\u021bii profesioni\u0219ti de \u00eenalt\u0103 calificare din WRC.<\/p>\n<p>Ceasul are o gam\u0103 larg\u0103 de func\u021bii, inclusiv: posibilitatea de a salva \u0219i de a recupera timpii a 15 curse, timpul total al cursei, o func\u021bie de num\u0103r\u0103toare invers\u0103 \u0219i un cronograf.Mai important, aceste func\u021bii pot fi foarte utile \u0219i dac\u0103 nu sunte\u021bi un pilot de curse.<\/p>\n<p>Ceas, cu finisajul de calitate pentru care Edox este cunoscut, cu un cadran superb din fibr\u0103 de carbon \u0219i un buton ro\u0219u frumos la ora 2, care controleaz\u0103 majoritatea func\u021biilor.<\/p>","protected":false},"excerpt":{"rendered":"<p>Edox WRC Chronorally un ceas foarte special. Ceasornicarii Edox au modificat mi\u0219carea Soprod Calibre 16 TwinMotion special pentru pilo\u021bii profesioni\u0219ti de \u00eenalt\u0103 calificare din WRC. Ceasul are o gam\u0103 larg\u0103 de func\u021bii, inclusiv: posibilitatea de a salva \u0219i de a recupera timpii a 15 curse, timpul total al cursei, o func\u021bie de num\u0103r\u0103toare invers\u0103 \u0219i [&hellip;]<\/p>\n","protected":false},"featured_media":29372,"comment_status":"closed","ping_status":"open","template":"","meta":{"_acf_changed":false},"product_brand":[],"product_cat":[20,106,107],"product_tag":[],"class_list":{"0":"post-29371","1":"product","2":"type-product","3":"status-publish","4":"has-post-thumbnail","6":"product_cat-ceasuri-barbati","7":"product_cat-ceasuri-premium","8":"product_cat-edox","9":"pa_brand-edox","10":"pa_braslet-cauciuc","11":"pa_corpus-48-mm","12":"pa_forma-rotund","13":"pa_funcii-cronograf","14":"pa_funcii-cronometru","15":"pa_garatia-24-luni","16":"pa_korpus-argintiu","17":"pa_kvarc-quartz","18":"pa_material-otel-inoxidabil","19":"pa_mehanizm-quartz","20":"pa_remeshok-negru","21":"pa_steklo-cristal-safir","22":"pa_strana-elvetia","23":"pa_voda-10-atm","25":"first","26":"instock","27":"purchasable","28":"product-type-simple"},"acf":[],"_links":{"self":[{"href":"https:\/\/ceasuri.md\/ru\/wp-json\/wp\/v2\/product\/29371","targetHints":{"allow":["GET"]}}],"collection":[{"href":"https:\/\/ceasuri.md\/ru\/wp-json\/wp\/v2\/product"}],"about":[{"href":"https:\/\/ceasuri.md\/ru\/wp-json\/wp\/v2\/types\/product"}],"replies":[{"embeddable":true,"href":"https:\/\/ceasuri.md\/ru\/wp-json\/wp\/v2\/comments?post=29371"}],"wp:featuredmedia":[{"embeddable":true,"href":"https:\/\/ceasuri.md\/ru\/wp-json\/wp\/v2\/media\/29372"}],"wp:attachment":[{"href":"https:\/\/ceasuri.md\/ru\/wp-json\/wp\/v2\/media?parent=29371"}],"wp:term":[{"taxonomy":"product_brand","embeddable":true,"href":"https:\/\/ceasuri.md\/ru\/wp-json\/wp\/v2\/product_brand?post=29371"},{"taxonomy":"product_cat","embeddable":true,"href":"https:\/\/ceasuri.md\/ru\/wp-json\/wp\/v2\/product_cat?post=29371"},{"taxonomy":"product_tag","embeddable":true,"href":"https:\/\/ceasuri.md\/ru\/wp-json\/wp\/v2\/product_tag?post=29371"}],"curies":[{"name":"wp","href":"https:\/\/api.w.org\/{rel}","templated":true}]}}