{"id":29354,"date":"2026-04-02T19:56:34","date_gmt":"2026-04-02T16:56:34","guid":{"rendered":"http:\/\/new.ceasuri.md\/shop\/uncategorized\/edox-les-vauberts-34500-3-ain\/"},"modified":"2026-04-20T00:19:04","modified_gmt":"2026-04-19T21:19:04","slug":"edox-les-vauberts-34500-3-ain","status":"publish","type":"product","link":"https:\/\/ceasuri.md\/ru\/shop\/branduri\/edox\/edox-les-vauberts-34500-3-ain\/","title":{"rendered":"\u0427\u0430\u0441\u044b EDOX LES VAUBERTS 34500-3-AIN"},"content":{"rendered":"<p>Le Vaubert este un mic cartier de l\u00e2ng\u0103 Le Gen\u00e8ve, renumit pentru c\u0103 a fost casa primilor fabrican\u021bi de ceasuri \u00een urm\u0103 cu peste 400 de ani. Lucr\u00e2nd la c\u00e2mp vara, ace\u0219ti fermieri au devenit ceasornicari iarna \u0219i au fost pionierii industriei orologere moderne.<\/p>\n<p>Designul elegant \u0219i clasic al ceasurilor Les Vauberts este caracterizat de mi\u0219c\u0103ri mecanice fiabile sau puternice cu cuar\u021b fabricate \u00een Elve\u021bia. Prezentarea unei pove\u0219ti adev\u0103rate.<\/p>\n<p>Sf\u00e2r\u0219itul secolului al XVI-lea a marcat \u00eenceputul fabric\u0103rii ceasurilor \u00een Mun\u021bii Jura.<\/p>","protected":false},"excerpt":{"rendered":"<p>Le Vaubert este un mic cartier de l\u00e2ng\u0103 Le Gen\u00e8ve, renumit pentru c\u0103 a fost casa primilor fabrican\u021bi de ceasuri \u00een urm\u0103 cu peste 400 de ani. Lucr\u00e2nd la c\u00e2mp vara, ace\u0219ti fermieri au devenit ceasornicari iarna \u0219i au fost pionierii industriei orologere moderne. Designul elegant \u0219i clasic al ceasurilor Les Vauberts este caracterizat de [&hellip;]<\/p>\n","protected":false},"featured_media":29355,"comment_status":"closed","ping_status":"open","template":"","meta":{"_acf_changed":false},"product_brand":[],"product_cat":[20,106,107],"product_tag":[],"class_list":{"0":"post-29354","1":"product","2":"type-product","3":"status-publish","4":"has-post-thumbnail","6":"product_cat-ceasuri-barbati","7":"product_cat-ceasuri-premium","8":"product_cat-edox","9":"pa_brand-edox","10":"pa_braslet-piele","11":"pa_corpus-42-mm","12":"pa_forma-rotund","13":"pa_funcii-data","14":"pa_funcii-offset-second-hand","15":"pa_funcii-ziua-saptamanii","16":"pa_garatia-24-luni","17":"pa_korpus-argintiu","18":"pa_kvarc-quartz","19":"pa_material-otel-inoxidabil","20":"pa_mehanizm-quartz","21":"pa_remeshok-negru","22":"pa_steklo-cristal-safir","23":"pa_strana-elvetia","24":"pa_voda-5-atm","26":"first","27":"instock","28":"purchasable","29":"product-type-simple"},"acf":[],"_links":{"self":[{"href":"https:\/\/ceasuri.md\/ru\/wp-json\/wp\/v2\/product\/29354","targetHints":{"allow":["GET"]}}],"collection":[{"href":"https:\/\/ceasuri.md\/ru\/wp-json\/wp\/v2\/product"}],"about":[{"href":"https:\/\/ceasuri.md\/ru\/wp-json\/wp\/v2\/types\/product"}],"replies":[{"embeddable":true,"href":"https:\/\/ceasuri.md\/ru\/wp-json\/wp\/v2\/comments?post=29354"}],"wp:featuredmedia":[{"embeddable":true,"href":"https:\/\/ceasuri.md\/ru\/wp-json\/wp\/v2\/media\/29355"}],"wp:attachment":[{"href":"https:\/\/ceasuri.md\/ru\/wp-json\/wp\/v2\/media?parent=29354"}],"wp:term":[{"taxonomy":"product_brand","embeddable":true,"href":"https:\/\/ceasuri.md\/ru\/wp-json\/wp\/v2\/product_brand?post=29354"},{"taxonomy":"product_cat","embeddable":true,"href":"https:\/\/ceasuri.md\/ru\/wp-json\/wp\/v2\/product_cat?post=29354"},{"taxonomy":"product_tag","embeddable":true,"href":"https:\/\/ceasuri.md\/ru\/wp-json\/wp\/v2\/product_tag?post=29354"}],"curies":[{"name":"wp","href":"https:\/\/api.w.org\/{rel}","templated":true}]}}