{"id":29343,"date":"2026-04-02T19:56:34","date_gmt":"2026-04-02T16:56:34","guid":{"rendered":"http:\/\/new.ceasuri.md\/shop\/uncategorized\/epos-passion-3403-193-20-18-25\/"},"modified":"2026-04-07T03:06:47","modified_gmt":"2026-04-07T00:06:47","slug":"epos-passion-3403-193-20-18-25","status":"publish","type":"product","link":"https:\/\/ceasuri.md\/ru\/shop\/branduri\/epos\/epos-passion-3403-193-20-18-25\/","title":{"rendered":"Ceas EPOS PASSION 3403.193.20.18.25"},"content":{"rendered":"<p>Epos ofer\u0103 ceasuri mecanice de \u00eenalt\u0103 calitate, cu complica\u021bii, dar la un pre\u021b accesibil. Produse cu dragoste \u0219i grij\u0103, \u00een conformitate cu mo\u0219tenirea tradi\u021bional\u0103 a ceasornicarilor elve\u021bieni, acestea merit\u0103 s\u0103 fie numite &#8222;Arta orologer\u0103&#8221;.<\/p>\n<p>Epos este deosebit de m\u00e2ndru de dezvolt\u0103rile sale interne. De exemplu, func\u021biile speciale, cum ar fi data m\u0103rit\u0103, indicatorul rezervei de putere sau faza lunii, au fost dezvoltate \u00een atelierul lui Jean Fillon \u0219i James Aubert. Fabricarea unor mi\u0219c\u0103ri at\u00e2t de complexe necesit\u0103 o \u00eendem\u00e2nare special\u0103 care transform\u0103 fiecare ceas \u00eentr-o oper\u0103 de art\u0103.<\/p>","protected":false},"excerpt":{"rendered":"<p>Epos ofer\u0103 ceasuri mecanice de \u00eenalt\u0103 calitate, cu complica\u021bii, dar la un pre\u021b accesibil. Produse cu dragoste \u0219i grij\u0103, \u00een conformitate cu mo\u0219tenirea tradi\u021bional\u0103 a ceasornicarilor elve\u021bieni, acestea merit\u0103 s\u0103 fie numite &#8222;Arta orologer\u0103&#8221;. Epos este deosebit de m\u00e2ndru de dezvolt\u0103rile sale interne. De exemplu, func\u021biile speciale, cum ar fi data m\u0103rit\u0103, indicatorul rezervei de [&hellip;]<\/p>\n","protected":false},"featured_media":29344,"comment_status":"closed","ping_status":"open","template":"","meta":{"_acf_changed":false},"product_brand":[],"product_cat":[20,106,318],"product_tag":[],"class_list":{"0":"post-29343","1":"product","2":"type-product","3":"status-publish","4":"has-post-thumbnail","6":"product_cat-ceasuri-barbati","7":"product_cat-ceasuri-premium","8":"product_cat-epos","9":"pa_brand-epos","10":"pa_braslet-piele","11":"pa_corpus-43-mm","12":"pa_forma-rotund","13":"pa_funcii-offset-second-hand","14":"pa_funcii-semischelet","15":"pa_garatia-6-luni","16":"pa_korpus-argintiu","17":"pa_material-otel-inoxidabil","18":"pa_mehanizm-bobinaj-manual","19":"pa_mehanizm-mecanic","20":"pa_remeshok-negru","21":"pa_steklo-cristal-safir","22":"pa_strana-elvetia","23":"pa_voda-10-atm","25":"first","26":"instock","27":"sale","28":"purchasable","29":"product-type-simple"},"acf":[],"_links":{"self":[{"href":"https:\/\/ceasuri.md\/ru\/wp-json\/wp\/v2\/product\/29343","targetHints":{"allow":["GET"]}}],"collection":[{"href":"https:\/\/ceasuri.md\/ru\/wp-json\/wp\/v2\/product"}],"about":[{"href":"https:\/\/ceasuri.md\/ru\/wp-json\/wp\/v2\/types\/product"}],"replies":[{"embeddable":true,"href":"https:\/\/ceasuri.md\/ru\/wp-json\/wp\/v2\/comments?post=29343"}],"wp:featuredmedia":[{"embeddable":true,"href":"https:\/\/ceasuri.md\/ru\/wp-json\/wp\/v2\/media\/29344"}],"wp:attachment":[{"href":"https:\/\/ceasuri.md\/ru\/wp-json\/wp\/v2\/media?parent=29343"}],"wp:term":[{"taxonomy":"product_brand","embeddable":true,"href":"https:\/\/ceasuri.md\/ru\/wp-json\/wp\/v2\/product_brand?post=29343"},{"taxonomy":"product_cat","embeddable":true,"href":"https:\/\/ceasuri.md\/ru\/wp-json\/wp\/v2\/product_cat?post=29343"},{"taxonomy":"product_tag","embeddable":true,"href":"https:\/\/ceasuri.md\/ru\/wp-json\/wp\/v2\/product_tag?post=29343"}],"curies":[{"name":"wp","href":"https:\/\/api.w.org\/{rel}","templated":true}]}}