{"id":29315,"date":"2026-04-02T19:56:00","date_gmt":"2026-04-02T16:56:00","guid":{"rendered":"http:\/\/new.ceasuri.md\/shop\/uncategorized\/epos-emotion-blue-stars-3391-g-b-s\/"},"modified":"2026-04-20T00:19:58","modified_gmt":"2026-04-19T21:19:58","slug":"epos-emotion-blue-stars-3391-g-b-s","status":"publish","type":"product","link":"https:\/\/ceasuri.md\/ru\/shop\/branduri\/epos\/epos-emotion-blue-stars-3391-g-b-s\/","title":{"rendered":"\u0427\u0430\u0441\u044b EPOS EMOTION BLUE STARS 3391 \/G\/B\/S"},"content":{"rendered":"<p>Acest model este o interpretare modern\u0103 a indica\u021biei clasice a fazei lunii \u00eentr-un design pur de cer de noapte.<\/p>\n<p>Mi\u0219carea se bazeaz\u0103 pe o mi\u0219care mecanic\u0103 cu \u00eenc\u0103rcare automat\u0103 frumos decorat\u0103. Ceasul afi\u0219eaz\u0103 fazele lunii, data, ziua s\u0103pt\u0103m\u00e2nii.<\/p>\n<p>Carcas\u0103 din o\u021bel inoxidabil cu cristal de safir \u0219i spate transparent \u00een\u0219urubat.<\/p>","protected":false},"excerpt":{"rendered":"<p>Acest model este o interpretare modern\u0103 a indica\u021biei clasice a fazei lunii \u00eentr-un design pur de cer de noapte. Mi\u0219carea se bazeaz\u0103 pe o mi\u0219care mecanic\u0103 cu \u00eenc\u0103rcare automat\u0103 frumos decorat\u0103. Ceasul afi\u0219eaz\u0103 fazele lunii, data, ziua s\u0103pt\u0103m\u00e2nii. Carcas\u0103 din o\u021bel inoxidabil cu cristal de safir \u0219i spate transparent \u00een\u0219urubat.<\/p>","protected":false},"featured_media":29316,"comment_status":"closed","ping_status":"open","template":"","meta":{"_acf_changed":false},"product_brand":[],"product_cat":[20,106,318],"product_tag":[],"class_list":{"0":"post-29315","1":"product","2":"type-product","3":"status-publish","4":"has-post-thumbnail","6":"product_cat-ceasuri-barbati","7":"product_cat-ceasuri-premium","8":"product_cat-epos","9":"pa_brand-epos","10":"pa_braslet-piele","11":"pa_corpus-41-mm","12":"pa_forma-rotund","13":"pa_funcii-data","14":"pa_funcii-fazele-lunii","15":"pa_funcii-luna-anului","16":"pa_funcii-ziua-saptamanii","17":"pa_garatia-6-luni","18":"pa_korpus-auriu","19":"pa_material-otel-inoxidabil","20":"pa_mehanizm-mecanic","21":"pa_mehanizm-mecanism-automatic","22":"pa_remeshok-negru","23":"pa_steklo-cristal-safir","24":"pa_strana-elvetia","25":"pa_voda-5-atm","27":"first","28":"instock","29":"sale","30":"purchasable","31":"product-type-simple"},"acf":[],"_links":{"self":[{"href":"https:\/\/ceasuri.md\/ru\/wp-json\/wp\/v2\/product\/29315","targetHints":{"allow":["GET"]}}],"collection":[{"href":"https:\/\/ceasuri.md\/ru\/wp-json\/wp\/v2\/product"}],"about":[{"href":"https:\/\/ceasuri.md\/ru\/wp-json\/wp\/v2\/types\/product"}],"replies":[{"embeddable":true,"href":"https:\/\/ceasuri.md\/ru\/wp-json\/wp\/v2\/comments?post=29315"}],"wp:featuredmedia":[{"embeddable":true,"href":"https:\/\/ceasuri.md\/ru\/wp-json\/wp\/v2\/media\/29316"}],"wp:attachment":[{"href":"https:\/\/ceasuri.md\/ru\/wp-json\/wp\/v2\/media?parent=29315"}],"wp:term":[{"taxonomy":"product_brand","embeddable":true,"href":"https:\/\/ceasuri.md\/ru\/wp-json\/wp\/v2\/product_brand?post=29315"},{"taxonomy":"product_cat","embeddable":true,"href":"https:\/\/ceasuri.md\/ru\/wp-json\/wp\/v2\/product_cat?post=29315"},{"taxonomy":"product_tag","embeddable":true,"href":"https:\/\/ceasuri.md\/ru\/wp-json\/wp\/v2\/product_tag?post=29315"}],"curies":[{"name":"wp","href":"https:\/\/api.w.org\/{rel}","templated":true}]}}