{"id":29310,"date":"2026-04-02T19:56:00","date_gmt":"2026-04-02T16:56:00","guid":{"rendered":"http:\/\/new.ceasuri.md\/shop\/uncategorized\/epos-sportive-3389-5sk-gb-b-s\/"},"modified":"2026-04-20T00:19:57","modified_gmt":"2026-04-19T21:19:57","slug":"epos-sportive-3389-5sk-gb-b-s","status":"publish","type":"product","link":"https:\/\/ceasuri.md\/ru\/shop\/branduri\/epos\/epos-sportive-3389-5sk-gb-b-s\/","title":{"rendered":"\u0427\u0430\u0441\u044b EPOS SPORTIVE 3389-5SK \/GB\/B\/S"},"content":{"rendered":"<p>Colec\u021bie sportiv\u0103 de modele func\u021bionale de ceasuri mecanice b\u0103rb\u0103te\u0219ti, cu \u00eentoarcere automat\u0103 \u0219i coroan\u0103 \u00een\u0219urubabil\u0103.<\/p>\n<p>Epos ofer\u0103 ceasuri mecanice de \u00eenalt\u0103 calitate, cu complica\u021bii, dar la un pre\u021b accesibil. Create cu pasiune \u0219i grij\u0103, \u00een conformitate cu mo\u0219tenirea tradi\u021bional\u0103 a orologeriei elve\u021biene, aceste ceasuri merit\u0103 pe deplin titlul de \u201eArt\u0103 a orologeriei\u201d.<\/p>\n<p>Epos este deosebit de m\u00e2ndru de propriile sale inova\u021bii. De exemplu, func\u021bii speciale precum data m\u0103rit\u0103, indicatorul rezervei de putere sau fazele Lunii au fost dezvoltate \u00een atelierul lui Jean Fillon \u0219i James Aubert. Crearea unor astfel de mecanisme complexe necesit\u0103 o m\u0103iestrie aparte, transform\u00e2nd fiecare ceas \u00eentr-o oper\u0103 de art\u0103.<\/p>","protected":false},"excerpt":{"rendered":"<p>Colec\u021bie sportiv\u0103 de modele func\u021bionale de ceasuri mecanice b\u0103rb\u0103te\u0219ti, cu \u00eentoarcere automat\u0103 \u0219i coroan\u0103 \u00een\u0219urubabil\u0103. Epos ofer\u0103 ceasuri mecanice de \u00eenalt\u0103 calitate, cu complica\u021bii, dar la un pre\u021b accesibil. Create cu pasiune \u0219i grij\u0103, \u00een conformitate cu mo\u0219tenirea tradi\u021bional\u0103 a orologeriei elve\u021biene, aceste ceasuri merit\u0103 pe deplin titlul de \u201eArt\u0103 a orologeriei\u201d. Epos este deosebit [&hellip;]<\/p>\n","protected":false},"featured_media":29311,"comment_status":"closed","ping_status":"open","template":"","meta":{"_acf_changed":false},"product_brand":[],"product_cat":[20,106,318],"product_tag":[],"class_list":{"0":"post-29310","1":"product","2":"type-product","3":"status-publish","4":"has-post-thumbnail","6":"product_cat-ceasuri-barbati","7":"product_cat-ceasuri-premium","8":"product_cat-epos","9":"pa_brand-epos","10":"pa_braslet-cauciuc","11":"pa_corpus-43-mm","12":"pa_forma-rotund","13":"pa_funcii-schelet","14":"pa_garatia-6-luni","15":"pa_korpus-auriu","16":"pa_material-otel-inoxidabil","17":"pa_mehanizm-mecanic","18":"pa_mehanizm-mecanism-automatic","19":"pa_remeshok-negru","20":"pa_steklo-cristal-safir","21":"pa_strana-elvetia","22":"pa_voda-10-atm","24":"first","25":"instock","26":"sale","27":"purchasable","28":"product-type-simple"},"acf":[],"_links":{"self":[{"href":"https:\/\/ceasuri.md\/ru\/wp-json\/wp\/v2\/product\/29310","targetHints":{"allow":["GET"]}}],"collection":[{"href":"https:\/\/ceasuri.md\/ru\/wp-json\/wp\/v2\/product"}],"about":[{"href":"https:\/\/ceasuri.md\/ru\/wp-json\/wp\/v2\/types\/product"}],"replies":[{"embeddable":true,"href":"https:\/\/ceasuri.md\/ru\/wp-json\/wp\/v2\/comments?post=29310"}],"wp:featuredmedia":[{"embeddable":true,"href":"https:\/\/ceasuri.md\/ru\/wp-json\/wp\/v2\/media\/29311"}],"wp:attachment":[{"href":"https:\/\/ceasuri.md\/ru\/wp-json\/wp\/v2\/media?parent=29310"}],"wp:term":[{"taxonomy":"product_brand","embeddable":true,"href":"https:\/\/ceasuri.md\/ru\/wp-json\/wp\/v2\/product_brand?post=29310"},{"taxonomy":"product_cat","embeddable":true,"href":"https:\/\/ceasuri.md\/ru\/wp-json\/wp\/v2\/product_cat?post=29310"},{"taxonomy":"product_tag","embeddable":true,"href":"https:\/\/ceasuri.md\/ru\/wp-json\/wp\/v2\/product_tag?post=29310"}],"curies":[{"name":"wp","href":"https:\/\/api.w.org\/{rel}","templated":true}]}}