{"id":29299,"date":"2026-04-02T19:56:00","date_gmt":"2026-04-02T16:56:00","guid":{"rendered":"http:\/\/new.ceasuri.md\/shop\/uncategorized\/epos-grande-date-verticale-3383-253\/"},"modified":"2026-04-17T13:23:58","modified_gmt":"2026-04-17T10:23:58","slug":"epos-grande-date-verticale-3383-253","status":"publish","type":"product","link":"https:\/\/ceasuri.md\/ru\/shop\/branduri\/epos\/epos-grande-date-verticale-3383-253\/","title":{"rendered":"Ceas EPOS GRANDE DATE VERTICALE 3383-253"},"content":{"rendered":"<p>Designul remarcabil \u0219i dezvoltarea mecanic\u0103 sofisticat\u0103 fac aceast\u0103 colec\u021bie unic\u0103.<\/p>\n<p>Fundul transparent al carcasei arat\u0103 o mi\u0219care de ceas minunat finisat\u0103 &#8211; o alt\u0103 capodoper\u0103 EPOS.<\/p>\n<p>O nou\u0103 inova\u021bie de cas\u0103 &#8211; o dat\u0103 mare cu afi\u0219aj vertical la ora 9 &#8211; este un tribut adus m\u0103iestriei orologiere tradi\u021bionale. Este construit\u0103 pe baza desenelor mi\u0219c\u0103rilor istorice de epoc\u0103 Venus S.A. \u0219i modificat\u0103 \u00een cele din urm\u0103 de Epos.<\/p>","protected":false},"excerpt":{"rendered":"<p>Designul remarcabil \u0219i dezvoltarea mecanic\u0103 sofisticat\u0103 fac aceast\u0103 colec\u021bie unic\u0103. Fundul transparent al carcasei arat\u0103 o mi\u0219care de ceas minunat finisat\u0103 &#8211; o alt\u0103 capodoper\u0103 EPOS. O nou\u0103 inova\u021bie de cas\u0103 &#8211; o dat\u0103 mare cu afi\u0219aj vertical la ora 9 &#8211; este un tribut adus m\u0103iestriei orologiere tradi\u021bionale. Este construit\u0103 pe baza desenelor mi\u0219c\u0103rilor [&hellip;]<\/p>\n","protected":false},"featured_media":29300,"comment_status":"closed","ping_status":"open","template":"","meta":{"_acf_changed":false},"product_brand":[],"product_cat":[20,106,318],"product_tag":[],"class_list":{"0":"post-29299","1":"product","2":"type-product","3":"status-publish","4":"has-post-thumbnail","6":"product_cat-ceasuri-barbati","7":"product_cat-ceasuri-premium","8":"product_cat-epos","9":"pa_brand-epos","10":"pa_braslet-piele","11":"pa_corpus-41-mm","12":"pa_forma-rotund","13":"pa_funcii-data","14":"pa_funcii-offset-second-hand","15":"pa_garatia-6-luni","16":"pa_korpus-argintiu","17":"pa_material-otel-inoxidabil","18":"pa_mehanizm-bobinaj-manual","19":"pa_mehanizm-mecanic","20":"pa_remeshok-negru","21":"pa_steklo-cristal-safir","22":"pa_strana-elvetia","23":"pa_voda-5-atm","25":"first","26":"instock","27":"sale","28":"purchasable","29":"product-type-simple"},"acf":[],"_links":{"self":[{"href":"https:\/\/ceasuri.md\/ru\/wp-json\/wp\/v2\/product\/29299","targetHints":{"allow":["GET"]}}],"collection":[{"href":"https:\/\/ceasuri.md\/ru\/wp-json\/wp\/v2\/product"}],"about":[{"href":"https:\/\/ceasuri.md\/ru\/wp-json\/wp\/v2\/types\/product"}],"replies":[{"embeddable":true,"href":"https:\/\/ceasuri.md\/ru\/wp-json\/wp\/v2\/comments?post=29299"}],"wp:featuredmedia":[{"embeddable":true,"href":"https:\/\/ceasuri.md\/ru\/wp-json\/wp\/v2\/media\/29300"}],"wp:attachment":[{"href":"https:\/\/ceasuri.md\/ru\/wp-json\/wp\/v2\/media?parent=29299"}],"wp:term":[{"taxonomy":"product_brand","embeddable":true,"href":"https:\/\/ceasuri.md\/ru\/wp-json\/wp\/v2\/product_brand?post=29299"},{"taxonomy":"product_cat","embeddable":true,"href":"https:\/\/ceasuri.md\/ru\/wp-json\/wp\/v2\/product_cat?post=29299"},{"taxonomy":"product_tag","embeddable":true,"href":"https:\/\/ceasuri.md\/ru\/wp-json\/wp\/v2\/product_tag?post=29299"}],"curies":[{"name":"wp","href":"https:\/\/api.w.org\/{rel}","templated":true}]}}