{"id":29243,"date":"2026-04-02T19:55:31","date_gmt":"2026-04-02T16:55:31","guid":{"rendered":"http:\/\/new.ceasuri.md\/shop\/uncategorized\/roamer-r-line-300903-49-55-01\/"},"modified":"2026-04-20T00:39:11","modified_gmt":"2026-04-19T21:39:11","slug":"roamer-r-line-300903-49-55-01","status":"publish","type":"product","link":"https:\/\/ceasuri.md\/ru\/shop\/branduri\/roamer\/roamer-r-line-300903-49-55-01\/","title":{"rendered":"\u0427\u0430\u0441\u044b ROAMER R-LINE 300903 49 55 01"},"content":{"rendered":"<p>Mi\u0219c\u0103rile elve\u021biene precise care ac\u021bioneaz\u0103 m\u00e2inile ceasurilor ROAMER sunt realizate cu o grij\u0103 f\u0103r\u0103 compromisuri, \u00een timp ce compozi\u021bia materialelor de lung\u0103 durat\u0103 alese cu mare aten\u021bie la detalii \u0219i formele armonioase exprim\u0103 rafinament \u0219i un caracter atemporal.<\/p>","protected":false},"excerpt":{"rendered":"<p>Mi\u0219c\u0103rile elve\u021biene precise care ac\u021bioneaz\u0103 m\u00e2inile ceasurilor ROAMER sunt realizate cu o grij\u0103 f\u0103r\u0103 compromisuri, \u00een timp ce compozi\u021bia materialelor de lung\u0103 durat\u0103 alese cu mare aten\u021bie la detalii \u0219i formele armonioase exprim\u0103 rafinament \u0219i un caracter atemporal.<\/p>","protected":false},"featured_media":29244,"comment_status":"closed","ping_status":"open","template":"","meta":{"_acf_changed":false},"product_brand":[],"product_cat":[20,316,23],"product_tag":[],"class_list":{"0":"post-29243","1":"product","2":"type-product","3":"status-publish","4":"has-post-thumbnail","6":"product_cat-ceasuri-barbati","7":"product_cat-roamer","8":"product_cat-sale-ceasuri-barbati","9":"pa_brand-roamer","10":"pa_braslet-piele","11":"pa_corpus-44-mm","12":"pa_forma-atipica","13":"pa_funcii-alarma","14":"pa_funcii-cronometru","15":"pa_funcii-data","16":"pa_funcii-dual-time","17":"pa_funcii-timp-mondial","18":"pa_garatia-6-luni","19":"pa_korpus-negru","20":"pa_kvarc-quartz","21":"pa_material-otel-inoxidabil","22":"pa_mehanizm-quartz","23":"pa_remeshok-maro","24":"pa_steklo-cristal-safir","25":"pa_strana-elvetia","26":"pa_voda-3-atm","28":"first","29":"instock","30":"sale","31":"purchasable","32":"product-type-simple"},"acf":[],"_links":{"self":[{"href":"https:\/\/ceasuri.md\/ru\/wp-json\/wp\/v2\/product\/29243","targetHints":{"allow":["GET"]}}],"collection":[{"href":"https:\/\/ceasuri.md\/ru\/wp-json\/wp\/v2\/product"}],"about":[{"href":"https:\/\/ceasuri.md\/ru\/wp-json\/wp\/v2\/types\/product"}],"replies":[{"embeddable":true,"href":"https:\/\/ceasuri.md\/ru\/wp-json\/wp\/v2\/comments?post=29243"}],"wp:featuredmedia":[{"embeddable":true,"href":"https:\/\/ceasuri.md\/ru\/wp-json\/wp\/v2\/media\/29244"}],"wp:attachment":[{"href":"https:\/\/ceasuri.md\/ru\/wp-json\/wp\/v2\/media?parent=29243"}],"wp:term":[{"taxonomy":"product_brand","embeddable":true,"href":"https:\/\/ceasuri.md\/ru\/wp-json\/wp\/v2\/product_brand?post=29243"},{"taxonomy":"product_cat","embeddable":true,"href":"https:\/\/ceasuri.md\/ru\/wp-json\/wp\/v2\/product_cat?post=29243"},{"taxonomy":"product_tag","embeddable":true,"href":"https:\/\/ceasuri.md\/ru\/wp-json\/wp\/v2\/product_tag?post=29243"}],"curies":[{"name":"wp","href":"https:\/\/api.w.org\/{rel}","templated":true}]}}